{"id":3194,"date":"2025-11-07T18:01:59","date_gmt":"2025-11-07T17:01:59","guid":{"rendered":"https:\/\/www.maga.gob.gt\/sitios\/visar\/?page_id=3194"},"modified":"2026-03-13T22:52:29","modified_gmt":"2026-03-13T21:52:29","slug":"gusano-barrenador-del-ganado-gbg","status":"publish","type":"page","link":"https:\/\/www.maga.gob.gt\/sitios\/visar\/gusano-barrenador-del-ganado-gbg\/","title":{"rendered":"Gusano Barrenador del Ganado GBG"},"content":{"rendered":"<p>[vc_row][vc_column][vc_custom_heading text=&#8221;Programa de Contenci\u00f3n, Control y la Erradicaci\u00f3n del Gusano Barrenador del Ganado (GBG) en la Rep\u00fablica de Guatemala&#8221; font_container=&#8221;tag:h2|text_align:center&#8221; google_fonts=&#8221;font_family:Abel%3Aregular|font_style:400%20regular%3A400%3Anormal&#8221;][vc_column_text]La miasis causada por el Gusano Barrenador del Ganado (GBG) <em><u>Cochliomyia hominivorax<\/u><\/em> es una de las enfermedades m\u00e1s da\u00f1inas de los animales y del hombre, representando un problema sanitario grave y provocando grandes p\u00e9rdidas econ\u00f3micas. Estas no s\u00f3lo son el resultado de la reducci\u00f3n directa de productividad ocasionada por la enfermedad y muerte de los animales, sino tambi\u00e9n por los gastos en mano de obra y compra de los insecticidas\/larvicidas necesarios para efectuar la prevenci\u00f3n y el tratamiento en las heridas susceptibles al ataque de la mosca del GBG y la inspecci\u00f3n diaria de los animales. En casi todos los pa\u00edses con presencia del GBG tambi\u00e9n es un serio problema de salud p\u00fablica.<\/p>\n<p>El Gusano Barrenador del Ganado se logr\u00f3 erradicar de Estados Unidos de Norteam\u00e9rica hasta Panam\u00e1 dejando una barrera permanente en el Tap\u00f3n del Dari\u00e9n, frontera con Colombia.<\/p>\n<p>En septiembre del a\u00f1o 2024, despu\u00e9s de 30 a\u00f1os de estar libre Guatemala de Gusano Barrenador del Ganado (mayo de 1994), se present\u00f3 un caso y ante el diagn\u00f3stico confirmativo de la presencia de \u00e9ste par\u00e1sito en el pa\u00eds, el Ministerio de Agricultura, Ganader\u00eda y Alimentaci\u00f3n declar\u00f3 estado de emergencia de sanidad animal en todo el territorio nacional a trav\u00e9s del Acuerdo Ministerial No. 147-2024; iniciando las actividades de vigilancia, contenci\u00f3n y control en el \u00e1rea norte del pa\u00eds.<\/p>\n<p>Derivado de la emergencia, de la necesidad de proteger la salud p\u00fablica, de la protecci\u00f3n del patrimonio nacional y de mantener las condiciones competitivas del pa\u00eds, se hace necesario crear y activar nuevamente un programa nacional para el control y erradicaci\u00f3n del Gusano Barrenador.<\/p>\n<p>Por ello, en junio de 2025 se crea el \u201cPrograma de contenci\u00f3n, control y erradicaci\u00f3n del Gusano Barrenador del Ganado (GBG) en la Rep\u00fablica de Guatemala\u201d a trav\u00e9s del Acuerdo Ministerial No. 89-2025.<\/p>\n<p>El Programa est\u00e1 bajo la dependencia directa del Viceministerio de Sanidad Agropecuaria y Regulaciones &#8211; VISAR del Ministerio de Agricultura Ganader\u00eda y Alimentaci\u00f3n &#8211; MAGA, con la cooperaci\u00f3n de USDA-APHIS, el Organismo Internacional Regional de Sanidad Agropecuaria (OIRSA) y el Instituro Interamericano de Cooperaci\u00f3n para la Agricultura (IICA), mediante la provisi\u00f3n de aportes econ\u00f3micos y asistencia t\u00e9cnica que fortalecen la respuesta de campo del Programa.<\/p>\n<p>As\u00ed mismo, se cuenta con la colaboraci\u00f3n de otros ministerios, instituciones y entidades como asociaciones ganaderas, CONAP, ARCAS, laboratorios oficiales, la Facultad de Medicina Veterinaria y Zootecnia, Colegio de M\u00e9dicos Veterinarios y Zootecnistas, otros colegios vinculados, productores pecuarios, propietarios de mascotas, as\u00ed como todas aquellas instituciones y organizaciones relacionadas con la producci\u00f3n y protecci\u00f3n de animales.[\/vc_column_text][\/vc_column][\/vc_row][vc_section][\/vc_section][vc_row][vc_column][vc_separator][\/vc_column][\/vc_row][vc_row][vc_column][vc_tta_accordion style=&#8221;flat&#8221; c_icon=&#8221;triangle&#8221; active_section=&#8221;&#8221; collapsible_all=&#8221;true&#8221;][vc_tta_section title=&#8221;Objetivos GBG&#8221; tab_id=&#8221;1729103044524-ac664c3d-318c&#8221;][vc_column_text]<\/p>\n<div class=\"wpb_text_column wpb_content_element cesis_text_transform_none \">\n<div class=\"wpb_wrapper\">\n<p align=\"justify\"><strong>Objeto<\/strong><\/p>\n<p>Contener, controlar y erradicar el Gusano Barrenador del Ganado (<em><u>Cochliomyia hominivorax<\/u><\/em>) de la Rep\u00fablica de Guatemala como una enfermedad reemergente.<\/p>\n<\/div>\n<\/div>\n<div class=\"wpb_text_column wpb_content_element cesis_text_transform_none \">\n<div class=\"wpb_wrapper\">\n<p><strong>Objetivo Estrat\u00e9gico<\/strong><\/p>\n<p>Implementar el programa para el desarrollo de medidas sanitarias tendientes a la protecci\u00f3n de la salud p\u00fablica, mantener y preservar la salud animal, asegurando la competitividad de la producci\u00f3n pecuaria nacional.<\/p>\n<\/div>\n<\/div>\n<div class=\"wpb_text_column wpb_content_element cesis_text_transform_none \">\n<div class=\"wpb_wrapper\">\n<p><strong>Objetivo General\u00a0<\/strong><\/p>\n<p>Prevenir, controlar y erradicar la miasis producida por el Gusano Barrenador del Ganado (GBG), mediante la aplicaci\u00f3n de medidas de vigilancia en campo (pasiva y activa), el diagn\u00f3stico de GBG en el laboratorio, contenci\u00f3n de la enfermedad, tratamiento de las miasis, control de la movilizaci\u00f3n de animales y capacitaci\u00f3n a los productores y p\u00fablico en general.<\/p>\n<\/div>\n<\/div>\n<p>[\/vc_column_text][\/vc_tta_section][\/vc_tta_accordion][vc_tta_accordion style=&#8221;flat&#8221; c_icon=&#8221;triangle&#8221; active_section=&#8221;&#8221; collapsible_all=&#8221;true&#8221;][vc_tta_section title=&#8221;Funciones&#8221; tab_id=&#8221;1747347173930-981f63d6-bbf9&#8243;][vc_column_text]<\/p>\n<ul>\n<li>Emitir las directrices para la correcta ejecuci\u00f3n del programa.<\/li>\n<li>Realizar la planificaci\u00f3n t\u00e9cnica del programa.<\/li>\n<li>Gestionar el apoyo de instituciones nacionales e internacionales, as\u00ed como los convenios de cooperaci\u00f3n con otros ministerios o entidades que sean necesarios para el cumplimento del objeto del programa.<\/li>\n<\/ul>\n<p>[\/vc_column_text][\/vc_tta_section][\/vc_tta_accordion][vc_tta_accordion style=&#8221;flat&#8221; c_icon=&#8221;triangle&#8221; active_section=&#8221;&#8221; collapsible_all=&#8221;true&#8221;][vc_tta_section title=&#8221;Base Legal&#8221; tab_id=&#8221;1749058987262-4cedbb09-1815&#8243;][vc_column_text]<strong>Base Legal<\/strong><\/p>\n<ul>\n<li>Acuerdo gubernativo No. <a href=\"https:\/\/apps.maga.gob.gt\/normativas\/Normativas\/Download\/415\">338-2010<\/a>. Reglamento org\u00e1nico interno del Ministerio de Agricultura, Ganader\u00eda y Alimentaci\u00f3n. \u00a0Art\u00edculo 14. Art\u00edculo 15 numeral 3.<\/li>\n<li>Decreto No. <a href=\"https:\/\/apps.maga.gob.gt\/normativas\/Normativas\/Download\/502\">36-98<\/a> Ley de Sanidad Vegetal y Animal<\/li>\n<li>Acuerdo Gubernativo No. <a href=\"https:\/\/apps.maga.gob.gt\/normativas\/Normativas\/Download\/454\">745-99<\/a> Reglamento de la Ley de Sanidad Vegetal y Animal<\/li>\n<li>Acuerdo Ministerial No. <a href=\"https:\/\/apps.maga.gob.gt\/normativas\/Normativas\/Download\/214\">495-2006<\/a> Disposiciones Zoosanitarias para la Declaraci\u00f3n Obligatoria de Enfermedades en Especies Animales<\/li>\n<li>Acuerdo Ministerial No. <a href=\"https:\/\/apps.maga.gob.gt\/normativas\/Normativas\/Download\/356\">444-2015<\/a> Aprobar el Programa Nacional de Sanidad Bovina &#8211; PROSABO<\/li>\n<li>Acuerdo Ministerial No. 147-2024 Declarar Estado de Emergencia de Sanidad Animal en todo el Territorio Nacional<\/li>\n<li>Acuerdo Ministerial No. 89-2025 Programa de Contenci\u00f3n, Control y Erradicaci\u00f3n del Gusano Barrenador del Ganado (GBG) en la Rep\u00fablica de Guatemala<\/li>\n<\/ul>\n<p>[\/vc_column_text][\/vc_tta_section][\/vc_tta_accordion][vc_tta_accordion style=&#8221;flat&#8221; c_icon=&#8221;triangle&#8221; active_section=&#8221;&#8221; collapsible_all=&#8221;true&#8221;][vc_tta_section title=&#8221;Documentos T\u00e9cnicos&#8221; tab_id=&#8221;1749056690088-1a7d559d-e54e&#8221;][vc_column_text font_color=&#8221;#dddddd&#8221;]<\/p>\n<ul>\n<li><a href=\"https:\/\/www.maga.gob.gt\/sitios\/visar\/wp-content\/uploads\/2026\/03\/Hoja-de-Ruta-GBG-Guatemala.pdf\">Hoja de Ruta GBG Guatemala<\/a><\/li>\n<li><a href=\"https:\/\/www.maga.gob.gt\/sitios\/visar\/wp-content\/uploads\/2026\/03\/Plan-GBG.pdf\">Plan GBG<\/a><\/li>\n<\/ul>\n<p>[\/vc_column_text][\/vc_tta_section][vc_tta_section title=&#8221;Productos Registrados para el Abordaje de GBG&#8221; tab_id=&#8221;1773431621860-b80d796a-a895&#8243;][vc_column_text]El Ministerio de Agricultura, Ganader\u00eda y Alimentaci\u00f3, a trav\u00e9s de la Direcci\u00f3n de Sanidad Animal y del departamento de <strong>Registro de Insumos para Uso en Animales (DRIPUA)<\/strong> , pone a disposici\u00f3n el listado oficial de productos veterinarios autorizados para la prevenci\u00f3n y tratamiento de la miasis causada por el <em>Cochliomyia hominivorax<\/em>.<\/p>\n<p>El tratamiento eficaz no solo consiste en eliminar la larva, sino en el uso responsable de estos medicamentos, que resulta crucial no solo para la recuperaci\u00f3n del animal, sino tambi\u00e9n para garantizar la inocuidad de los alimentos que llegan a las mesas de los guatemaltecos. En la siguiente tabla, encontrar\u00e1 informaci\u00f3n detallada sobre los principios activos y, de vital importancia, el <strong>Tiempo de Retiro<\/strong>.<\/p>\n<p><strong>\u00bfQu\u00e9 es el Tiempo de Retiro?<\/strong><\/p>\n<p>Es el per\u00edodo que debe transcurrir entre la \u00faltima aplicaci\u00f3n del medicamento y el sacrificio del animal para consumo humano, o el uso de su leche. Respetar este tiempo asegura que no existan residuos qu\u00edmicos en la carne o productos l\u00e1cteos, protegiendo as\u00ed la salud del consumidor.<\/p>\n<p><strong>Nota importante:<\/strong> Los tiempos de retiro pueden variar seg\u00fan la concentraci\u00f3n del principio activo y la v\u00eda de administraci\u00f3n. Siempre verifique la etiqueta del envase antes de aplicar.<\/p>\n<ul>\n<li><a href=\"https:\/\/www.maga.gob.gt\/sitios\/visar\/wp-content\/uploads\/2026\/03\/Productos-registrados-disponibles-para-el-abordaje-de-GBG.pdf\">Productos Registrados Disponibles para el Abordaje GBG<\/a><\/li>\n<\/ul>\n<p>[\/vc_column_text][\/vc_tta_section][vc_tta_section title=&#8221;Glosario&#8221; tab_id=&#8221;1773437255643-191575f2-4c52&#8243;][vc_column_text]A continuaci\u00f3n encontrar\u00e1 una serie de definiciones necesarias para el entendimiento de la enfermedad parasitasitaria ocasionada por la mosca del g\u00e9nero <em>Cochliomyia hominivorax <\/em>y sus larvas (gusanos) conocida como Gusano Barrenador del Ganado o Gusano Barrenador del Nuevo Mundo seg\u00fan la Organizaci\u00f3n Mundial de Sanidad Animal &#8211; OMSA<em>. <\/em><\/p>\n<p>&nbsp;<\/p>\n<p><strong>Caso sospechoso\/probable:<\/strong><\/p>\n<p>Todo animal vivo de sangre caliente, incluyendo el hombre, que tenga larvas (gusanos) en una herida.<\/p>\n<p>&nbsp;<\/p>\n<p><strong>Caso positivo: <\/strong><\/p>\n<p>Cuando se identifica la larva como perteneciente a la especie <em>Cochliomyia hominivorax<\/em>, en el laboratorio correspondiente.<\/p>\n<p>&nbsp;<\/p>\n<p><strong>Caso negativo: <\/strong><\/p>\n<p>Cuando se identifica la larva en el laboratorio correspondiente y no perteneciente a la especie <em>Cochliomyia hominivorax<\/em>.<\/p>\n<p>&nbsp;<\/p>\n<p><strong>Cicatrizante:<\/strong><\/p>\n<p>Sustancia, medicamento o producto (pomada, aceite, aerosol) que favorece, acelera y mejora el proceso natural de curaci\u00f3n de heridas y tejidos da\u00f1ados, facilitando el cierre de la piel.<\/p>\n<p>&nbsp;<\/p>\n<p><strong>Corral sanitario de inspecci\u00f3n:<\/strong><\/p>\n<p>Instalaci\u00f3n del ente oficial para prevenir enfermedades que permite realizar revisiones, muestreos y tratamientos; inmovilizando a los animales de forma segura.<\/p>\n<p><strong>\u00a0<\/strong><\/p>\n<p><strong>Cuarentena: <\/strong><\/p>\n<p>Medidas restrictivas en la movilizaci\u00f3n de animales vivos, productos, subproductos y\/o sus equipos cuando se sospeche la existencia de la enfermedad en uno o varios establecimientos pecuarios.<\/p>\n<p>&nbsp;<\/p>\n<p><strong>\u00a1<\/strong>El MAGA <strong>NO CUARENTENA<\/strong> ANIMALES NI ESTABLECIMIENTOS PECUARIOS <strong>POR GBG!<\/strong><\/p>\n<p>&nbsp;<\/p>\n<p><strong>Insecticida:<\/strong><\/p>\n<p>Sustancia qu\u00edmica o biol\u00f3gica dise\u00f1ada para matar insectos.<\/p>\n<p><strong>\u00a0<\/strong><\/p>\n<p><strong>Larvicida:<\/strong><\/p>\n<p>Sustancia qu\u00edmica o biol\u00f3gica dise\u00f1ada para matar las formas inmaduras (larvas y pupas) de los insectos que provocan o transmiten enfermedades.<\/p>\n<p><strong>\u00a0<\/strong><\/p>\n<p><strong>M\u00e9dico Veterinario Oficial: <\/strong><\/p>\n<p>Veterinario facultado por la Direcci\u00f3n de Sanidad Animal para realizar determinadas tareas que se le designan, relacionadas con la salud animal.<\/p>\n<p>&nbsp;<\/p>\n<p><strong>Miasis: <\/strong><\/p>\n<p>Es la infestaci\u00f3n parasitaria en animales vertebrados vivos, inclu\u00eddo el hombre, causada por diversas especies de larvas (gusanos) de moscas que se alimentan de sus tejidos vivos o muertos, o de su alimento digerido.<\/p>\n<p>&nbsp;<\/p>\n<p><strong>Notificaci\u00f3n: <\/strong><\/p>\n<p>Comunicaci\u00f3n formal verbal, escrita o electr\u00f3nica a las autoridades sanitarias competentes, sobre la sospecha o existencia de una miasis, se\u00f1alando los datos epidemiol\u00f3gicos relevantes en forma suficiente y necesaria para su identificaci\u00f3n, localizaci\u00f3n y atenci\u00f3n correspondiente.<\/p>\n<p>&nbsp;<\/p>\n<p><strong>Puesto de control:<\/strong><\/p>\n<p>Lugar del ente oficial donde se realiza un conjunto de actividades de verificaci\u00f3n, relacionadas a la prevenci\u00f3n y control de enfermedades, con el objetivo de proteger la sanidad de los animales contra la acci\u00f3n perjudicial de las plagas y enfermedades de importancia econ\u00f3mica y cuarentenaria, sin perjuicio para la salud humana y el ambiente durante la movilizaci\u00f3n de los mismos.<\/p>\n<p><strong>\u00a0<\/strong><\/p>\n<p><strong>Repelente:<\/strong><\/p>\n<p>Sustancia aplicada sobre la piel, pelaje, plumaje u otras superficies para ahuyentar insectos, permiti\u00e9ndoles regresar cuando el efecto del producto haya desaparecido.<\/p>\n<p><strong>\u00a0<\/strong><\/p>\n<p><strong>Toma de muestra:<\/strong><\/p>\n<p>Proceso por el que se recolecta un porci\u00f3n representativa de material biol\u00f3gico (huevos,\u00a0 larvas, moscas, sangre, heces, orina) para su posterior an\u00e1lisis, garantizando su integridad desde la obtenci\u00f3n hasta el laboratorio.<\/p>\n<p>&nbsp;<\/p>\n<p><strong>Tratamiento de herida:<\/strong><\/p>\n<p>Consisten en la limpieza y aplicaci\u00f3n de alg\u00fan medicamento cicatrizante\/repelente. Y en el caso que la herida cuente con una miasis (gusanera), aplicaci\u00f3n de larvicidad, extracci\u00f3n manual de larvas y aplicaci\u00f3n de larvicidas\/cicatrizantes (curabicheras) para eliminar <em>Cochliomyia hominivorax<\/em>.[\/vc_column_text][\/vc_tta_section][\/vc_tta_accordion][vc_tta_accordion style=&#8221;flat&#8221; c_icon=&#8221;triangle&#8221; active_section=&#8221;&#8221; collapsible_all=&#8221;true&#8221;][vc_tta_section title=&#8221;Material Divulgativo&#8221; tab_id=&#8221;1749056739845-f42f7874-d523&#8243;][vc_column_text][\/vc_column_text][\/vc_tta_section][\/vc_tta_accordion][vc_tta_accordion style=&#8221;flat&#8221; c_icon=&#8221;triangle&#8221; active_section=&#8221;&#8221; collapsible_all=&#8221;true&#8221;][vc_tta_section title=&#8221;Comunicaci\u00f3n y Educaci\u00f3n Sanitaria&#8221; tab_id=&#8221;1749058402011-b422e5d6-70ec&#8221;][vc_column_text]El Programa realiza actividades de comunicaci\u00f3n y educaci\u00f3n sanitaria con el objetivo de sensibilizar a la poblaci\u00f3n guatemalteca en el reconocimiento de heridas con GBG (larvas), en alertar a los servicios veterinarios y responder oportunamente ante la presencia de \u00e9ste par\u00e1sito en los animales susceptibles a padecer \u00e9sta enfermedad que afecta todo el territorio nacional.<\/p>\n<p>Adicionalmente,\u00a0 se imparten capacitaciones sobre el tratamiento de heridas, toma y env\u00edo de muestras al laboratorio y la epidemiologia de la enfermedad, vigilancia epidemiol\u00f3gica, medidas de bioseguridad en establecimientos pecuarios,\u00a0 entre otros.[\/vc_column_text][\/vc_tta_section][\/vc_tta_accordion][vc_tta_accordion style=&#8221;flat&#8221; c_icon=&#8221;triangle&#8221; active_section=&#8221;&#8221; collapsible_all=&#8221;true&#8221;][vc_tta_section title=&#8221;Capacitaci\u00f3n&#8221; tab_id=&#8221;1749058807928-93b63aff-4309&#8243;][vc_column_text]Consiste en la concientizaci\u00f3n sobre la enfermedad del Gusano Barrenador, se realiza mediante charlas a los m\u00e9dicos veterinarios, funcionarios del MAGA, productores y p\u00fablico en general. Misma que incluye charlas de capacitaci\u00f3n, boletines epidemiol\u00f3gicos, entrevistas en radio y est\u00e1 dirigido a productores, t\u00e9cnicos, estudiantes de veterinaria, la industria ganadera, personal de subastas o mataderos, transportistas donde se desarrollan los siguientes contenidos:<\/p>\n<p><strong><em>Capacitaci\u00f3n al personal:<\/em><\/strong> se recomienda realizar capacitaciones al personal del MAGA en temas asociados a la recolecci\u00f3n de muestras y sobre la enfermedad del gusano barrenador.<\/p>\n<p><strong><em>Capacitaci\u00f3n a ganaderos o encargados del cuido de los animales:<\/em><\/strong> en las visitas del personal de campo del programa a las fincas se da una educaci\u00f3n y capacitaci\u00f3n directa al productor o encargado de cuidar los animales. En ocasiones se organizar\u00e1n charlas educativas o d\u00edas de campo.<\/p>\n<p><strong><em>Capacitaci\u00f3n a encargados de establecimientos agropecuarios:<\/em><\/strong> tambi\u00e9n se visitan regularmente mataderos, subastas, veterinarias y centros agropecuarios, con el fin de educar al personal para que denuncien cualquier caso sospechoso.<\/p>\n<p><strong><em>Capacitaci\u00f3n a propietarios de mascotas:<\/em><\/strong> es delegado a la Unidad de Bienestar Animal del MAGA.<\/p>\n<p>Adem\u00e1s de las charlas impartidas, se realizan visitas a los establecimientos por parte de los T\u00e9cnicos y M\u00e9dicos Veterinarios de campo.<\/p>\n<p>En esta visita el personal realiza una encuesta a los ganaderos o encargados de las fincas con preguntas relacionadas con las gusaneras, adem\u00e1s se da una explicaci\u00f3n personalizada sobre la misma y se entregan panfletos, con la informaci\u00f3n b\u00e1sica del Programa, por ejemplo, los s\u00edntomas de las enfermedades que se vigilan, la importancia de denunciarlas y los tel\u00e9fonos donde pueden localizarnos.<\/p>\n<p>Adicionalmente se visitan farmacias veterinarias, subastas y mataderos, con la finalidad de que los m\u00e9dicos veterinarios privados puedan conocer y participar en el Programa de Vigilancia contacten a la Instituci\u00f3n ante cualquier sospecha de las enfermedades de inter\u00e9s.[\/vc_column_text][\/vc_tta_section][\/vc_tta_accordion][vc_tta_accordion style=&#8221;flat&#8221; c_icon=&#8221;triangle&#8221; active_section=&#8221;&#8221; collapsible_all=&#8221;true&#8221;][vc_tta_section title=&#8221;Cont\u00e1ctenos&#8221; tab_id=&#8221;1749058134493-05997fb1-abea&#8221;][vc_column_text][\/vc_column_text][\/vc_tta_section][\/vc_tta_accordion][\/vc_column][\/vc_row][vc_row][vc_column][\/vc_column][\/vc_row]<\/p>\n","protected":false},"excerpt":{"rendered":"<p>[vc_row][vc_column][vc_custom_heading text=&#8221;Programa de Contenci\u00f3n, Control y la Erradicaci\u00f3n del Gusano Barrenador del Ganado (GBG) en la Rep\u00fablica de Guatemala&#8221; font_container=&#8221;tag:h2|text_align:center&#8221; google_fonts=&#8221;font_family:Abel%3Aregular|font_style:400%20regular%3A400%3Anormal&#8221;][vc_column_text]La miasis causada por el Gusano Barrenador del Ganado (GBG) Cochliomyia hominivorax es una de las enfermedades m\u00e1s da\u00f1inas de los animales y del hombre, representando un problema sanitario grave y provocando grandes p\u00e9rdidas econ\u00f3micas. [&hellip;]<\/p>\n","protected":false},"author":3,"featured_media":0,"parent":0,"menu_order":0,"comment_status":"closed","ping_status":"closed","template":"","meta":{"footnotes":""},"class_list":["post-3194","page","type-page","status-publish","hentry"],"_links":{"self":[{"href":"https:\/\/www.maga.gob.gt\/sitios\/visar\/wp-json\/wp\/v2\/pages\/3194","targetHints":{"allow":["GET"]}}],"collection":[{"href":"https:\/\/www.maga.gob.gt\/sitios\/visar\/wp-json\/wp\/v2\/pages"}],"about":[{"href":"https:\/\/www.maga.gob.gt\/sitios\/visar\/wp-json\/wp\/v2\/types\/page"}],"author":[{"embeddable":true,"href":"https:\/\/www.maga.gob.gt\/sitios\/visar\/wp-json\/wp\/v2\/users\/3"}],"replies":[{"embeddable":true,"href":"https:\/\/www.maga.gob.gt\/sitios\/visar\/wp-json\/wp\/v2\/comments?post=3194"}],"version-history":[{"count":19,"href":"https:\/\/www.maga.gob.gt\/sitios\/visar\/wp-json\/wp\/v2\/pages\/3194\/revisions"}],"predecessor-version":[{"id":3752,"href":"https:\/\/www.maga.gob.gt\/sitios\/visar\/wp-json\/wp\/v2\/pages\/3194\/revisions\/3752"}],"wp:attachment":[{"href":"https:\/\/www.maga.gob.gt\/sitios\/visar\/wp-json\/wp\/v2\/media?parent=3194"}],"curies":[{"name":"wp","href":"https:\/\/api.w.org\/{rel}","templated":true}]}}