{"id":273,"date":"2024-05-03T20:06:39","date_gmt":"2024-05-03T18:06:39","guid":{"rendered":"https:\/\/www.maga.gob.gt\/sitios\/visar\/?page_id=273"},"modified":"2025-10-03T20:19:08","modified_gmt":"2025-10-03T18:19:08","slug":"dipesca","status":"publish","type":"page","link":"https:\/\/www.maga.gob.gt\/sitios\/visar\/dipesca\/","title":{"rendered":"DIPESCA"},"content":{"rendered":"<p>[vc_row][vc_column][vc_empty_space][vc_custom_heading text=&#8221;Direcci\u00f3n de Normatividad de la Pesca y Acuicultura (DIPESCA)&#8221; font_container=&#8221;tag:h2|text_align:center&#8221; google_fonts=&#8221;font_family:Abel%3Aregular|font_style:400%20regular%3A400%3Anormal&#8221;][vc_column_text]<strong>Atribuciones<\/strong><\/p>\n<ul>\n<li>\n<p align=\"justify\">Administrar los recursos hidrobiol\u00f3gicos nacionales, a trav\u00e9s de planes, estrategias, programas y acciones que permitan el aprovechamiento sostenible de los mismos, as\u00ed como vigilar la correcta administraci\u00f3n de las disposiciones normativas y legales en materia hidrobiol\u00f3gica.<\/p>\n<\/li>\n<li>Velar por el cumplimiento de la normativa legal pesquera y acu\u00edcola.<\/li>\n<li>Proponer a la entidad responsable, la normativa que permita el efectivo control sobre la explotaci\u00f3n sostenible de los recursos hidrobiol\u00f3gicos.<\/li>\n<li>Implementar las pol\u00edticas y estrategias que defina el Ministerio en materia de hidrobiol\u00f3gicos. Establecer y mantener actualizados los registros y controles sobre la actividad y los recursos hidrobiol\u00f3gicos mar\u00edtimos y continentales.<\/li>\n<li>Evaluar, considerar y dictaminar sobre la procedencia de otorgar, denegar, cancelar y prorrogar las licencias para el aprovechamiento sostenible de los recursos hidrobiol\u00f3gicos<\/li>\n<li>Acreditar a personas individuales o jur\u00eddicas expertas en la materia para proveer los servicios que el Ministerio establezca que puedan ser prestados por terceras personas, as\u00ed como para la realizaci\u00f3n de los estudios necesarios sobre protecci\u00f3n, uso, manejo y aprovechamiento sostenible de los recursos hidrobiol\u00f3gicos.<\/li>\n<li>Emitir las certificaciones relativas a la acuicultura y pesca.<\/li>\n<li>Atender y resolver los tr\u00e1mites y procedimientos pertinentes a la emisi\u00f3n de permisos de pesca. Convocar al sector pesquero y acu\u00edcola para tratar asuntos relacionados con el uso, aprovechamiento y manejo de los recursos hidrobiol\u00f3gicos.<\/li>\n<li>Atender los procedimientos administrativos de imposici\u00f3n de multas y sanciones, derivados de la contravenci\u00f3n a las disposiciones pesqueras y acu\u00edcolas.<\/li>\n<\/ul>\n<p>[\/vc_column_text][vc_column_text]<strong>Departamentos<\/strong><\/p>\n<p>&nbsp;<\/p>\n<ul>\n<li>Pesca Continental<\/li>\n<li>Pesca Mar\u00edtima<\/li>\n<\/ul>\n<p><a href=\"https:\/\/www.maga.gob.gt\/sitios\/visar\/wp-content\/uploads\/2025\/10\/FPesca-ComerciaL.pdf\"><strong>Formulario Oficial para Solicitud de Concesi\u00f3n de Pesca\u00a0<\/strong><\/a>[\/vc_column_text][vc_column_text]<strong>Acuerdo sobre el Programa para la Conservaci\u00f3n de los Delfines -APICD-<\/strong><\/p>\n<p>Panfleto Informativo<\/p>\n<ul>\n<li>\n<div align=\"justify\"><a title=\"\" href=\"http:\/\/www.iattc.org\/PDFFiles2\/AIDCP-Informational-pamphlet-ENG.pdf\" target=\"_blank\" rel=\"noopener\">Ingl\u00e9s<\/a><\/div>\n<\/li>\n<li>\n<div align=\"justify\"><a title=\"\" href=\"http:\/\/www.iattc.org\/PDFFiles2\/AIDCP-folleto-informativoSPN.pdf\" target=\"_blank\" rel=\"noopener\">Espa\u00f1ol<\/a><\/div>\n<\/li>\n<\/ul>\n<p>M\u00f3dulo Educativo<\/p>\n<ul>\n<li>\n<div align=\"justify\"><a title=\"\" href=\"http:\/\/www.iattc.org\/PDFFiles2\/AIDCP\/edicatonal-module-on-the-AIDCP-ENG.pdf\" target=\"_blank\" rel=\"noopener\">Ingl\u00e9s<\/a><\/div>\n<\/li>\n<li><a title=\"\" href=\"http:\/\/www.iattc.org\/PDFFiles2\/AIDCP\/Modulo-educacional-sobre-el-APICD-SPN.pdf\" target=\"_blank\" rel=\"noopener\">Espa\u00f1ol<\/a><\/li>\n<\/ul>\n<p>Video Promocional<\/p>\n<ul>\n<li>\n<div align=\"justify\"><a title=\"\" href=\"http:\/\/www.iattc.org\/AIDCPvideo\/\" target=\"_blank\" rel=\"noopener\">Video<\/a><\/div>\n<\/li>\n<\/ul>\n<p>[\/vc_column_text][vc_column_text]<strong>Cont\u00e1ctenos<\/strong><\/p>\n<div align=\"justify\"><\/div>\n<div align=\"justify\">\n<ul>\n<li>\n<div align=\"justify\">Km 22 Carretera al Pac\u00edfico,\u00a0\u00a0Edificio La Ceiba, B\u00e1rcena,\u00a0 Villa Nueva.<\/div>\n<\/li>\n<li>Tel\u00e9fono: (502) 66409300<\/li>\n<\/ul>\n<\/div>\n<p>[\/vc_column_text][\/vc_column][\/vc_row][vc_row][vc_column][vc_custom_heading text=&#8221;Legislaci\u00f3n Pesquera&#8221; font_container=&#8221;tag:h2|text_align:center&#8221; google_fonts=&#8221;font_family:Abel%3Aregular|font_style:400%20regular%3A400%3Anormal&#8221;][vc_column_text]<strong>Acuerdos y Convenios Internacionales<\/strong><\/p>\n<ul>\n<li>Acuerdo sobre el programa internacional para la conservaci\u00f3n de los delfines \u2013\u00a0<a title=\"\" href=\"https:\/\/www.maga.gob.gt\/wp-content\/uploads\/pdf\/dipesca\/internacionales\/apicd-enmendado-junio-2009.pdf\" target=\"_blank\" rel=\"noopener\">Descargar<\/a><\/li>\n<li>C\u00f3digo de Conducta para la pesca responsable, FAO \u2013\u00a0<a title=\"\" href=\"https:\/\/www.maga.gob.gt\/wp-content\/uploads\/pdf\/dipesca\/internacionales\/codigo_de_conducta_para_la_pesca_responsable_fao.pdf\" target=\"_blank\" rel=\"noopener\">Descargar<\/a><\/li>\n<li>Convenci\u00f3n de las Naciones Unidas\u00a0sobre el Derecho del Mar \u2013\u00a0<a title=\"\" href=\"https:\/\/www.maga.gob.gt\/wp-content\/uploads\/pdf\/dipesca\/internacionales\/convencion_onu_derecho_del_mar.pdf\" target=\"_blank\" rel=\"noopener\">Descargar<\/a><\/li>\n<li><a title=\"\" href=\"https:\/\/www.maga.gob.gt\/wp-content\/uploads\/pdf\/dipesca\/internacionales\/instrumento_ratificacion_convencion_de_antigua.pdf\" target=\"_blank\" rel=\"noopener\">Convenci\u00f3n de Antigua<\/a><\/li>\n<li><a title=\"\" href=\"https:\/\/www.maga.gob.gt\/wp-content\/uploads\/pdf\/dipesca\/internacionales\/apicd_instrumento_de_adhesion_convenio_0121.pdf\" target=\"_blank\" rel=\"noopener\">Convenio 0121<\/a><\/li>\n<li><a title=\"\" href=\"https:\/\/www.maga.gob.gt\/wp-content\/uploads\/pdf\/dipesca\/internacionales\/convenio_0431.pdf\" target=\"_blank\" rel=\"noopener\">Convenio 0431<\/a><\/li>\n<li><a title=\"\" href=\"https:\/\/www.maga.gob.gt\/wp-content\/uploads\/pdf\/dipesca\/internacionales\/convenio_0720.pdf\" target=\"_blank\" rel=\"noopener\">Convenio 0720<\/a><\/li>\n<li>Convenio internacional para la conservaci\u00f3n del At\u00fan del Atl\u00e1ntico \u2013\u00a0<a title=\"\" href=\"https:\/\/www.maga.gob.gt\/wp-content\/uploads\/pdf\/dipesca\/internacionales\/convenio_internacional_para_la_conservacion_del_atun_del_atlantico.pdf\" target=\"_blank\" rel=\"noopener\">Descargar<\/a><\/li>\n<li><a title=\"\" href=\"https:\/\/www.maga.gob.gt\/wp-content\/uploads\/pdf\/dipesca\/internacionales\/decreto_61-2007_aprobacion_del_congreso_de_la_convencion_de_antigua.pdf\" target=\"_blank\" rel=\"noopener\">Decreto 61-2007<\/a><\/li>\n<li><a title=\"\" href=\"https:\/\/www.maga.gob.gt\/wp-content\/uploads\/pdf\/dipesca\/internacionales\/decreto_61_2005-convencion_internacional_reglamentacion_caza_de_ballenas_dec.pdf\" target=\"_blank\" rel=\"noopener\">Decreto 61-2005<\/a><\/li>\n<\/ul>\n<p>[\/vc_column_text][vc_column_text]<strong>Legislaci\u00f3n Nacional<\/strong><\/p>\n<ul>\n<li>Acuerdo Gubernativo\u00a0<a title=\"\" href=\"https:\/\/www.maga.gob.gt\/wp-content\/uploads\/pdf\/dipesca\/nacional\/acuerdo_gubernativo_22-2013.pdf\" target=\"_blank\" rel=\"noopener\">22-2013<\/a><\/li>\n<li>Acuerdo Gubernativo\u00a0<a title=\"\" href=\"https:\/\/www.maga.gob.gt\/wp-content\/uploads\/pdf\/dipesca\/nacional\/acuerdo_gubernativo_328-2009.pdf\" target=\"_blank\" rel=\"noopener\">328-2009<\/a><\/li>\n<li>Acuerdo Gubernativo\u00a0<a title=\"\" href=\"https:\/\/www.maga.gob.gt\/wp-content\/uploads\/pdf\/dipesca\/nacional\/acuerdo_gubernativo_338-2010.pdf\" target=\"_blank\" rel=\"noopener\">338-2010<\/a><\/li>\n<li>Acuerdo Ministerial\u00a0<a title=\"\" href=\"https:\/\/www.maga.gob.gt\/wp-content\/uploads\/pdf\/dipesca\/nacional\/acuerdo_ministerial_0600-2002.pdf\" target=\"_blank\" rel=\"noopener\">0600-2002<\/a><\/li>\n<li>Acuerdo Ministerial\u00a0<a title=\"\" href=\"https:\/\/www.maga.gob.gt\/wp-content\/uploads\/pdf\/dipesca\/nacional\/acuerdo_ministerial_16-2013.pdf\" target=\"_blank\" rel=\"noopener\">16-2013<\/a><\/li>\n<li>Acuerdo Ministerial\u00a0<a title=\"\" href=\"https:\/\/www.maga.gob.gt\/wp-content\/uploads\/pdf\/dipesca\/nacional\/acuerdo_ministerial_22-2013.pdf\" target=\"_blank\" rel=\"noopener\">22-2013<\/a><\/li>\n<li>Acuerdo Ministerial\u00a0<a title=\"\" href=\"https:\/\/www.maga.gob.gt\/wp-content\/uploads\/pdf\/dipesca\/nacional\/acuerdo_ministerial_33-2013.pdf\" target=\"_blank\" rel=\"noopener\">33-2013<\/a><\/li>\n<li>Acuerdo Ministerial\u00a0<a title=\"\" href=\"https:\/\/www.maga.gob.gt\/wp-content\/uploads\/pdf\/dipesca\/nacional\/acuerdo_ministerial_50-2013.pdf\" target=\"_blank\" rel=\"noopener\">50-2013<\/a><\/li>\n<li>Acuerdo Ministerial\u00a0<a title=\"\" href=\"https:\/\/www.maga.gob.gt\/wp-content\/uploads\/pdf\/dipesca\/nacional\/acuerdo_ministerial_74-2013.pdf\" target=\"_blank\" rel=\"noopener\">74-2013<\/a><\/li>\n<li>Acuerdo Ministerial\u00a0<a title=\"\" href=\"https:\/\/www.maga.gob.gt\/wp-content\/uploads\/pdf\/dipesca\/nacional\/acuerdo_ministerial_84-2012.pdf\" target=\"_blank\" rel=\"noopener\">84-2012<\/a><\/li>\n<li>Acuerdo Ministerial\u00a0<a title=\"\" href=\"https:\/\/www.maga.gob.gt\/wp-content\/uploads\/pdf\/dipesca\/nacional\/acuerdo_ministerial_108-2012.pdf\" target=\"_blank\" rel=\"noopener\">108-2012<\/a><\/li>\n<li>Acuerdo Ministerial\u00a0<a title=\"\" href=\"https:\/\/www.maga.gob.gt\/wp-content\/uploads\/pdf\/dipesca\/nacional\/acuerdo_ministerial_197-2011.pdf\" target=\"_blank\" rel=\"noopener\">197-2011<\/a><\/li>\n<li>Acuerdo Ministerial\u00a0<a title=\"\" href=\"https:\/\/www.maga.gob.gt\/wp-content\/uploads\/pdf\/dipesca\/nacional\/acuerdo_ministerial_198-2012.pdf\" target=\"_blank\" rel=\"noopener\">198-2012<\/a><\/li>\n<li>Acuerdo Ministerial\u00a0<a title=\"\" href=\"https:\/\/www.maga.gob.gt\/wp-content\/uploads\/pdf\/dipesca\/nacional\/acuerdo_ministerial_339-2013.pdf\" target=\"_blank\" rel=\"noopener\">339-2013<\/a><\/li>\n<li>Acuerdo Ministerial\u00a0<a title=\"\" href=\"https:\/\/www.maga.gob.gt\/wp-content\/uploads\/pdf\/dipesca\/nacional\/acuerdo_ministerial_655-2007.pdf\" target=\"_blank\" rel=\"noopener\">655-2007<\/a><\/li>\n<li>Ley general de pesca y acuicultura, y su reglamento \u2013\u00a0<a title=\"\" href=\"https:\/\/www.maga.gob.gt\/wp-content\/uploads\/pdf\/dipesca\/nacional\/ley_general_de_pesca_y_acuicultura.pdf\" target=\"_blank\" rel=\"noopener\">Descargar<\/a><\/li>\n<li>Pol\u00edtica para el Desarrollo de los Recursos Hidrobiol\u00f3gicos \u2013\u00a0<a title=\"\" href=\"https:\/\/www.maga.gob.gt\/wp-content\/uploads\/pdf\/dipesca\/nacional\/politica_de_desarrollo_hidrobiologicos.pdf\" target=\"_blank\" rel=\"noopener\">Descargar<\/a><\/li>\n<\/ul>\n<p>[\/vc_column_text][vc_column_text]<strong>Legislaci\u00f3n Regional<\/strong><\/p>\n<ul>\n<li>Acuerdo Ministerial\u00a0<a title=\"\" href=\"https:\/\/www.maga.gob.gt\/wp-content\/uploads\/pdf\/dipesca\/regional\/acuerdo_ministerial_0054-2010.pdf\" target=\"_blank\" rel=\"noopener\">0054-2010<\/a><\/li>\n<li>Acuerdo Ministerial\u00a0<a title=\"\" href=\"https:\/\/www.maga.gob.gt\/wp-content\/uploads\/pdf\/dipesca\/regional\/acuerdo_ministerial_04-2011.pdf\" target=\"_blank\" rel=\"noopener\">04-2011<\/a><\/li>\n<li>Acuerdo Ministerial\u00a0<a title=\"\" href=\"https:\/\/www.maga.gob.gt\/wp-content\/uploads\/pdf\/dipesca\/regional\/acuerdo_ministerial_05-2011.pdf\" target=\"_blank\" rel=\"noopener\">05-2011<\/a><\/li>\n<li>Acuerdo Ministerial\u00a0<a title=\"\" href=\"https:\/\/www.maga.gob.gt\/wp-content\/uploads\/pdf\/dipesca\/regional\/acuerdo_ministerial_197-2011.pdf\" target=\"_blank\" rel=\"noopener\">197-2011<\/a><\/li>\n<li>Acuerdo Ministerial\u00a0<a title=\"\" href=\"https:\/\/www.maga.gob.gt\/wp-content\/uploads\/pdf\/dipesca\/regional\/acuerdo_ministerial_220-2011.pdf\" target=\"_blank\" rel=\"noopener\">220-2011<\/a><\/li>\n<li>Adenta al Reglamento\u00a0<a title=\"\" href=\"https:\/\/www.maga.gob.gt\/wp-content\/uploads\/pdf\/dipesca\/regional\/adenda_osp_02_reglamento_langosta.pdf\" target=\"_blank\" rel=\"noopener\">OSP-02-09\u00a0<\/a><\/li>\n<li>Carta de Organizaci\u00f3n de Estados Centro Americanos ODECA \u2013\u00a0<a href=\"https:\/\/visar.maga.gob.gt\/carta_de_la_organizacion_de_estados_centroamercianos_odeca.zip\">Descargar<\/a><\/li>\n<li>Pol\u00edtica de Integraci\u00f3n de la Pesca y Acuicultura en el Istmo Centroamericano \u2013\u00a0<a title=\"\" href=\"https:\/\/www.maga.gob.gt\/wp-content\/uploads\/pdf\/dipesca\/regional\/politica_de__integracion_de_pesca_y_acuicultura_en_el_istmo_centroamericano.pdf\" target=\"_blank\" rel=\"noopener\">Descargar<\/a><\/li>\n<li>Reglamento Regional OSP-05-11<\/li>\n<li>Resoluci\u00f3n y Reglamento\u00a0<a title=\"\" href=\"https:\/\/www.maga.gob.gt\/wp-content\/uploads\/pdf\/dipesca\/regional\/resolucion_y_reglamento_uno.pdf\" target=\"_blank\" rel=\"noopener\">uno<\/a><\/li>\n<li>Resoluci\u00f3n y Reglamento\u00a0<a title=\"\" href=\"https:\/\/www.maga.gob.gt\/wp-content\/uploads\/pdf\/dipesca\/regional\/resolucion_y_reglamento_dos.pdf\" target=\"_blank\" rel=\"noopener\">dos<\/a><\/li>\n<li>Resoluci\u00f3n y Reglamento\u00a0<a title=\"\" href=\"https:\/\/www.maga.gob.gt\/wp-content\/uploads\/pdf\/dipesca\/regional\/resolucion_y_reglamento_tres.pdf\" target=\"_blank\" rel=\"noopener\">tres<\/a><\/li>\n<li>Resoluci\u00f3n y Reglamento\u00a0<a title=\"\" href=\"https:\/\/www.maga.gob.gt\/wp-content\/uploads\/pdf\/dipesca\/regional\/resolucion_y_reglamento_cuatro.pdf\" target=\"_blank\" rel=\"noopener\">cuatro<\/a><\/li>\n<li>Resoluci\u00f3n y Reglamento\u00a0<a title=\"\" href=\"https:\/\/www.maga.gob.gt\/wp-content\/uploads\/pdf\/dipesca\/regional\/resolucion_y_reglamento_cinco.pdf\" target=\"_blank\" rel=\"noopener\">cinco<\/a><\/li>\n<li>Resoluci\u00f3n y Reglamento\u00a0<a title=\"\" href=\"https:\/\/www.maga.gob.gt\/wp-content\/uploads\/pdf\/dipesca\/regional\/resolucion_y_reglamento_seis.pdf\" target=\"_blank\" rel=\"noopener\">seis<\/a><\/li>\n<li>Resoluci\u00f3n y Reglamento\u00a0<a title=\"\" href=\"https:\/\/www.maga.gob.gt\/wp-content\/uploads\/pdf\/dipesca\/regional\/resolucion_y_reglamento_ocho.pdf\" target=\"_blank\" rel=\"noopener\">ocho<\/a><\/li>\n<\/ul>\n<p>[\/vc_column_text][\/vc_column][\/vc_row]<\/p>\n","protected":false},"excerpt":{"rendered":"<p>[vc_row][vc_column][vc_empty_space][vc_custom_heading text=&#8221;Direcci\u00f3n de Normatividad de la Pesca y Acuicultura (DIPESCA)&#8221; font_container=&#8221;tag:h2|text_align:center&#8221; google_fonts=&#8221;font_family:Abel%3Aregular|font_style:400%20regular%3A400%3Anormal&#8221;][vc_column_text]Atribuciones Administrar los recursos hidrobiol\u00f3gicos nacionales, a trav\u00e9s de planes, estrategias, programas y acciones que permitan el aprovechamiento sostenible de los mismos, as\u00ed como vigilar la correcta administraci\u00f3n de las disposiciones normativas y legales en materia hidrobiol\u00f3gica. Velar por el cumplimiento de la normativa [&hellip;]<\/p>\n","protected":false},"author":2,"featured_media":0,"parent":0,"menu_order":0,"comment_status":"closed","ping_status":"closed","template":"","meta":{"footnotes":""},"class_list":["post-273","page","type-page","status-publish","hentry"],"_links":{"self":[{"href":"https:\/\/www.maga.gob.gt\/sitios\/visar\/wp-json\/wp\/v2\/pages\/273","targetHints":{"allow":["GET"]}}],"collection":[{"href":"https:\/\/www.maga.gob.gt\/sitios\/visar\/wp-json\/wp\/v2\/pages"}],"about":[{"href":"https:\/\/www.maga.gob.gt\/sitios\/visar\/wp-json\/wp\/v2\/types\/page"}],"author":[{"embeddable":true,"href":"https:\/\/www.maga.gob.gt\/sitios\/visar\/wp-json\/wp\/v2\/users\/2"}],"replies":[{"embeddable":true,"href":"https:\/\/www.maga.gob.gt\/sitios\/visar\/wp-json\/wp\/v2\/comments?post=273"}],"version-history":[{"count":4,"href":"https:\/\/www.maga.gob.gt\/sitios\/visar\/wp-json\/wp\/v2\/pages\/273\/revisions"}],"predecessor-version":[{"id":2999,"href":"https:\/\/www.maga.gob.gt\/sitios\/visar\/wp-json\/wp\/v2\/pages\/273\/revisions\/2999"}],"wp:attachment":[{"href":"https:\/\/www.maga.gob.gt\/sitios\/visar\/wp-json\/wp\/v2\/media?parent=273"}],"curies":[{"name":"wp","href":"https:\/\/api.w.org\/{rel}","templated":true}]}}