{"id":271,"date":"2024-05-03T19:47:58","date_gmt":"2024-05-03T17:47:58","guid":{"rendered":"https:\/\/www.maga.gob.gt\/sitios\/visar\/?page_id=271"},"modified":"2025-08-12T18:13:36","modified_gmt":"2025-08-12T16:13:36","slug":"departamento-de-agricultura-organica-y-recursos-nativos","status":"publish","type":"page","link":"https:\/\/www.maga.gob.gt\/sitios\/visar\/departamento-de-agricultura-organica-y-recursos-nativos\/","title":{"rendered":"Departamento de Agricultura Org\u00e1nica y Recursos Nativos"},"content":{"rendered":"<p>[vc_row][vc_column][vc_empty_space][vc_custom_heading text=&#8221;Departamento de Agricultura Org\u00e1nica y Recursos Nativos&#8221; font_container=&#8221;tag:h2|text_align:center&#8221; google_fonts=&#8221;font_family:Abel%3Aregular|font_style:400%20regular%3A400%3Anormal&#8221;][vc_column_text]<\/p>\n<p align=\"justify\"><strong>MISI\u00d3N<\/strong><\/p>\n<p align=\"justify\">\u201cBrindar servicios de inspecci\u00f3n y de registro a los productores org\u00e1nicos, con confiabilidad, credibilidad, transparencia, equidad y \u00e9tica profesional, contribuyendo en la calidad e inocuidad de los alimentos para consumo humano prevalenciendo la protecci\u00f3n, conservaci\u00f3n, sostenibilidad del medio ambiente, la salud y los recursos fitogen\u00e9ticos y nativos para el desarrollo del pa\u00eds\u201d.<\/p>\n<p>[\/vc_column_text][vc_column_text]<\/p>\n<p align=\"justify\"><strong>VISI\u00d3N<\/strong><\/p>\n<p align=\"justify\">Ser la entidad oficial, reconocida nacional e internacionalmente como la oficina acreditada en el \u00e1mbito de vigilancia y registros de operadores org\u00e1nicos, buscando la conservaci\u00f3n y sostenibilidad de los recursos fitogen\u00e9ticos y nativos, mediante la aplicaci\u00f3n de normas y acciones e promuevan el desarrollo agropecuario y la seguridad alimentaria del pa\u00eds.<\/p>\n<p>[\/vc_column_text][vc_column_text]<\/p>\n<p align=\"justify\"><strong>Objetivo General<\/strong><\/p>\n<p align=\"justify\">Velar por la integridad de la Agricultura Org\u00e1nica en Guatemala y promoverla como una alternativa de producci\u00f3n sustentable y sostenible, conservando y promoviendo los recursos fitogen\u00e9ticos y nativos del pa\u00eds por medio de normas que regulan la producci\u00f3n, transformaci\u00f3n y comercializaci\u00f3n de los productos.<\/p>\n<p>[\/vc_column_text][vc_column_text]<\/p>\n<p align=\"justify\"><strong>Objetivos Espec\u00edficos<\/strong><\/p>\n<p align=\"justify\">Coordinar, establecer, facilitar, supervisar y vigilar el cumplimiento de normas y procedimientos t\u00e9cnico-jur\u00eddico para el registro de los operadores org\u00e1nicos que funcionen dentro del territorio nacional.<\/p>\n<ul>\n<li>Realizar auditor\u00edas supervisiones t\u00e9cnicas para velar por el cumplimiento del Reglamento Regional de Producci\u00f3n Org\u00e1nica para Centroam\u00e9rica, Panam\u00e1 y Rep\u00fablica Dominicana como oficina de control a los operadores org\u00e1nicos que funcionen dentro del territorio nacional.<\/li>\n<li>Fungir como secretar\u00eda t\u00e9cnica de la Comisi\u00f3n Nacional de Agricultura Ecol\u00f3gica CNAE seg\u00fan mandato del Acuerdo Ministerial No. 652-2007.<\/li>\n<li>Coordinar las diferentes acciones relacionadas con la conservaci\u00f3n y uso sostenible de los Recursos Fitogen\u00e9ticos y nativos en el pa\u00eds, facilitando la participaci\u00f3n y cooperaci\u00f3n entre los diferentes entes involucrados.<\/li>\n<li>Fomentar e incentivar la conservaci\u00f3n, protecci\u00f3n y desarrollo de los recursos fitogen\u00e9ticos y nativos por medio de la propuesta de un marco regulatorio adecuado.<\/li>\n<li>Registro, supervisiones e inspecciones de Operadores (productores, procesadores, comercializadores e importadores) de productos org\u00e1nicos.<\/li>\n<li>Auditor\u00eda, supervisiones y registro para las Agencias de Certificaci\u00f3n sobre la producci\u00f3n org\u00e1nica.<\/li>\n<li>Control y Vigilancia de procesos de Agricultura Org\u00e1nica, aplicando la normativa nacional vigente.<\/li>\n<li>Capacitaci\u00f3n a operadores org\u00e1nicos sobre la aplicaci\u00f3n del Reglamento Regional de Producci\u00f3n Org\u00e1nica para centroam\u00e9rica, Panam\u00e1 y Rep\u00fablica Dominicana.<\/li>\n<li>Acompa\u00f1amiento para la creaci\u00f3n, consolidaci\u00f3n y fortalecimiento de grupos de productos org\u00e1nicos y nativos del pa\u00eds.<\/li>\n<li>Asesor\u00eda para la creaci\u00f3n, consolidaci\u00f3n y fortalecimiento de grupos de productores de Agricultura Org\u00e1nica.<\/li>\n<li>Velar por la protecci\u00f3n, preservaci\u00f3n, conservaci\u00f3n y utilizaci\u00f3n sostenible de los recursos fitogen\u00e9ticos y nativos del pa\u00eds.<\/li>\n<li>Promover estudios e inventarios, conservaci\u00f3n y valoraci\u00f3n de los Recursos Fitogen\u00e9ticos del pa\u00eds.<\/li>\n<li>Mantener un sistema de informaci\u00f3n estrat\u00e9gica actualizada sobre los Recursos Fitogen\u00e9ticos y Nativos del pa\u00eds.<\/li>\n<\/ul>\n<p>[\/vc_column_text][vc_column_text]<\/p>\n<p align=\"justify\"><strong>Documentos T\u00e9cnicos<\/strong><\/p>\n<p>Documentos V Convenci\u00f3n de Agricultura Org\u00e1nica<\/p>\n<ul>\n<li>\n<div align=\"justify\"><a href=\"https:\/\/www.maga.gob.gt\/sitios\/visar\/wp-content\/uploads\/2025\/08\/procesosao.pdf\">Procesos para Acceder a los Mercados Org\u00e1nicos<\/a><\/div>\n<\/li>\n<li>\n<div align=\"justify\"><a href=\"https:\/\/www.maga.gob.gt\/sitios\/visar\/wp-content\/uploads\/2025\/08\/mayacert.pdf\">Importancia y Acreditaci\u00f3n de las Certificadoras en Guatemala<\/a><\/div>\n<\/li>\n<li>\n<div align=\"justify\"><a href=\"https:\/\/visar.maga.gob.gt\/visar\/img\/laciao2012.pdf\" target=\"_blank\" rel=\"noopener noreferrer\">La CIAO y la Agricultura Org\u00e1nica de Am\u00e9rica Latina y El Caribe<\/a><\/div>\n<\/li>\n<li>\n<div align=\"justify\"><a href=\"https:\/\/www.maga.gob.gt\/sitios\/visar\/wp-content\/uploads\/2025\/08\/aoguate.pdf\" target=\"_blank\" rel=\"noopener noreferrer\">Departamento de Agricultura Org\u00e1nica (MAGA-Guatemala)<\/a><\/div>\n<\/li>\n<\/ul>\n<p>[\/vc_column_text][vc_column_text]<\/p>\n<p align=\"justify\"><strong>Formularios DAO<\/strong><\/p>\n<p><a href=\"https:\/\/sigie.maga.gob.gt\/\">Sistema de Gesti\u00f3n para Importaci\u00f3n y Exportaciones SIGIE<\/a>[\/vc_column_text][vc_column_text]<\/p>\n<p align=\"justify\"><strong>Servicios<\/strong><\/p>\n<ul>\n<li>Registro de\u00a0<a href=\"http:\/\/visar.maga.gob.gt\/visar\/2021\/fzg\/dao\/16%20oporgVdist.docx\">Operadores Org\u00e1nicos<\/a>\u00a0para\u00a0<a href=\"http:\/\/visar.maga.gob.gt\/visar\/2021\/fzg\/dao\/7regoAv.docx\">aves<\/a>,\u00a0<a href=\"http:\/\/visar.maga.gob.gt\/visar\/2021\/fzg\/dao\/14opinsumN.docx\">insumos agr\u00edcolas<\/a>,\u00a0<a href=\"http:\/\/visar.maga.gob.gt\/visar\/2021\/fzg\/dao\/8regoPec.docx\">pecuario<\/a>,\u00a0<a href=\"http:\/\/visar.maga.gob.gt\/visar\/2021\/fzg\/dao\/16%20oporgVdist.docx\">distribuidor<\/a><\/li>\n<li>Registro de Comercializadores Org\u00e1nicos<\/li>\n<li><a href=\"http:\/\/visar.maga.gob.gt\/visar\/2021\/fzg\/dao\/19RegOrgC.docx\">Registro de Agencias Certificadoras<\/a><\/li>\n<\/ul>\n<p>[\/vc_column_text][vc_column_text]<\/p>\n<p align=\"justify\"><strong>Base Legal<\/strong><\/p>\n<ul>\n<li><a href=\"https:\/\/apps.maga.gob.gt\/normativas\/Normativas\/Download\/165\" target=\"_blank\" rel=\"noopener noreferrer\">Acuerdo Ministerial No. 1317-2002<\/a><\/li>\n<li><a href=\"https:\/\/www.maga.gob.gt\/sitios\/visar\/wp-content\/uploads\/2025\/08\/mtao.pdf\" target=\"_blank\" rel=\"noopener noreferrer\">Manual T\u00e9cnico de Agricultura Org\u00e1nica<\/a><\/li>\n<li><a href=\"https:\/\/www.maga.gob.gt\/sitios\/visar\/wp-content\/uploads\/2025\/08\/RTCAdaof.pdf\">Reglamento T\u00e9cnico Centro Americano<\/a>\u00a0 (PRODUCTOS AGROPECUARIOS ORG\u00c1NICOS. REQUISITOS PARA LA<br \/>\nPRODUCCI\u00d3N, EL PROCESAMIENTO, LA COMERCIALIZACI\u00d3N, LA<br \/>\nCERTIFICACI\u00d3N Y EL ETIQUETADO.)<\/li>\n<\/ul>\n<p>[\/vc_column_text][\/vc_column][\/vc_row]<\/p>\n","protected":false},"excerpt":{"rendered":"<p>[vc_row][vc_column][vc_empty_space][vc_custom_heading text=&#8221;Departamento de Agricultura Org\u00e1nica y Recursos Nativos&#8221; font_container=&#8221;tag:h2|text_align:center&#8221; google_fonts=&#8221;font_family:Abel%3Aregular|font_style:400%20regular%3A400%3Anormal&#8221;][vc_column_text] MISI\u00d3N \u201cBrindar servicios de inspecci\u00f3n y de registro a los productores org\u00e1nicos, con confiabilidad, credibilidad, transparencia, equidad y \u00e9tica profesional, contribuyendo en la calidad e inocuidad de los alimentos para consumo humano prevalenciendo la protecci\u00f3n, conservaci\u00f3n, sostenibilidad del medio ambiente, la salud y los recursos [&hellip;]<\/p>\n","protected":false},"author":2,"featured_media":0,"parent":0,"menu_order":0,"comment_status":"closed","ping_status":"closed","template":"","meta":{"footnotes":""},"class_list":["post-271","page","type-page","status-publish","hentry"],"_links":{"self":[{"href":"https:\/\/www.maga.gob.gt\/sitios\/visar\/wp-json\/wp\/v2\/pages\/271","targetHints":{"allow":["GET"]}}],"collection":[{"href":"https:\/\/www.maga.gob.gt\/sitios\/visar\/wp-json\/wp\/v2\/pages"}],"about":[{"href":"https:\/\/www.maga.gob.gt\/sitios\/visar\/wp-json\/wp\/v2\/types\/page"}],"author":[{"embeddable":true,"href":"https:\/\/www.maga.gob.gt\/sitios\/visar\/wp-json\/wp\/v2\/users\/2"}],"replies":[{"embeddable":true,"href":"https:\/\/www.maga.gob.gt\/sitios\/visar\/wp-json\/wp\/v2\/comments?post=271"}],"version-history":[{"count":8,"href":"https:\/\/www.maga.gob.gt\/sitios\/visar\/wp-json\/wp\/v2\/pages\/271\/revisions"}],"predecessor-version":[{"id":2690,"href":"https:\/\/www.maga.gob.gt\/sitios\/visar\/wp-json\/wp\/v2\/pages\/271\/revisions\/2690"}],"wp:attachment":[{"href":"https:\/\/www.maga.gob.gt\/sitios\/visar\/wp-json\/wp\/v2\/media?parent=271"}],"curies":[{"name":"wp","href":"https:\/\/api.w.org\/{rel}","templated":true}]}}