{"id":263,"date":"2024-05-03T18:23:28","date_gmt":"2024-05-03T16:23:28","guid":{"rendered":"https:\/\/www.maga.gob.gt\/sitios\/visar\/?page_id=263"},"modified":"2024-05-03T18:23:28","modified_gmt":"2024-05-03T16:23:28","slug":"departamento-de-biotecnologia","status":"publish","type":"page","link":"https:\/\/www.maga.gob.gt\/sitios\/visar\/departamento-de-biotecnologia\/","title":{"rendered":"Departamento de Biotecnolog\u00eda"},"content":{"rendered":"<p>[vc_row][vc_column][vc_custom_heading text=&#8221;Departamento de Biotecnolog\u00eda&#8221; font_container=&#8221;tag:h2|text_align:center&#8221; google_fonts=&#8221;font_family:Abel%3Aregular|font_style:400%20regular%3A400%3Anormal&#8221;][vc_column_text]<strong>Visi\u00f3n<\/strong><\/p>\n<p>Ser una instituci\u00f3n p\u00fablica vinculante en el tema de biotecnolog\u00eda moderna que a trav\u00e9s de instrumentos jur\u00eddicos nacionales generados dentro del marco de gobernabilidad democr\u00e1tica y convenios internacionales aplicables propicie el desarrollo agropecuario, velando por la calidad de vida de la poblaci\u00f3n guatemalteca por medio de medidas de bioseguridad que coadyuven a la conservaci\u00f3n y utilizaci\u00f3n sostenible del patrimonio agropecuario nacional.[\/vc_column_text][vc_column_text]<strong>Misi\u00f3n<\/strong><\/p>\n<p>Somos la instituci\u00f3n p\u00fablica que impulsa, divulga, vigila y verifica el manejo seguro y aprovechamiento de organismos vivos modificados vegetales y animales provenientes de la biotecnolog\u00eda moderna bajo principios de transparencia, subsidiaridad, eficacia, eficiencia a trav\u00e9s de instrumentos jur\u00eddicos en materia de bioseguridad que adem\u00e1s de promover el uso seguro de la biotecnolog\u00eda moderna coadyuva a la modernizaci\u00f3n de la agricultura, el desarrollo de capacidades y el intercambio comercial para lograr la innovaci\u00f3n tecnol\u00f3gica del pa\u00eds.[\/vc_column_text][vc_column_text]<strong>Objetivo General<\/strong><\/p>\n<p>Normar y regular la actividad vinculada a la biotecnolog\u00eda moderna y la bioseguridad en el manejo seguro de organismos vivos modificados vegetales\u00a0(Producci\u00f3n de Semilla)\u00a0para uso agr\u00edcola, incidiendo en el desarrollo humano e impulsando el sector agropecuario, a trav\u00e9s de instrumentos legales nacionales y convenios internacionales vigentes tendientes a reducir los posibles efectos adversos a la salud humana y al medio ambiente.[\/vc_column_text][vc_column_text]<strong>Objetivos Espec\u00edficos<\/strong><\/p>\n<ul>\n<li>\n<div align=\"justify\">Regular y normar la experimentaci\u00f3n, producci\u00f3n, conservaci\u00f3n, uso, liberalizaci\u00f3n y comercializaci\u00f3n de los organismos vivos modificados de origen vegetal (Producci\u00f3n\u00a0 de Semilla)\u00a0 para uso agr\u00edcola, provenientes de la biotecnolog\u00eda moderna.<\/div>\n<\/li>\n<li>Regular y normar las medidas de bioseguridad que puedan ser aplicables, caso por caso, en el proceso de obtenci\u00f3n y aprovechamiento de organismos vivos modificados vegetales y animales para uso agr\u00edcola provenientes de la biotecnolog\u00eda moderna.<\/li>\n<\/ul>\n<p>[\/vc_column_text][\/vc_column][\/vc_row][vc_row][vc_column][vc_column_text]<strong>Servicios<\/strong><\/p>\n<p align=\"justify\">Los servicios que desempe\u00f1a el departamento de Biotecnolog\u00eda son:<\/p>\n<ul>\n<li>\n<div align=\"justify\">Dictaminar sobre permisos en la etapa de establecimiento de experimentaci\u00f3n\/investigaci\u00f3n de campo y posterior producci\u00f3n para la exportaci\u00f3n de Organismos Vivos Modificados de uso agr\u00edcola provenientes de la biotecnolog\u00eda moderna:<\/div>\n<\/li>\n<\/ul>\n<p><strong>Para la Liberaci\u00f3n en el Ambiente<\/strong><\/p>\n<div align=\"justify\">\n<ul>\n<li>Supervisar, revisar y autorizar Protocolos de ensayos o pruebas de investigaci\u00f3n en la etapa de establecimiento de experimentaci\u00f3n\/investigaci\u00f3n de campo y posterior producci\u00f3n para la exportaci\u00f3n de Organismos Vivos Modificados de uso agr\u00edcola provenientes de la biotecnolog\u00eda moderna.<\/li>\n<li>Supervisar e inspeccionar lotes de productores de semilla de Organismos Vivos Modificados de origen vegetal para uso agr\u00edcola provenientes de la biotecnolog\u00eda moderna.<\/li>\n<li>Supervisar la destrucci\u00f3n en Campos de Organismos Vivos Modificados para uso agr\u00edcola provenientes de la biotecnolog\u00eda moderna.<\/li>\n<li>Registrar los eventos biotecnol\u00f3gicos aprobados para la investigaci\u00f3n y producci\u00f3n de semillas con fines de exportaci\u00f3n de Organismos Vivos Modificados para uso agr\u00edcola provenientes de la biotecnolog\u00eda moderna.<\/li>\n<li>Dictaminar sobre permisos y autorizaciones para los eventos biotecnol\u00f3gicos de Organismos Vivos Modificados para uso agr\u00edcola provenientes de la biotecnolog\u00eda moderna.<\/li>\n<li>Monitorear, diagnosticar y dictaminar por medio de laboratorios acreditados la presencia de Organismos Vivos Modificados para uso agr\u00edcola provenientes de la biotecnolog\u00eda moderna, permitidos y no permitidos dentro del pa\u00eds.<\/li>\n<\/ul>\n<\/div>\n<p>[\/vc_column_text][vc_column_text]<strong>Documentos T\u00e9cnicos Relacionados<\/strong><\/p>\n<ul>\n<li><a href=\"https:\/\/visar.maga.gob.gt\/visar\/2019\/20\/InMini60-19.pdf\">Resoluci\u00f3n Instancia Ministerial\u00a0 UA- No. 60-2019<\/a><\/li>\n<li><a href=\"https:\/\/visar.maga.gob.gt\/visar\/2019\/20\/RTOVM.pdf\">Reglamento T\u00e9cnico de Bioseguridad de Organismos Vivos Modificados para uso Agropecuario<\/a><\/li>\n<\/ul>\n<p>[\/vc_column_text][vc_column_text]<strong>Acuerdos Ministeriales<\/strong><\/p>\n<ul>\n<li><a href=\"https:\/\/visar.maga.gob.gt\/visar\/2019\/20\/AM270-2019.pdf\">Acuerdo Ministerial No. 270-2019<\/a><\/li>\n<li><a href=\"https:\/\/visar.maga.gob.gt\/visar\/2019\/20\/AM271-2019.pdf\">Acuerdo Ministerial No. 271-2019<\/a><\/li>\n<li><a href=\"https:\/\/visar.maga.gob.gt\/visar\/2019\/20\/AM281-2019.pdf\">Acuerdo Ministerial No. 281-2019<\/a><\/li>\n<\/ul>\n<p>[\/vc_column_text][vc_column_text]<strong>Manual<br \/>\n<\/strong><\/p>\n<ul>\n<li><a href=\"https:\/\/visar.maga.gob.gt\/visar\/22\/fzg\/manualV3-28.pdf\">Manual de Procedimientos T\u00e9cnicos para uso Confinado, Experimental, Pre-Comercial y Comercial de Semilla Gen\u00e9ticamente Modificada Derivado de la Implementaci\u00f3n del Reglamento T\u00e9cnico de Bioseguridad 65.06.01:18<\/a><\/li>\n<\/ul>\n<p>[\/vc_column_text][vc_column_text]<strong>Acuerdos Internacionales<\/strong><\/p>\n<p>&nbsp;<\/p>\n<ul>\n<li><a href=\"https:\/\/visar.maga.gob.gt\/visar\/2019\/20\/cartg-prot.pdf\">Protocolo de Cartagena sobre Seguridad de la Biotecnolog\u00eda del Convenio sobre la Diversidad Biol\u00f3gica<\/a><\/li>\n<li><a href=\"https:\/\/visar.maga.gob.gt\/visar\/2019\/20\/ConvDivb.pdf\">Convenio sobre la Diversidad Biol\u00f3gica<\/a><\/li>\n<\/ul>\n<p>[\/vc_column_text][vc_column_text]<strong>Formularios<\/strong><\/p>\n<ol>\n<li><a href=\"https:\/\/visar.maga.gob.gt\/visar\/2021\/fzg\/btc\/DFRN-01-R-042.docx\">Consulta Previa sobre Productos Obtenidos Mediante Biotecnolog\u00eda de Precisi\u00f3n<\/a><\/li>\n<li><a href=\"https:\/\/visar.maga.gob.gt\/visar\/2021\/fzg\/btc\/DFRN-01-R-044.docx\">Solicitud de Autorizaci\u00f3n para Uso Confinado de OVM para Uso Agr\u00edcola<\/a><\/li>\n<li><a href=\"https:\/\/visar.maga.gob.gt\/visar\/2021\/fzg\/btc\/DFRN-01-R-047.docx\">Solicitud de Autorizaci\u00f3n de Semilla Gen\u00e9ticamente Modificada para uso Agr\u00edcola<\/a><\/li>\n<li><a href=\"https:\/\/visar.maga.gob.gt\/visar\/2021\/fzg\/btc\/DFRN-01-R-049.docx\">Solicitud de Registro de Eventos Biotecnol\u00f3gicos de Organismos Vivos Modificados -OVM- para Uso Agr\u00edcola<\/a><\/li>\n<li><a href=\"https:\/\/visar.maga.gob.gt\/visar\/2021\/fzg\/btc\/DFRN-01-R-050.docx\">Solicitud de Liberaci\u00f3n de Semilla Gen\u00e9ticamente Modificada Bajo el Procedimiento Simplificado<\/a><\/li>\n<li><a href=\"https:\/\/visar.maga.gob.gt\/visar\/2021\/fzg\/btc\/DFRN-01-R-051F.doc\">Solicitud de Siembra de Semillas Biotecnol\u00f3gicas para Uso Agr\u00edcola<\/a><\/li>\n<\/ol>\n<p>[\/vc_column_text][\/vc_column][\/vc_row]<\/p>\n","protected":false},"excerpt":{"rendered":"<p>[vc_row][vc_column][vc_custom_heading text=&#8221;Departamento de Biotecnolog\u00eda&#8221; font_container=&#8221;tag:h2|text_align:center&#8221; google_fonts=&#8221;font_family:Abel%3Aregular|font_style:400%20regular%3A400%3Anormal&#8221;][vc_column_text]Visi\u00f3n Ser una instituci\u00f3n p\u00fablica vinculante en el tema de biotecnolog\u00eda moderna que a trav\u00e9s de instrumentos jur\u00eddicos nacionales generados dentro del marco de gobernabilidad democr\u00e1tica y convenios internacionales aplicables propicie el desarrollo agropecuario, velando por la calidad de vida de la poblaci\u00f3n guatemalteca por medio de medidas de bioseguridad [&hellip;]<\/p>\n","protected":false},"author":2,"featured_media":0,"parent":0,"menu_order":0,"comment_status":"closed","ping_status":"closed","template":"","meta":{"footnotes":""},"class_list":["post-263","page","type-page","status-publish","hentry"],"_links":{"self":[{"href":"https:\/\/www.maga.gob.gt\/sitios\/visar\/wp-json\/wp\/v2\/pages\/263","targetHints":{"allow":["GET"]}}],"collection":[{"href":"https:\/\/www.maga.gob.gt\/sitios\/visar\/wp-json\/wp\/v2\/pages"}],"about":[{"href":"https:\/\/www.maga.gob.gt\/sitios\/visar\/wp-json\/wp\/v2\/types\/page"}],"author":[{"embeddable":true,"href":"https:\/\/www.maga.gob.gt\/sitios\/visar\/wp-json\/wp\/v2\/users\/2"}],"replies":[{"embeddable":true,"href":"https:\/\/www.maga.gob.gt\/sitios\/visar\/wp-json\/wp\/v2\/comments?post=263"}],"version-history":[{"count":1,"href":"https:\/\/www.maga.gob.gt\/sitios\/visar\/wp-json\/wp\/v2\/pages\/263\/revisions"}],"predecessor-version":[{"id":264,"href":"https:\/\/www.maga.gob.gt\/sitios\/visar\/wp-json\/wp\/v2\/pages\/263\/revisions\/264"}],"wp:attachment":[{"href":"https:\/\/www.maga.gob.gt\/sitios\/visar\/wp-json\/wp\/v2\/media?parent=263"}],"curies":[{"name":"wp","href":"https:\/\/api.w.org\/{rel}","templated":true}]}}