{"id":2203,"date":"2025-05-13T19:43:01","date_gmt":"2025-05-13T17:43:01","guid":{"rendered":"https:\/\/www.maga.gob.gt\/sitios\/visar\/?page_id=2203"},"modified":"2025-05-26T18:13:33","modified_gmt":"2025-05-26T16:13:33","slug":"componente-hidrobiologico","status":"publish","type":"page","link":"https:\/\/www.maga.gob.gt\/sitios\/visar\/componente-hidrobiologico\/","title":{"rendered":"Componente Hidrobiol\u00f3gico"},"content":{"rendered":"<p>[vc_row][vc_column][vc_empty_space][vc_custom_heading text=&#8221;<b>Componente Hidrobiol\u00f3gico<\/b>&#8221; font_container=&#8221;tag:h2|text_align:center&#8221; google_fonts=&#8221;font_family:Abel%3Aregular|font_style:400%20regular%3A400%3Anormal&#8221;][vc_column_text]<\/p>\n<p style=\"text-align: justify;\" align=\"justify\">El sector hidrobiol\u00f3gico de la Direcci\u00f3n de Inocuidad de los Alimentos del VISAR-MAGA es el responsable de velar por la inocuidad de los alimentos no procesados de origen hidrobiol\u00f3gico en Guatemala y los alimentos procesados y no procesados de consumo humano que se exportan a la Uni\u00f3n Europea.<\/p>\n<p style=\"text-align: justify;\" align=\"justify\">Actualmente Guatemala, est\u00e1 exportando camar\u00f3n y at\u00fan a la Uni\u00f3n Europea y pescado a Estados Unidos, Centroam\u00e9rica, China, Vietnam, Jap\u00f3n entre otros.<\/p>\n<p>[\/vc_column_text][\/vc_column][\/vc_row][vc_row][vc_column][vc_empty_space][vc_tta_accordion style=&#8221;flat&#8221; c_icon=&#8221;triangle&#8221; active_section=&#8221;&#8221; collapsible_all=&#8221;true&#8221;][vc_tta_section title=&#8221;Licencias Sanitarias de Funcionamiento LSF&#8221; tab_id=&#8221;1729103044524-ac664c3d-318c&#8221;][vc_column_text]<\/p>\n<p align=\"justify\">La Licencia de Funcionamiento (LSF), ser\u00e1 otorgada por la Direcci\u00f3n de Inocuidad y tendr\u00e1 vigencia de un a\u00f1o contando a partir de su emisi\u00f3n. Para solicitar la LSF, el interesado presentar\u00e1 el formato de solicitud correspondiente, cumpliendo con los requisitos que en el mismo se detallan.<\/p>\n<p align=\"justify\">Para renovar la LSF, el interesado debe presentar el formato de solicitud correspondiente a la Direcci\u00f3n de Inocuidad, a trav\u00e9s de la Oficina de Servicios al Usuario (OSU) un mes antes de su vencimiento, debiendo adjuntar el original y fotocopia de su LSF vigente.<\/p>\n<p align=\"justify\">La Direcci\u00f3n de Inocuidad, efectuar\u00e1 una inspecci\u00f3n higi\u00e9nico-sanitaria del establecimiento correspondiente, debiendo resolver en un plazo no mayor a 15 d\u00edas de efectuada la inspecci\u00f3n.<\/p>\n<p>[\/vc_column_text][\/vc_tta_section][\/vc_tta_accordion][vc_tta_accordion style=&#8221;flat&#8221; c_icon=&#8221;triangle&#8221; active_section=&#8221;&#8221; collapsible_all=&#8221;true&#8221;][vc_tta_section title=&#8221;Licencia Sanitaria de Transporte LST&#8221; tab_id=&#8221;1747239892817-916faef0-4b62&#8243;][vc_column_text]<\/p>\n<p align=\"justify\">Para el transporte de productos hidrobiol\u00f3gicos y de alimentos hidrobiol\u00f3gicos transformados, dentro del territorio nacional, debe cumplirse con lo estipulado en el reglamento para la Inocuidad de los alimentos y con los siguientes requerimientos:<\/p>\n<ul>\n<li>Proteger el producto hidrobiol\u00f3gico y el alimento hidrobiol\u00f3gico transformado durante el transporte, para evitar la contaminaci\u00f3n.<\/li>\n<li>Los veh\u00edculos que transportan producto hidrobiol\u00f3gico y alimentos hidrobiol\u00f3gicos transformados, deber\u00e1n tener vigente la Licencia Sanitaria de Transporte.<\/li>\n<li>Los productos hidrobiol\u00f3gicos y alimentos hidrobiol\u00f3gicos transformados, deber\u00e1n ser transportados en veh\u00edculos con sistemas de refrigeraci\u00f3n o con furg\u00f3n debidamente aislado, o en recipientes con tapadera de cierre herm\u00e9tico con suficiente hielo.<\/li>\n<li>El veh\u00edculo y los recipientes deben higienizarse antes y despu\u00e9s de cada uso.<\/li>\n<\/ul>\n<p>[\/vc_column_text][\/vc_tta_section][\/vc_tta_accordion][vc_tta_accordion style=&#8221;flat&#8221; c_icon=&#8221;triangle&#8221; active_section=&#8221;&#8221; collapsible_all=&#8221;true&#8221;][vc_tta_section title=&#8221;Permiso de Importaci\u00f3n&#8221; tab_id=&#8221;1747239897533-d722bf30-24ee&#8221;][vc_column_text]<\/p>\n<p align=\"justify\">Le corresponde al Ministerio de Agricultura, Ganader\u00eda y Alimentaci\u00f3n, la prevenci\u00f3n y control de la inocuidad en las etapas de producci\u00f3n, transformaci\u00f3n, almacenamiento, transporte, importaci\u00f3n y exportaci\u00f3n de alimentos naturales no procesados.<\/p>\n<p align=\"justify\">Para obtener el permiso de importaci\u00f3n de alimentos naturales no procesados de origen hidrobiol\u00f3gico, se debe contar anteriormente con el dict\u00e1men favorable de la Direcci\u00f3n de Inocuidad, a trav\u00e9s del Departamento de Productos de Origen Animal e Hidrobiol\u00f3gico. Para obtener este dict\u00e1men favorable se detallan a continuaci\u00f3n los requisitos y documentos a presentar.<\/p>\n<p>Requisitos:<\/p>\n<ul>\n<li>El establecimiento productor y\/o exportador deben estar reconocidos y aprobados por la autoridad oficial competente en Guatemala, facilitando su elegibilidad por medio de la inspecci\u00f3n en el pa\u00eds de origen. (UNR-1-2001)<\/li>\n<li>Los certificados de laboratorio deben ser emitidos por un Laboratorio Oficial o autorizado por la Autoridad Oficial del pa\u00eds origen. (AM <a href=\"https:\/\/apps.maga.gob.gt\/normativas\/Normativas\/Download\/169\">1128-2001<\/a>)<\/li>\n<li>Toda importaci\u00f3n podr\u00e1 ser muestreada acorde a las directrices del CODEX ALIMENTARIUS cuando la Direcci\u00f3n de Inocuidad del MAGA lo considere necesario.(D 90-97)<\/li>\n<\/ul>\n<p>Documentos que deben acompa\u00f1ar a la solicitud:<\/p>\n<ul>\n<li>Solicitud completamente llena<\/li>\n<li>Fotocopia de factura comercial<\/li>\n<li>Fotocopia del Certificado de Origen (para Pa\u00edses de Centro Am\u00e9rica, aplica FAUCA)<\/li>\n<li>Fotocopia del Certificado de Resultados de Contaminantes Microbiol\u00f3gicos<\/li>\n<li>Fotocopia del Certificado de Resultados de Residuos Qu\u00edmicos<\/li>\n<li>Fotocopia del Certificado de Inocuidad (Sanitario) del pa\u00eds origen<\/li>\n<\/ul>\n<p>Formulario:<\/p>\n<p><a href=\"https:\/\/www.maga.gob.gt\/sitios\/visar\/wp-content\/uploads\/2025\/04\/impo-hidro21.docx\">Permiso de Importaci\u00f3n de Alimentos no Procesados de Origen Hidrobiol\u00f3gico\u00a0<\/a>[\/vc_column_text][\/vc_tta_section][\/vc_tta_accordion][vc_tta_accordion style=&#8221;flat&#8221; c_icon=&#8221;triangle&#8221; active_section=&#8221;&#8221; collapsible_all=&#8221;true&#8221;][vc_tta_section title=&#8221;Normativa&#8221; tab_id=&#8221;1729103199583-0271b794-5143&#8243;][vc_column_text]<\/p>\n<ul>\n<li>AM <a href=\"https:\/\/apps.maga.gob.gt\/normativas\/Normativas\/Download\/298\">02-2012<\/a> Marco Conceptual del Programa Nacional de Monitoreo para la Detecci\u00f3n de Substancias y Residuos Nocivos a la Salud Humana en Camarones de Cultivo<\/li>\n<li>AM <a href=\"https:\/\/apps.maga.gob.gt\/normativas\/Normativas\/Download\/1331\">03-2012<\/a> &#8220;Manual de Procedimientos para la Toma de Muestras de Camar\u00f3n y su Env\u00edo al Laboratorio del Programa Nacional de Monitoreo para la Detecci\u00f3n de Subtancias y Residuos en Camarones de Cultivo&#8221;<\/li>\n<li>AM <a href=\"https:\/\/apps.maga.gob.gt\/normativas\/Normativas\/Download\/300\">03-2011<\/a> &#8220;Establecer las Disposiciones Higi\u00e9nico Sanitarias de los Productos de la Pesca en Barcos Pesqueros y en Barcos Congeladores&#8221;<\/li>\n<li>AM <a href=\"https:\/\/apps.maga.gob.gt\/normativas\/Normativas\/Download\/301\">06-2011<\/a> &#8220;Aprobar el Procedimiento Aplicable a la Inspeccion Higi\u00e9nico-Sanitaria a Barcos Congeladores&#8221;<\/li>\n<li>AM <a href=\"https:\/\/apps.maga.gob.gt\/normativas\/Normativas\/Download\/302\">07-2011<\/a> &#8220;Disposiciones Aplicables al Examen Organoleptico en At\u00fan y Camar\u00f3n&#8221;<\/li>\n<li>AM <a href=\"https:\/\/apps.maga.gob.gt\/normativas\/Normativas\/Download\/1332\">08-2013<\/a> &#8220;Programa Nacional de Monitoreo de Metabisulfito en Camarones en Plantas de Procesamiento&#8221;<\/li>\n<li>AM <a href=\"https:\/\/apps.maga.gob.gt\/normativas\/Normativas\/Download\/299\">13-2011<\/a> &#8220;Actualizar el Programa Nacional de Monitoreo para la Detecci\u00f3n de Metales Pesados en Atunes con Destino a la Uni\u00f3n Europea&#8221;<\/li>\n<li>AM <a href=\"https:\/\/apps.maga.gob.gt\/normativas\/Normativas\/Download\/329\">14-2013<\/a> &#8220;Disposiciones Aplicables a la Importaci\u00f3n de Productos de Origen Hidrobiol\u00f3gico para ser Procesados en Guatemala y Exportados a la Uni\u00f3n Europea&#8221;<\/li>\n<li>AM <a href=\"https:\/\/apps.maga.gob.gt\/normativas\/Normativas\/Download\/330\">15-2013<\/a> &#8220;Programa Nacional de Monitoreo de Dioxinas y Similares de At\u00fan y Dorado&#8221;<\/li>\n<li>AM<a href=\"https:\/\/apps.maga.gob.gt\/normativas\/Normativas\/Download\/251\"> 26-2009<\/a> &#8220;Programa de Control y Monitoreo de Contaminantes Microbiol\u00f3gicos, Substancias Qu\u00edmicas y Caracter\u00edsticas F\u00edsicas del Agua\u00a0 a ser Utilizada en Establecimientos de Productos Hidrobiol\u00f3gicos&#8221;<\/li>\n<li>AM <a href=\"https:\/\/apps.maga.gob.gt\/normativas\/Normativas\/Download\/251\">26-2009<\/a> &#8220;Crear el Programa de Control y Monitoreo de Contaminantes Microbiol\u00f3gicos, Sustancias Qu\u00edmicas y Caracter\u00edsticas F\u00edsicas del Agua&#8221;<\/li>\n<li>AM <a href=\"https:\/\/apps.maga.gob.gt\/normativas\/Normativas\/Download\/1334\">28-2018<\/a> &#8220;Disposiciones para la Importaci\u00f3n de Productos Hidrobiol\u00f3gicos no Procesados con Procedencia de los Estados Unidos de Am\u00e9rica&#8221;<\/li>\n<li>AM <a href=\"https:\/\/apps.maga.gob.gt\/normativas\/Normativas\/Download\/1336\">36-2025<\/a> &#8220;Normativa Sanitaria para las Almacenadoras de Productos Hidrobiol\u00f3gicos Destinados al Consumo Humano&#8221;<\/li>\n<li>AM <a href=\"https:\/\/apps.maga.gob.gt\/normativas\/Normativas\/Download\/1151\">38-2020<\/a> &#8220;Emitir las Disposiciones ara el Reconocimiento de Pruebas de An\u00e1lisis y Diagn\u00f3stico de Laboratorios&#8221;<\/li>\n<li>AM <a href=\"https:\/\/apps.maga.gob.gt\/normativas\/Normativas\/Download\/287\">63-2010<\/a> &#8220;Manual de Procedimientos de las Acciones a Seguir cuando Surge una Alerta Relacionada con la Inocuidad de los Alimentos de Origen Hidrobiol\u00f3gico&#8221;<\/li>\n<li>AM <a href=\"https:\/\/apps.maga.gob.gt\/normativas\/Normativas\/Download\/226\">68-2007<\/a> &#8220;Programa Nacional de Monitoreo para la Detecci\u00f3n de Substancias y Residuos Nocivos a la Salud Humana en Camarones de Cultivo&#8221;<\/li>\n<li>AM <a href=\"https:\/\/apps.maga.gob.gt\/normativas\/Normativas\/Download\/227\">74-2007<\/a> &#8220;Programa Nacional de Monitoreo para la Detecci\u00f3n de Histamina en Carnes de Atunes y Dorados en Establecimientos de Transformaci\u00f3n con Destino a la Uni\u00f3n Europea&#8221;<\/li>\n<li>Decreto No. <a href=\"https:\/\/apps.maga.gob.gt\/normativas\/Normativas\/Download\/862\">90-97<\/a> C\u00f3digo de Salud<\/li>\n<li>AM <a href=\"https:\/\/apps.maga.gob.gt\/normativas\/Normativas\/Download\/221\">137-2007<\/a> &#8220;Tarifas por Servicios que Presta el Ministerio de Agricultura, Ganader\u00eda y Alimentaci\u00f3n, a Trav\u00e9s de la Unidad de Normas y Regulaciones&#8221;<\/li>\n<li>AM <a href=\"https:\/\/apps.maga.gob.gt\/normativas\/Normativas\/Download\/242\">173-2008<\/a> &#8220;Modificar el AM 68-2007 por Medio del cual de Establece el Programa Nacional de Monitoreo para la Detecci\u00f3n de Substancias y Residuos Nocivos a la Salud Humana en Camarones de Cultivo&#8221;<\/li>\n<li>AM <a href=\"https:\/\/apps.maga.gob.gt\/normativas\/Normativas\/Download\/1335\">176-2020<\/a> &#8220;Programa Nacional de Monitoreo de Histamina, Metales Pesados, Dioxinas y PCB\u00b4s en Carne de At\u00fan en Barcos Congeladores&#8221;<\/li>\n<li>AM <a href=\"https:\/\/apps.maga.gob.gt\/normativas\/Normativas\/Download\/224\">203-2007<\/a> &#8220;Programa Nacional de Monitoreo para la Detecci\u00f3n de Contaminantes Nocivos a la Salud Humana en Ecosistemas Acu\u00e1ticos Asociados a la Producci\u00f3n de Camarones Peneidos&#8221;<\/li>\n<li>AM<a href=\"https:\/\/apps.maga.gob.gt\/normativas\/Normativas\/Download\/1330\"> 241-2008<\/a> &#8220;Aprobar las 13 Cl\u00e1usulas del Convenio de Cooperaci\u00f3n&#8221;<\/li>\n<li>AM <a href=\"https:\/\/apps.maga.gob.gt\/normativas\/Normativas\/Download\/1338\">215-2020<\/a> &#8220;Modificar el Art\u00edculo 6 del Acuerdo Ministerial No. 14-2013&#8221;<\/li>\n<li>AM <a href=\"https:\/\/apps.maga.gob.gt\/normativas\/Normativas\/Download\/1339\">224-2020<\/a> &#8220;Aprobar la Modificaci\u00f3n del Acuerdo Ministerial No. 03-2011, Disposiciones Higi\u00e9nico Sanitarias de los Productos de la Pesca en Barcos Pesqueros y en Barcos Congeladores&#8221;<\/li>\n<li>AM <a href=\"https:\/\/apps.maga.gob.gt\/normativas\/Normativas\/Download\/1340\">225-2020<\/a>&#8220;Aprobar la Modificaci\u00f3n al Acuerdo Ministerial No. 06-2011. Procedimiento Aplicable a la Inspecci\u00f3n Higi\u00e9nico-Sanitaria a Barcos Pesqueros y Barcos Congeladores&#8221;<\/li>\n<li>AM <a href=\"https:\/\/apps.maga.gob.gt\/normativas\/Normativas\/Download\/1330\">241-2008<\/a> &#8220;Aprobar las 13 cl\u00e1usulas que contiene el Convenio de Cooperaci\u00f3n 37-2008, entre el Ministerio de Agricultura, Ganader\u00eda y Alimentaci\u00f3n y el Ministerio de Salud P\u00fablica y Asistencia Social MSPAS&#8221;<\/li>\n<li>AM <a href=\"https:\/\/apps.maga.gob.gt\/normativas\/Normativas\/Download\/1341\">251-2020<\/a> &#8220;Aprobar el Manual de Procedimientos para la Inspecci\u00f3n de Inocuidad de Alimentos a Establecimientos de Productos Hidrobiol\u00f3gicos&#8221;<\/li>\n<li>AM <a href=\"https:\/\/apps.maga.gob.gt\/normativas\/Normativas\/Download\/303\">271-2010<\/a> &#8220;Reformar el AM 74-2007 Monitoreo para la Detecci\u00f3n de Histamina en Atunes y Dorados en Establecimientos de Transformaci\u00f3n con Destino a la Uni\u00f3n Europea&#8221;<\/li>\n<li>AM <a href=\"https:\/\/apps.maga.gob.gt\/normativas\/Normativas\/Download\/245\">318-2008<\/a> &#8220;Marco Conceptual del Programa Nacional de Monitoreo para la Detecci\u00f3n de Metales Pesados en Atunes Importados&#8221;<\/li>\n<li>AM <a href=\"https:\/\/apps.maga.gob.gt\/normativas\/Normativas\/Download\/247\">330-2008<\/a> &#8220;Marco Conceptual del Programa Nacional de Monitoreo Microbiol\u00f3gico de Productos Hidrobiol\u00f3gicos en Establecimientos Aprobados para Exportar a la Uni\u00f3n Europea&#8221;<\/li>\n<li>AG <a href=\"https:\/\/apps.maga.gob.gt\/normativas\/Normativas\/Download\/476\">343-2005<\/a> &#8220;Reglamento Sanitario para el Funcionamiento de Establecimientos de Transformaci\u00f3n de Productos Hidrobiol\u00f3gicos&#8221;<\/li>\n<li>AM <a href=\"https:\/\/apps.maga.gob.gt\/normativas\/Normativas\/Download\/253\">349-2008<\/a> &#8220;Norma Nacional de los Productos Utilizasdos en la Alimentaci\u00f3n de Animales&#8221;<\/li>\n<li>AM <a href=\"https:\/\/apps.maga.gob.gt\/normativas\/Normativas\/Download\/250\">426-2008<\/a> &#8220;Reformar el Acuerdo Ministerial No. 318-2008 y aprobar el Marco Conceptual del Programa Nacional de Monitoreo para la Detecci\u00f3n de Metales Pesados en Atunes Importados&#8221;<\/li>\n<li>AM <a href=\"https:\/\/apps.maga.gob.gt\/normativas\/Normativas\/Download\/1329\">435-2009<\/a> &#8221; Aprobar el Manual de Procedimientos para la Inspecci\u00f3n de Establecimientos Hidrobiol\u00f3gicos&#8221;<\/li>\n<li>AM No. <a href=\"https:\/\/apps.maga.gob.gt\/normativas\/Normativas\/Download\/238\">596-2007<\/a> &#8220;Aprobar el Manual de Procedimientos para la Inspecci\u00f3n de Inocuidad de Alimentos a Fincas Camaroneras&#8221;<\/li>\n<li>AM <a href=\"https:\/\/apps.maga.gob.gt\/normativas\/Normativas\/Download\/237\">649-2007<\/a> &#8220;Normas de Higiene para los Productos y Alimentos Hidrobiol\u00f3gicos en sus Procesos de Producci\u00f3n, Transformaci\u00f3n y Transporte&#8221;<\/li>\n<li>AM <a href=\"https:\/\/apps.maga.gob.gt\/normativas\/Normativas\/Download\/239\">665-2007<\/a> &#8220;Normas de Control Oficial Higi\u00e9nico-Sanitarias\u00a0 de los productos y Alimentos Hidrobiol\u00f3gicos en sus Procesos de Producci\u00f3n, Transformaci\u00f3n y Transporte&#8221;<\/li>\n<li>AG <a href=\"https:\/\/apps.maga.gob.gt\/normativas\/Normativas\/Download\/458\">969-99<\/a> &#8220;Reglamento para la Inocuidad de los Alimentos&#8221;<\/li>\n<li>AM<a href=\"https:\/\/apps.maga.gob.gt\/normativas\/Normativas\/Download\/56\"> 1090-201<\/a> &#8220;Normas Generales de Car\u00e1cter Obligatorio, Aplicables a la Importaci\u00f3n y Tr\u00e1nsito Internacional de Animales, Recursos Hidrobiol\u00f3gicos, sus Productos y Subproductos<\/li>\n<li>AM <a href=\"https:\/\/apps.maga.gob.gt\/normativas\/Normativas\/Download\/169\">1128-2001<\/a> &#8220;Reglamento para el Reconocimiento de Pruebas de An\u00e1lisis y Diagn\u00f3stico de Laboratorio&#8221;<\/li>\n<li>AM <a href=\"https:\/\/apps.maga.gob.gt\/normativas\/Normativas\/Download\/303\">271-2010<\/a> &#8220;Reformar el Acuerdo Ministerial No. 74-2007 de fecha 15 de febrero de 2007, que establece el Programa Nacional de Monitoreo para la Detecci\u00f3n de Histamina en Carne de Atunes y Dorados en Establecimientos de Transformaci\u00f3n de estos Productos, con Destino al Mercado de la Uni\u00f3n Europea&#8221;<\/li>\n<\/ul>\n<p>[\/vc_column_text][\/vc_tta_section][\/vc_tta_accordion][vc_tta_accordion style=&#8221;flat&#8221; c_icon=&#8221;triangle&#8221; active_section=&#8221;&#8221; collapsible_all=&#8221;true&#8221;][vc_tta_section title=&#8221;Documentos T\u00e9cnicos&#8221; tab_id=&#8221;1747239998412-1bfe5054-c504&#8243;][vc_column_text]<\/p>\n<ul>\n<li>AM <a href=\"https:\/\/apps.maga.gob.gt\/normativas\/Normativas\/Download\/287\">63-2010<\/a> &#8220;Manual de Procedimientos de las Acciones a Seguir cuando Surge una Alerta Relacionada con la Inocuidad de los Alimentos de Origen Hidrobiol\u00f3gico&#8221;<\/li>\n<li>AM SN-2012 &#8220;Manual de Procedimientos para la Inspecci\u00f3n en la Inocuidad de Alimentos a Fincas Camaroneras&#8221;<\/li>\n<li>AM <a href=\"https:\/\/apps.maga.gob.gt\/normativas\/Normativas\/Download\/1331\">03-2012<\/a> &#8220;Manual de Procedimientos para la Toma de Muestras de Camar\u00f3n y su Env\u00edo al Laboratorio del Programa Nacional de Monitoreo para la Detecci\u00f3n de Substancias y Residuos en Camarones de Cultivo&#8221;<\/li>\n<\/ul>\n<p>[\/vc_column_text][\/vc_tta_section][\/vc_tta_accordion][vc_tta_accordion style=&#8221;flat&#8221; c_icon=&#8221;triangle&#8221; active_section=&#8221;&#8221; collapsible_all=&#8221;true&#8221;][vc_tta_section title=&#8221;Establecimientos Autorizados&#8221; tab_id=&#8221;1747331460677-8e59a3c7-8672&#8243;][vc_column_text]<a href=\"https:\/\/www.maga.gob.gt\/sitios\/visar\/establecimientos-autorizados\/\">Establecimientos Autorizados para Exportar Productos de la Pesca a Guatemala\u00a0<\/a>[\/vc_column_text][\/vc_tta_section][\/vc_tta_accordion][vc_tta_accordion style=&#8221;flat&#8221; c_icon=&#8221;triangle&#8221; active_section=&#8221;&#8221; collapsible_all=&#8221;true&#8221;][vc_tta_section title=&#8221;Formularios&#8221; tab_id=&#8221;1747240061032-df4fad5c-950c&#8221;][vc_column_text]<\/p>\n<ul>\n<li><a href=\"https:\/\/www.maga.gob.gt\/sitios\/visar\/formularios\/\">Formularios<\/a><\/li>\n<li><a href=\"https:\/\/www.maga.gob.gt\/sitios\/visar\/wp-content\/uploads\/2024\/11\/DI-FO-038LST25f.docx\">Licencia Sanitaria de Transporte de Productos no Procesados de Origen Animal, Vegetal e Hidrobiol\u00f3gico<\/a><\/li>\n<li><a href=\"https:\/\/www.maga.gob.gt\/sitios\/visar\/wp-content\/uploads\/2025\/04\/DIAFO041.docx\">Licencia Sanitaria de Funcionamiento para Establecimientos de Origen Hidrobiol\u00f3gico\u00a0<\/a><\/li>\n<li><a href=\"https:\/\/www.maga.gob.gt\/sitios\/visar\/wp-content\/uploads\/2024\/11\/exportacion-alimentos.doc\">Certificado de Inocuidad para Exportaci\u00f3n de Alimentos no Procesados de Origen Animal, Vegetal e Hidrobiol\u00f3gico<\/a><\/li>\n<li><a href=\"https:\/\/www.maga.gob.gt\/sitios\/visar\/wp-content\/uploads\/2025\/04\/impo-hidro21.docx\">Permiso de Importaci\u00f3n de Alimentos no Procesados de Origen Hidrobiol\u00f3gico\u00a0<\/a><\/li>\n<\/ul>\n<p>[\/vc_column_text][\/vc_tta_section][\/vc_tta_accordion][\/vc_column][\/vc_row]<\/p>\n","protected":false},"excerpt":{"rendered":"<p>[vc_row][vc_column][vc_empty_space][vc_custom_heading text=&#8221;Componente Hidrobiol\u00f3gico&#8221; font_container=&#8221;tag:h2|text_align:center&#8221; google_fonts=&#8221;font_family:Abel%3Aregular|font_style:400%20regular%3A400%3Anormal&#8221;][vc_column_text] El sector hidrobiol\u00f3gico de la Direcci\u00f3n de Inocuidad de los Alimentos del VISAR-MAGA es el responsable de velar por la inocuidad de los alimentos no procesados de origen hidrobiol\u00f3gico en Guatemala y los alimentos procesados y no procesados de consumo humano que se exportan a la Uni\u00f3n Europea. Actualmente Guatemala, [&hellip;]<\/p>\n","protected":false},"author":3,"featured_media":0,"parent":0,"menu_order":0,"comment_status":"closed","ping_status":"closed","template":"","meta":{"footnotes":""},"class_list":["post-2203","page","type-page","status-publish","hentry"],"_links":{"self":[{"href":"https:\/\/www.maga.gob.gt\/sitios\/visar\/wp-json\/wp\/v2\/pages\/2203","targetHints":{"allow":["GET"]}}],"collection":[{"href":"https:\/\/www.maga.gob.gt\/sitios\/visar\/wp-json\/wp\/v2\/pages"}],"about":[{"href":"https:\/\/www.maga.gob.gt\/sitios\/visar\/wp-json\/wp\/v2\/types\/page"}],"author":[{"embeddable":true,"href":"https:\/\/www.maga.gob.gt\/sitios\/visar\/wp-json\/wp\/v2\/users\/3"}],"replies":[{"embeddable":true,"href":"https:\/\/www.maga.gob.gt\/sitios\/visar\/wp-json\/wp\/v2\/comments?post=2203"}],"version-history":[{"count":34,"href":"https:\/\/www.maga.gob.gt\/sitios\/visar\/wp-json\/wp\/v2\/pages\/2203\/revisions"}],"predecessor-version":[{"id":2299,"href":"https:\/\/www.maga.gob.gt\/sitios\/visar\/wp-json\/wp\/v2\/pages\/2203\/revisions\/2299"}],"wp:attachment":[{"href":"https:\/\/www.maga.gob.gt\/sitios\/visar\/wp-json\/wp\/v2\/media?parent=2203"}],"curies":[{"name":"wp","href":"https:\/\/api.w.org\/{rel}","templated":true}]}}