{"id":201,"date":"2024-04-25T18:22:26","date_gmt":"2024-04-25T16:22:26","guid":{"rendered":"https:\/\/www.maga.gob.gt\/sitios\/visar\/?page_id=201"},"modified":"2025-03-24T22:14:21","modified_gmt":"2025-03-24T21:14:21","slug":"laboratorio-de-diagnostico-fitosanitario-km-22","status":"publish","type":"page","link":"https:\/\/www.maga.gob.gt\/sitios\/visar\/laboratorio-de-diagnostico-fitosanitario-km-22\/","title":{"rendered":"Laboratorio de Diagn\u00f3stico Fitosanitario Km 22"},"content":{"rendered":"<p>[vc_row][vc_column][vc_empty_space][vc_custom_heading text=&#8221;Laboratorio de Diagn\u00f3stico Fitosanitario Km 22&#8243; font_container=&#8221;tag:h2|text_align:center&#8221; google_fonts=&#8221;font_family:Abel%3Aregular|font_style:400%20regular%3A400%3Anormal&#8221;][vc_column_text]<\/p>\n<p style=\"text-align: justify;\">Es el laboratorio destinado para la realizar diagn\u00f3sticos de plagas y enfermedades en el sector agr\u00edcola y forestal.\u00a0 Siendo una herramienta clave para detectar oportunamente plagas y enfermedades cuarentenarias, manteniendo \u00a0constantemente monitoreos de plagas end\u00e9micas y su detecci\u00f3n.<\/p>\n<p style=\"text-align: justify;\">Es indispensable para la vigilancia, detecci\u00f3n, protecci\u00f3n e inspecci\u00f3n de productos agr\u00edcolas.<\/p>\n<p style=\"text-align: justify;\">El laboratorio cuenta con infraestructura moderna\u00a0 y equipo humano con amplia experiencia en las diferentes disciplinas de la fitoprotecci\u00f3n.<\/p>\n<p style=\"text-align: justify;\">Factor clave para que el pa\u00eds pueda competir, ser reconocido con \u00e9xito \u00a0en el actual \u00a0proceso de globalizaci\u00f3n que se tienen en el comercio nacional e internacional.<\/p>\n<p style=\"text-align: justify;\">El diagn\u00f3stico fitosanitario, es un sistema que debe ser planificado y ejecutado en forma t\u00e9cnica, sistem\u00e1tica de car\u00e1cter oficial y con el apoyo de todos los sectores involucrados, de forma que genere confiabilidad dentro del pa\u00eds y credibilidad a nivel internacional; favoreciendo la competitividad del pa\u00eds y el comercio internacional.<\/p>\n<p>[\/vc_column_text][\/vc_column][\/vc_row][vc_row][vc_column][vc_custom_heading text=&#8221;Servicios&#8221; font_container=&#8221;tag:h2|text_align:center&#8221; google_fonts=&#8221;font_family:Abel%3Aregular|font_style:400%20regular%3A400%3Anormal&#8221;][vc_column_text]<strong>Diagn\u00f3sticos Fitosanitarios<\/strong><\/p>\n<ul>\n<li>\n<div align=\"justify\"><strong>Diagn\u00f3stico Fitopatol\u00f3gico:<\/strong>\u00a0(Hongos, Bacterias y Virus)<\/div>\n<\/li>\n<li><strong>Diagn\u00f3stico Entomol\u00f3gico:<\/strong>\u00a0(Acarol\u00f3gico, Plagas de Importancia Agr\u00edcola y Forestal), Plagas Cuarentenadas, Mosca de la Fruta)<\/li>\n<li><strong>Diagn\u00f3stico Nematol\u00f3gico:<\/strong>\u00a0(Nematodos de Quistes y Filiformes)<\/li>\n<li><strong>Diagn\u00f3stico Malherobol\u00f3gico:<\/strong>\u00a0(Malezas)<\/li>\n<li><strong>Diagn\u00f3stico\u00a0con T\u00e9cnicas Serol\u00f3gicas:<\/strong>\u00a0(Elisa)<\/li>\n<li><strong>Diagn\u00f3stico Molecuar:<\/strong>\u00a0(PCR)<\/li>\n<\/ul>\n<p>[\/vc_column_text][vc_column_text]<strong>Principales Actividades\u00a0<\/strong><\/p>\n<ul>\n<li>\n<div align=\"justify\">Monitoreo de Plagas de Importancia Cuarentenaria<\/div>\n<\/li>\n<li>Manejo, Preservaci\u00f3n y Env\u00edo de muestras para el Laboratorio<\/li>\n<li>Capacitaciones Relacionadas con el Tema Fitosanitario<\/li>\n<li>Asesor\u00eda en Proyectos de Investigacion con temas relacionados con el Diagn\u00f3stico Fitosanitario<\/li>\n<\/ul>\n<p>[\/vc_column_text][vc_column_text]<\/p>\n<p style=\"text-align: justify;\"><strong>Formularios Laboratorio de Diagn\u00f3stico Fitosanitario\u00a0<\/strong><\/p>\n<div align=\"justify\">\n<ul>\n<li><a href=\"https:\/\/www.maga.gob.gt\/sitios\/visar\/wp-content\/uploads\/2024\/10\/LFS-EPA.pdf\">Ingreso de Muestras enviadas por los Puestos del Servicio de Protecci\u00f3n Agropecuaria SEPA<\/a><\/li>\n<li><a href=\"https:\/\/www.maga.gob.gt\/sitios\/visar\/wp-content\/uploads\/2024\/10\/LFSIng24.pdf\">Ingreso de Muestras\u00a0<\/a><\/li>\n<li><a href=\"https:\/\/www.maga.gob.gt\/sitios\/visar\/wp-content\/uploads\/2024\/10\/LFStoBRFV.pdf\">Ingreso de Muestras con Fines de Detecci\u00f3n de Tomato Brown Rugose Fruit Virus (ToBRFV)<\/a><\/li>\n<\/ul>\n<\/div>\n<p>[\/vc_column_text][vc_column_text][\/vc_column_text][vc_column_text][\/vc_column_text][\/vc_column][\/vc_row][vc_row][vc_column][vc_custom_heading text=&#8221;C\u00f3digos de Diagn\u00f3sticos&#8221; font_container=&#8221;tag:h2|text_align:center&#8221; google_fonts=&#8221;font_family:Abel%3Aregular|font_style:400%20regular%3A400%3Anormal&#8221;][vc_column_text][\/vc_column_text][\/vc_column][\/vc_row][vc_row][vc_column][vc_custom_heading text=&#8221;Costo de An\u00e1lisis&#8221; font_container=&#8221;tag:h2|text_align:center&#8221; google_fonts=&#8221;font_family:Abel%3Aregular|font_style:400%20regular%3A400%3Anormal&#8221;][vc_column_text][\/vc_column_text][\/vc_column][\/vc_row][vc_row][vc_column][vc_custom_heading text=&#8221;Horario de Recepci\u00f3n de Muestras&#8221; font_container=&#8221;tag:h2|text_align:center&#8221; google_fonts=&#8221;font_family:Abel%3Aregular|font_style:400%20regular%3A400%3Anormal&#8221;][vc_column_text][\/vc_column_text][\/vc_column][\/vc_row][vc_row][vc_column][vc_custom_heading text=&#8221;Laboratorio de Diagn\u00f3stico Fitosanitario Km 22<br \/>\nGesti\u00f3n de Calidad&#8221; font_container=&#8221;tag:h2|text_align:center&#8221; google_fonts=&#8221;font_family:Abel%3Aregular|font_style:400%20regular%3A400%3Anormal&#8221;][\/vc_column][\/vc_row][vc_row][vc_column width=&#8221;1\/3&#8243;][\/vc_column][vc_column width=&#8221;1\/3&#8243;][\/vc_column][vc_column width=&#8221;1\/3&#8243;][\/vc_column][\/vc_row][vc_row][vc_column width=&#8221;1\/3&#8243;][\/vc_column][vc_column width=&#8221;1\/3&#8243;][\/vc_column][vc_column width=&#8221;1\/3&#8243;][\/vc_column][\/vc_row]<\/p>\n","protected":false},"excerpt":{"rendered":"<p>[vc_row][vc_column][vc_empty_space][vc_custom_heading text=&#8221;Laboratorio de Diagn\u00f3stico Fitosanitario Km 22&#8243; font_container=&#8221;tag:h2|text_align:center&#8221; google_fonts=&#8221;font_family:Abel%3Aregular|font_style:400%20regular%3A400%3Anormal&#8221;][vc_column_text] Es el laboratorio destinado para la realizar diagn\u00f3sticos de plagas y enfermedades en el sector agr\u00edcola y forestal.\u00a0 Siendo una herramienta clave para detectar oportunamente plagas y enfermedades cuarentenarias, manteniendo \u00a0constantemente monitoreos de plagas end\u00e9micas y su detecci\u00f3n. Es indispensable para la vigilancia, detecci\u00f3n, protecci\u00f3n e [&hellip;]<\/p>\n","protected":false},"author":2,"featured_media":0,"parent":0,"menu_order":0,"comment_status":"closed","ping_status":"closed","template":"","meta":{"footnotes":""},"class_list":["post-201","page","type-page","status-publish","hentry"],"_links":{"self":[{"href":"https:\/\/www.maga.gob.gt\/sitios\/visar\/wp-json\/wp\/v2\/pages\/201","targetHints":{"allow":["GET"]}}],"collection":[{"href":"https:\/\/www.maga.gob.gt\/sitios\/visar\/wp-json\/wp\/v2\/pages"}],"about":[{"href":"https:\/\/www.maga.gob.gt\/sitios\/visar\/wp-json\/wp\/v2\/types\/page"}],"author":[{"embeddable":true,"href":"https:\/\/www.maga.gob.gt\/sitios\/visar\/wp-json\/wp\/v2\/users\/2"}],"replies":[{"embeddable":true,"href":"https:\/\/www.maga.gob.gt\/sitios\/visar\/wp-json\/wp\/v2\/comments?post=201"}],"version-history":[{"count":9,"href":"https:\/\/www.maga.gob.gt\/sitios\/visar\/wp-json\/wp\/v2\/pages\/201\/revisions"}],"predecessor-version":[{"id":1904,"href":"https:\/\/www.maga.gob.gt\/sitios\/visar\/wp-json\/wp\/v2\/pages\/201\/revisions\/1904"}],"wp:attachment":[{"href":"https:\/\/www.maga.gob.gt\/sitios\/visar\/wp-json\/wp\/v2\/media?parent=201"}],"curies":[{"name":"wp","href":"https:\/\/api.w.org\/{rel}","templated":true}]}}