{"id":166,"date":"2024-04-23T19:09:34","date_gmt":"2024-04-23T17:09:34","guid":{"rendered":"https:\/\/www.maga.gob.gt\/sitios\/visar\/?page_id=166"},"modified":"2025-07-16T20:30:17","modified_gmt":"2025-07-16T18:30:17","slug":"sanidad-vegetal","status":"publish","type":"page","link":"https:\/\/www.maga.gob.gt\/sitios\/visar\/sanidad-vegetal\/","title":{"rendered":"Sanidad Vegetal"},"content":{"rendered":"<p>[vc_row][vc_column][vc_empty_space][vc_custom_heading text=&#8221;Direcci\u00f3n de Sanidad Vegetal&#8221; font_container=&#8221;tag:h2|text_align:center&#8221; google_fonts=&#8221;font_family:Abel%3Aregular|font_style:400%20regular%3A400%3Anormal&#8221;][vc_column_text]<\/p>\n<ul class=\"Estilo3\">\n<li>Prevenir, controlar y erradicar las plagas de importancia cuarentenaria y econ\u00f3mica de las plantas.<\/li>\n<li>Establecer la normativa fitosanitaria para apoyar la competitividad de los productores.<\/li>\n<li>Definir el estatus fitosanitario de plagas por zonas geogr\u00e1ficas, atendiendo emergencias fitosanitarias.<\/li>\n<li>Procesar, analizar y verificar informaci\u00f3n sobre vigilancia fitosanitaria, disponiendo con la infraestructura de soporte necesaria.<\/li>\n<li>Vigilar la condici\u00f3n fitosanitaria epidemiol\u00f3gica y ejecutar las medidas fitosanitarias necesarias.<\/li>\n<li>Disponer del registro de Insumos para uso agr\u00edcola y aprobaci\u00f3n de protocolos de exportaci\u00f3n de productos agr\u00edcolas<\/li>\n<li>Registrar las unidades de producci\u00f3n agr\u00edcola y las organizaciones productivas comunitarias.<\/li>\n<li>Asistir la negociaci\u00f3n de protocolos para la importaci\u00f3n de las especies vegetales.<\/li>\n<li>Mantener un sistema de vigilancia de plagas y enfermedades ex\u00f3ticas y end\u00e9micas.<\/li>\n<\/ul>\n<p>[\/vc_column_text][\/vc_column][\/vc_row][vc_row][vc_column][vc_tta_accordion style=&#8221;flat&#8221; c_icon=&#8221;triangle&#8221; active_section=&#8221;&#8221; collapsible_all=&#8221;true&#8221;][vc_tta_section title=&#8221;Departamentos&#8221; tab_id=&#8221;1729103044524-ac664c3d-318c&#8221;][vc_column_text]<\/p>\n<ul>\n<li><a href=\"https:\/\/www.maga.gob.gt\/sitios\/visar\/departamento-de-vigilancia-epidemiologica-fitosanitaria-y-analisis-de-riesgo\/\">Departamento de Vigilancia Epidemiol\u00f3gica y An\u00e1lisis de Riesgo<\/a><\/li>\n<li><a href=\"https:\/\/www.maga.gob.gt\/sitios\/visar\/departamento-de-registro-de-insumos-agricolas\/\">Departamento de Registro de Insumos Agr\u00edcolas<\/a><\/li>\n<li>Certificaci\u00f3n Fitosanitaria (PIPAA)<\/li>\n<\/ul>\n<p>[\/vc_column_text][\/vc_tta_section][\/vc_tta_accordion][vc_tta_accordion style=&#8221;flat&#8221; c_icon=&#8221;triangle&#8221; active_section=&#8221;&#8221; collapsible_all=&#8221;true&#8221;][vc_tta_section title=&#8221;Certificaci\u00f3n Fitosanitaria de Aguacate&#8221; tab_id=&#8221;1747347173930-981f63d6-bbf9&#8243;][vc_column_text]<\/p>\n<ul>\n<li><a href=\"https:\/\/www.maga.gob.gt\/sitios\/visar\/wp-content\/uploads\/2025\/03\/1PROCED_LUGARES-SPRO.pdf\">Procedimiento para la Certificaci\u00f3n Fitosanitaria de Lugares o Sitios de Producci\u00f3n de Aguacate Var hass con Fines de Exportaci\u00f3n\u00a0<\/a><\/li>\n<li><a href=\"https:\/\/www.maga.gob.gt\/sitios\/visar\/wp-content\/uploads\/2025\/03\/2PROCED-PLANTAEMPACADORA23.pdf\">Procedimiento para la Certificaci\u00f3n Fitosanitaria de Lugares o Sitios de Producci\u00f3n de Aguacate Var hass con Fines de Exportaci\u00f3n\u00a0<\/a><\/li>\n<li><a href=\"https:\/\/www.maga.gob.gt\/sitios\/visar\/wp-content\/uploads\/2025\/03\/3PROCED_INSPEC-PRODUC23.pdf\">Procedimiento para la Inspecci\u00f3n y Certificaci\u00f3n Fitosanitaria de Env\u00edos de Aguacate Var hass con Fines de Exportaci\u00f3n\u00a0<\/a><\/li>\n<li><a href=\"https:\/\/www.maga.gob.gt\/sitios\/visar\/wp-content\/uploads\/2025\/06\/P-aguacateArg.pdf\">Plan de Trabajo para la Exportaci\u00f3n de Fruto de Aguacate Palta (Persea americana variedad Hass) desde Guatemala hacia Argentina\u00a0<\/a><\/li>\n<li><a href=\"https:\/\/www.maga.gob.gt\/sitios\/visar\/wp-content\/uploads\/2025\/06\/POAhass-eeuu.pdf\">Plan de Trabajo Operativo para la Exportaci\u00f3n de Aguacate Hass Fresco de Guatemala a Estados Unidos de Am\u00e9rica<\/a><br \/>\n<h2 class=\"hP\" tabindex=\"-1\" data-thread-perm-id=\"thread-f:1835285262275338746\" data-legacy-thread-id=\"19783e38e76e61fa\"><\/h2>\n<div class=\"pG\" tabindex=\"0\" role=\"switch\" data-tooltip-contained=\"true\" data-tooltip-align=\"b,l\" data-tooltip-delay=\"1500\" aria-label=\"Importante seg\u00fan el criterio de Google.\" aria-checked=\"true\" data-is-important=\"true\"><\/div>\n<\/li>\n<\/ul>\n<p>[\/vc_column_text][\/vc_tta_section][\/vc_tta_accordion][vc_tta_accordion style=&#8221;flat&#8221; c_icon=&#8221;triangle&#8221; active_section=&#8221;&#8221; collapsible_all=&#8221;true&#8221;][vc_tta_section title=&#8221;Documentos T\u00e9cnicos&#8221; tab_id=&#8221;1747347357612-da608d78-44dd&#8221;][vc_column_text]<\/p>\n<ul>\n<li><a href=\"https:\/\/www.maga.gob.gt\/sitios\/visar\/wp-content\/uploads\/2025\/07\/Manual-SEPA.pdf\">Manual de Procedimientos para Cuarentena Vegetal y Animal\u00a0<\/a><\/li>\n<\/ul>\n<p>[\/vc_column_text][\/vc_tta_section][\/vc_tta_accordion][vc_tta_accordion style=&#8221;flat&#8221; c_icon=&#8221;triangle&#8221; active_section=&#8221;&#8221; collapsible_all=&#8221;true&#8221;][vc_tta_section title=&#8221;Laboratorios&#8221; tab_id=&#8221;1747347457126-41be9b39-1d85&#8243;][vc_column_text]<\/p>\n<ul>\n<li>\n<div align=\"justify\"><a href=\"https:\/\/visar.maga.gob.gt\/?page_id=1045\" target=\"_blank\" rel=\"noopener noreferrer\">Laboratorio de Diagn\u00f3stico Fitosanitario Sede Pet\u00e9n<\/a><\/div>\n<\/li>\n<li><a href=\"https:\/\/www.maga.gob.gt\/sitios\/visar\/laboratorio-de-diagnostico-fitosanitario-km-22\/\">Laboratorio de Diagn\u00f3stico Fitosanitario Km. 22<\/a><\/li>\n<\/ul>\n<p>[\/vc_column_text][\/vc_tta_section][\/vc_tta_accordion][vc_tta_accordion style=&#8221;flat&#8221; c_icon=&#8221;triangle&#8221; active_section=&#8221;&#8221; collapsible_all=&#8221;true&#8221;][vc_tta_section title=&#8221;Base Legal&#8221; tab_id=&#8221;1747348211414-e5f6635f-a021&#8243;][vc_column_text]<\/p>\n<ul>\n<li>Acuerdo Gubernativo No.\u00a0<a href=\"https:\/\/apps.maga.gob.gt\/normativas\/Normativas\/Download\/1248\">157-2020<\/a>\u00a0Reglamento de la Ley de Protecci\u00f3n para el Cultivo del Pl\u00e1tano y el Banano en la Rep\u00fablica de Guatemala<\/li>\n<li>Decreto No.<a href=\"https:\/\/apps.maga.gob.gt\/normativas\/Normativas\/Download\/1268\">7-2020\u00a0<\/a>Ley de Protecci\u00f3n para el Cultivo del Pl\u00e1tano y el Banano en la Rep\u00fablica de Guatemala<\/li>\n<li>Acuerdo Gubernativo No.\u00a0<a href=\"https:\/\/apps.maga.gob.gt\/normativas\/Normativas\/Download\/495\">177-2016<\/a>\u00a0Reformas al Acuerdo Gubernativo No. 745-99 de fecha 30 de septiembre de 1999, del Reglamento de la Ley de Sanidad Vegetal y Animal<\/li>\n<li>Acuerdo Gubernativo No.\u00a0<a href=\"https:\/\/apps.maga.gob.gt\/normativas\/Normativas\/Download\/451\">438-98\u00a0<\/a>Delegar en el Organismo Internacional Regional de Sanidad Agropecuaria OIRSA, la administraci\u00f3n de los servicios de cuarentena vegetal y animal<\/li>\n<li>Acuerdo Gubernativo No.\u00a0<a href=\"https:\/\/apps.maga.gob.gt\/normativas\/Normativas\/Download\/454\">745-99<\/a>\u00a0Reglamento de Ley de Sanidad Vegetal y Animal<\/li>\n<li>Acuerdo Gubernativo No.\u00a0<a href=\"https:\/\/apps.maga.gob.gt\/normativas\/Normativas\/Download\/458\">969-99\u00a0<\/a>Reglamento para la Inocuidad de los Alimentos<\/li>\n<li>Acuerdo Ministerial No.\u00a0<a href=\"https:\/\/apps.maga.gob.gt\/normativas\/Normativas\/Download\/842\">03-2014<\/a>\u00a0Disposiciones para el embalaje de madera utilizado en el comercio internacional<\/li>\n<li>Acuerdo Ministerial No.\u00a0<a href=\"https:\/\/apps.maga.gob.gt\/normativas\/Normativas\/Download\/1208\">04-2020<\/a>\u00a0Se modifica el Art\u00edculo 11 del Acuerdo Ministerial No. 341-2019 de fecha 26 de noviembre de 2019<\/li>\n<li>Acuerdo Ministerial No.\u00a0<a href=\"https:\/\/apps.maga.gob.gt\/normativas\/Normativas\/Download\/309\">07-2012<\/a>\u00a0Establecer los requisitos para autorizar la importaci\u00f3n de semillas de tomate, originarias o procedentes de pa\u00edses donde se tiene reportes de la presencia de la bacteria Clavibacter michinganensis subespecies michiganensis<\/li>\n<li>Acuerdo Ministerial No.\u00a0<a href=\"https:\/\/apps.maga.gob.gt\/normativas\/Normativas\/Download\/1151\">38-2020<\/a> Disposiciones para el reconocimiento de pruebas de an\u00e1lisis y diagn\u00f3stico de laboratorios<\/li>\n<li>Acuerdo Ministerial No.\u00a0<a href=\"https:\/\/apps.maga.gob.gt\/normativas\/Normativas\/Download\/1209\">48-2021<\/a>\u00a0Modificar el Art\u00edculo 6 del Acuerdo Ministerial No. 341-2019 de fecha 26 de noviembre de 2019<\/li>\n<li>Acuerdo Ministerial No.\u00a0<a href=\"https:\/\/apps.maga.gob.gt\/normativas\/Normativas\/Download\/1189\">57-2021<\/a>\u00a0Aprobar el \u201cManual de Procedimientos de Cuarentena Vegetal y Animal\u201d<\/li>\n<li>Acuerdo Ministerial No.\u00a0<a href=\"https:\/\/apps.maga.gob.gt\/normativas\/Normativas\/Download\/1190\">77-2021\u00a0<\/a>Aprobar los requisitos fitosanitarios par ala importaci\u00f3n de semillas, material propagativo asexual, frutos de solan\u00e1ceas y el registro de las unidades productoras de material propagativo de solan\u00e1ceas<\/li>\n<li>Acuerdo Ministerial No.\u00a0<a href=\"https:\/\/apps.maga.gob.gt\/normativas\/Normativas\/Download\/1269\">82-2021<\/a>\u00a0Listado de Plagas Reglamentadas en al Rep\u00fablica de Guatemala<\/li>\n<li>Acuerdo Ministerial No.\u00a0<a href=\"https:\/\/apps.maga.gob.gt\/normativas\/Normativas\/Download\/283\">95-2010<\/a>\u00a0Disposiciones relacionadas con las actividades de extracci\u00f3n, manejo y transporte de desechos s\u00f3lidos inorg\u00e1nicos que representan riesgo a la sanidad vegetal y animal, provenientes de los buques<\/li>\n<li>Acuerdo Ministerial No.<a href=\"https:\/\/apps.maga.gob.gt\/normativas\/Normativas\/Download\/228\">108-2007\u00a0<\/a>Regular las disposiciones aplicables a la solicitud y emisi\u00f3n, en forma electr\u00f3nica, de los permisos previos de importaci\u00f3n de animales, vegetales, sus productos y subproductos e insumos, para uso agr\u00edcola y para uso en animales<\/li>\n<li>Acuerdo Ministerial No.<a href=\"https:\/\/apps.maga.gob.gt\/normativas\/Normativas\/Download\/1026\">\u00a0112-2018<\/a>\u00a0Disposiciones para le emisi\u00f3n de certificados fitosanitarios de exportaci\u00f3n<\/li>\n<li>Acuerdo Ministerial No.\u00a0<a href=\"https:\/\/apps.maga.gob.gt\/normativas\/Normativas\/Download\/683\">114-2018<\/a>\u00a0Tarifas por servicios de inspecci\u00f3n de env\u00edos, mercanc\u00edas, medios de transporte y otros<\/li>\n<li>Acuerdo Ministerial No.\u00a0127-2020\u00a0Declarar estado de emergencia fitosanitaria por el incremento significativo de la langosta voladora<\/li>\n<li>Acuerdo Ministerial No.\u00a0128-2020\u00a0Procedimiento de cuarentena posentrada para material vegetal propagativo con fines experimentales que se asocien con plagas cuarentenarias<\/li>\n<li>Acuerdo Ministerial No.\u00a0<a href=\"https:\/\/apps.maga.gob.gt\/normativas\/Normativas\/Download\/221\">137-2007\u00a0<\/a>Tarifas por servicios que presta el Ministerio de Agricultura, Ganader\u00eda y Alimentaci\u00f3n<\/li>\n<li>Acuerdo Ministerial No.\u00a0163-2017\u00a0Reformas a las tarifas por servicios que presta el Ministerio de Agricultura, Ganader\u00eda y Alimentaci\u00f3n, a trav\u00e9s del Viceministerio de Sanidad Agropecuaria y Regulaciones, contenidas en el Acuerdo Ministerial No. 137-2007 de fecha 6 de marzo de 2007<\/li>\n<li>Acuerdo Ministerial No.\u00a0260-2019\u00a0Disposiciones relacionadas con la exclusi\u00f3n y control del hongo Fusarium oxysporum f. sp. cubense Raza 4 Tropical conocido como Foc R4T, ausente en el territorio nacional<\/li>\n<li>Acuerdo Ministerial No.\u00a0<a href=\"https:\/\/apps.maga.gob.gt\/normativas\/Normativas\/Download\/229\">277-2007\u00a0<\/a>Reformas a las tarifas por servicios que presta el Ministerio de Agricultura, Ganader\u00eda y Alimentaci\u00f3n, a trav\u00e9s de la Unidad de Normas y Regulaciones, contenidas en el Acuerdo Ministerial No. 137-2007 de fecha 6 de marzo de 2007<\/li>\n<li>Acuerdo Ministerial No.\u00a0289-2019\u00a0Establecer el procedimiento para la autorizaci\u00f3n de terceros para la elaboraci\u00f3n y presentaci\u00f3n de las Etapas I y II y Evaluaci\u00f3n de Riesgo de Plagas del Estudio de An\u00e1lisis de Riesgos de Plagas \u2013<\/li>\n<li>Acuerdo Ministerial No.\u00a0<a href=\"https:\/\/apps.maga.gob.gt\/normativas\/Normativas\/Download\/1109\">300-2019<\/a>\u00a0Modificaciones al Acuerdo Ministerial No. 137-2007 de fecha 6 de marzo de 2007<\/li>\n<li>Acuerdo Ministerial No.\u00a0<a href=\"https:\/\/apps.maga.gob.gt\/normativas\/Normativas\/Download\/1128\">301-2019<\/a>\u00a0Disposiciones aplicables a la solicitud y emisi\u00f3n, en forma electr\u00f3nica, de constancias en materia fitosanitaria o zoosanitaria. Permisos o autorizaciones de importaci\u00f3n y certificaciones de exportaci\u00f3n<\/li>\n<li>Acuerdo Ministerial No.\u00a0<a href=\"https:\/\/apps.maga.gob.gt\/normativas\/Normativas\/Download\/208\">312-2006<\/a>\u00a0Disposiciones aplicables para prohibir el ingreso de malezas cuarentenarias<\/li>\n<li>Acuerdo Ministerial No.\u00a0337-2018\u00a0Aprobar las ocho (8) cl\u00e1usulas que contiene el Convenio Tripartito de Cooperaci\u00f3n T\u00e9cnica 49-2018 suscrito entre el Ministerio de Agricultura, Ganader\u00eda y Alimentaci\u00f3n, la Asociaci\u00f3n de Productores Independientes de Banano -APIB- y el Organismo Internacional Regional de Sanidad Agropecuaria -OIRSA- para fortalecer las acciones de prevenci\u00f3n, protecci\u00f3n e inspecci\u00f3n de plagas de importancia cuarentenaria y econ\u00f3mica en mus\u00e1ceas en el territorio guatemalteco<\/li>\n<li>Acuerdo Ministerial No.\u00a0<a href=\"https:\/\/apps.maga.gob.gt\/normativas\/Normativas\/Download\/1154\">341-2019<\/a>\u00a0Disposiciones aplicables a la importaci\u00f3n, exportaci\u00f3n, movilizaci\u00f3n o traslados de plantas, productos o subproductos de origen vegetal<\/li>\n<li>Acuerdo Ministerial No.\u00a0<a href=\"https:\/\/apps.maga.gob.gt\/normativas\/Normativas\/Download\/1027\">350-2018<\/a>\u00a0Requisitos fitosanitarios de importaci\u00f3n para muestras de suelo de referencia certificada con fines de an\u00e1lisis, f\u00edsicos-qu\u00edmicos<\/li>\n<li>Acuerdo Ministerial No.\u00a0380-2019\u00a0Establecer los requisitos para el establecimiento de lugares y sitios de producci\u00f3n libres de plagas<\/li>\n<li>Acuerdo Ministerial No. <a href=\"https:\/\/apps.maga.gob.gt\/normativas\/Normativas\/Download\/338\">455-2013<\/a> Reestructura y consolidar las acciones del Programa Integral de Protecci\u00f3n Agr\u00edcola\/Ambiental -PIPAA-<\/li>\n<li>Acuerdo Ministerial No.\u00a0<a href=\"https:\/\/apps.maga.gob.gt\/normativas\/Normativas\/Download\/359\">491-2015<\/a>\u00a0Listado actualizado de plagas reglamentadas y disposiciones para determinar requisitos fitosanitarios de importaci\u00f3n aplicables a env\u00edos de origen vegetal, que se pretendan importar por primera vez al territorio nacional<\/li>\n<li>Acuerdo Ministerial No.\u00a0<a href=\"https:\/\/apps.maga.gob.gt\/normativas\/Normativas\/Download\/344\">537-2014\u00a0<\/a>Reforma al Art\u00edculo 5 funciones del Programa Integral de Protecci\u00f3n Agr\u00edcola\/Ambiental -PIPAA- del Acuerdo Ministerial No. 455-2013 de fecha 8 de septiembre de 2013<\/li>\n<li>Acuerdo Ministerial No.\u00a0<a title=\"\" href=\"https:\/\/apps.maga.gob.gt\/normativas\/Normativas\/Download\/337\" target=\"_blank\" rel=\"noopener noreferrer\">614-2013<\/a>\u00a0Prevenci\u00f3n de la introducci\u00f3n de la plaga cuarentenaria Fusarium Oxysporum f. sp. cubense Raza 4 Tropical conocida como FOC RT-4 ausente en el territorio nacional y causante de la enfermedad conocida como \u201cEl Mal de Panam\u00e1\u201d<\/li>\n<li>Acuerdo Ministerial No.\u00a0<a href=\"https:\/\/apps.maga.gob.gt\/normativas\/Normativas\/Download\/198\">617-2004<\/a>\u00a0Disposiciones aplicables a la importaci\u00f3n, exportaci\u00f3n, movilizaci\u00f3n o traslados de plantas, productos o subproductos de origen vegetal<\/li>\n<li>Acuerdo Ministerial No.\u00a0<a href=\"https:\/\/apps.maga.gob.gt\/normativas\/Normativas\/Download\/199\">1185-2004<\/a>\u00a0Modifica los Art\u00edculos 5, 12, 14\u00a0 y 20 del Acuerdo Ministerial No. 617-2004 de fecha 24 de febrero 2004<\/li>\n<\/ul>\n<p>[\/vc_column_text][\/vc_tta_section][\/vc_tta_accordion][\/vc_column][\/vc_row][vc_row][vc_column][vc_empty_space][\/vc_column][\/vc_row]<\/p>\n","protected":false},"excerpt":{"rendered":"<p>[vc_row][vc_column][vc_empty_space][vc_custom_heading text=&#8221;Direcci\u00f3n de Sanidad Vegetal&#8221; font_container=&#8221;tag:h2|text_align:center&#8221; google_fonts=&#8221;font_family:Abel%3Aregular|font_style:400%20regular%3A400%3Anormal&#8221;][vc_column_text] Prevenir, controlar y erradicar las plagas de importancia cuarentenaria y econ\u00f3mica de las plantas. Establecer la normativa fitosanitaria para apoyar la competitividad de los productores. Definir el estatus fitosanitario de plagas por zonas geogr\u00e1ficas, atendiendo emergencias fitosanitarias. Procesar, analizar y verificar informaci\u00f3n sobre vigilancia fitosanitaria, disponiendo con la [&hellip;]<\/p>\n","protected":false},"author":2,"featured_media":0,"parent":0,"menu_order":0,"comment_status":"closed","ping_status":"closed","template":"","meta":{"footnotes":""},"class_list":["post-166","page","type-page","status-publish","hentry"],"_links":{"self":[{"href":"https:\/\/www.maga.gob.gt\/sitios\/visar\/wp-json\/wp\/v2\/pages\/166","targetHints":{"allow":["GET"]}}],"collection":[{"href":"https:\/\/www.maga.gob.gt\/sitios\/visar\/wp-json\/wp\/v2\/pages"}],"about":[{"href":"https:\/\/www.maga.gob.gt\/sitios\/visar\/wp-json\/wp\/v2\/types\/page"}],"author":[{"embeddable":true,"href":"https:\/\/www.maga.gob.gt\/sitios\/visar\/wp-json\/wp\/v2\/users\/2"}],"replies":[{"embeddable":true,"href":"https:\/\/www.maga.gob.gt\/sitios\/visar\/wp-json\/wp\/v2\/comments?post=166"}],"version-history":[{"count":18,"href":"https:\/\/www.maga.gob.gt\/sitios\/visar\/wp-json\/wp\/v2\/pages\/166\/revisions"}],"predecessor-version":[{"id":2566,"href":"https:\/\/www.maga.gob.gt\/sitios\/visar\/wp-json\/wp\/v2\/pages\/166\/revisions\/2566"}],"wp:attachment":[{"href":"https:\/\/www.maga.gob.gt\/sitios\/visar\/wp-json\/wp\/v2\/media?parent=166"}],"curies":[{"name":"wp","href":"https:\/\/api.w.org\/{rel}","templated":true}]}}