{"id":16,"date":"2024-03-04T23:44:59","date_gmt":"2024-03-04T22:44:59","guid":{"rendered":"https:\/\/www.maga.gob.gt\/sitios\/visar\/?page_id=16"},"modified":"2025-03-20T19:21:26","modified_gmt":"2025-03-20T18:21:26","slug":"departamento-de-registro-de-insumos-para-uso-en-animales","status":"publish","type":"page","link":"https:\/\/www.maga.gob.gt\/sitios\/visar\/departamento-de-registro-de-insumos-para-uso-en-animales\/","title":{"rendered":"Departamento de Registro de Insumos para Uso en Animales"},"content":{"rendered":"<p>[vc_row][vc_column][vc_empty_space][vc_custom_heading text=&#8221;Departamento de Registros de Insumos para Uso en Animales&#8221; font_container=&#8221;tag:h2|text_align:center&#8221; google_fonts=&#8221;font_family:Abel%3Aregular|font_style:400%20regular%3A400%3Anormal&#8221;][vc_column_text]<\/p>\n<p style=\"text-align: justify;\">Es el responsable del registro de empresas elaboradoras, importadores, exportadores y comercializadores de insumos para uso en animales, las cuales deben de contar con un &#8220;Regente&#8221; colegiado activo, que se debe actualizar cada a\u00f1o.<\/p>\n<p style=\"text-align: justify;\">Registro de insumos para uso en animales toma en cuenta no poner en riesgo la salud animal, ambiente y humana, tomando en cuenta los per\u00edodos de retiro de los medicamentos veterinarios en los animales productores de alimento y concientizando las buenas pr\u00e1cticas de uso de los mismos a todo nivel para fortalecer las exportaciones y seguridad alimentaria. A nivel regional como pa\u00eds miembro de uni\u00f3n aduanera y miembro del OIRSA, se encuentra elaborando normas para el cumplimiento a nivel regional, facilitando los procesos de registro para su comercializaci\u00f3n y exportaci\u00f3n de los mismos.<\/p>\n<p style=\"text-align: justify;\">Contamos con el comit\u00e9 de normalizaci\u00f3n de medicamentos y alimentos para animales a nivel nacional donde se proponen y discuten las diferentes normativas a nivel nacional donde se proponen y discuten las diferentes normativas de aplicaci\u00f3n nacional e internacional.<\/p>\n<p><span style=\"text-align: justify;\">Se realizan inspecciones a las plantas elaboradoras y se toman muestras de alimentos para camar\u00f3n para su respectivo an\u00e1lisis el cual debe de ser libre de residuos.<\/span><\/p>\n<p style=\"text-align: justify;\">Capacita continuamente a los regentes y usuarios involucrados con la finalidad de concientizar y facilitar la aplicaci\u00f3n de la normativa vigente.<\/p>\n<ul>\n<li><a href=\"https:\/\/www.maga.gob.gt\/sitios\/visar\/formularios\/\">Formularios<\/a><\/li>\n<\/ul>\n<p>[\/vc_column_text][\/vc_column][\/vc_row][vc_row][vc_column][vc_custom_heading text=&#8221;Documentos T\u00e9cnicos Relacionados&#8221; font_container=&#8221;tag:h2|text_align:center&#8221; google_fonts=&#8221;font_family:Abel%3Aregular|font_style:400%20regular%3A400%3Anormal&#8221;][vc_column_text]<\/p>\n<ul>\n<li><a href=\"https:\/\/www.maga.gob.gt\/sitios\/visar\/wp-content\/uploads\/2025\/01\/RTCA65055118.pdf\">RTCA 65.05.51:18 Medicamentos Veterinarios y Productos Afines. Requisitos de Registro Sanitario y Control\u00a0<\/a><\/li>\n<li><a href=\"https:\/\/www.maga.gob.gt\/sitios\/visar\/wp-content\/uploads\/2025\/03\/rtca5211.pdf\" target=\"_blank\" rel=\"noopener noreferrer\">RTCA 65.05.52:11 (Productos Utilizados en Alimentaci\u00f3n Animal y Establecimientos)<\/a><\/li>\n<li><a href=\"https:\/\/www.maga.gob.gt\/sitios\/visar\/wp-content\/uploads\/2025\/03\/r360-2014.pdf\" target=\"_blank\" rel=\"noopener noreferrer\">Resoluci\u00f3n No. 360-2014 (COMIECO-LXX)<\/a><\/li>\n<li><a href=\"https:\/\/www.maga.gob.gt\/sitios\/visar\/wp-content\/uploads\/2025\/03\/pregsanit.pdf\" target=\"_blank\" rel=\"noopener noreferrer\">Anexo de la Resoluci\u00f3n No. 304-2013 (Procedimientos para el Reconocimiento de Registro Sanitario)<\/a><\/li>\n<li><a href=\"https:\/\/www.maga.gob.gt\/sitios\/visar\/wp-content\/uploads\/2025\/03\/RTCA656311BPM.pdf\" target=\"_blank\" rel=\"noopener noreferrer\">RTCA 65.05.63:11 (Productos Utilizados en Alimentaci\u00f3n Animal &#8211; Buenas Pr\u00e1cticas de Manufactura<\/a>)<\/li>\n<li><a href=\"https:\/\/www.maga.gob.gt\/sitios\/visar\/wp-content\/uploads\/2025\/03\/aconexosrtca.pdf\" target=\"_blank\" rel=\"noopener noreferrer\">Acuerdos Conexos RTCA Medicamentos Veterinarios<\/a><\/li>\n<li><a href=\"https:\/\/www.maga.gob.gt\/sitios\/visar\/wp-content\/uploads\/2025\/03\/bolisumpec.pdf\" target=\"_blank\" rel=\"noopener noreferrer\">Informaci\u00f3n Relacionada con la Importaci\u00f3n y Tr\u00e1nsito Internacional de Medicamentos Veterinarios\/Productos Afines y Productos Utilizados en Alimentaci\u00f3n Animal<\/a><\/li>\n<\/ul>\n<p>[\/vc_column_text][\/vc_column][\/vc_row][vc_row][vc_column][vc_custom_heading text=&#8221;Normativas&#8221; font_container=&#8221;tag:h2|text_align:center&#8221; google_fonts=&#8221;font_family:Abel%3Aregular|font_style:400%20regular%3A400%3Anormal&#8221;][vc_column_text]<\/p>\n<ul>\n<li><a href=\"https:\/\/apps.maga.gob.gt\/Normativas\/Normativas\">Base de Datos Normativas VISAR<\/a><\/li>\n<\/ul>\n<p>[\/vc_column_text][\/vc_column][\/vc_row]<\/p>\n","protected":false},"excerpt":{"rendered":"<p>[vc_row][vc_column][vc_empty_space][vc_custom_heading text=&#8221;Departamento de Registros de Insumos para Uso en Animales&#8221; font_container=&#8221;tag:h2|text_align:center&#8221; google_fonts=&#8221;font_family:Abel%3Aregular|font_style:400%20regular%3A400%3Anormal&#8221;][vc_column_text] Es el responsable del registro de empresas elaboradoras, importadores, exportadores y comercializadores de insumos para uso en animales, las cuales deben de contar con un &#8220;Regente&#8221; colegiado activo, que se debe actualizar cada a\u00f1o. Registro de insumos para uso en animales toma en [&hellip;]<\/p>\n","protected":false},"author":2,"featured_media":0,"parent":0,"menu_order":0,"comment_status":"closed","ping_status":"closed","template":"","meta":{"footnotes":""},"class_list":["post-16","page","type-page","status-publish","hentry"],"_links":{"self":[{"href":"https:\/\/www.maga.gob.gt\/sitios\/visar\/wp-json\/wp\/v2\/pages\/16","targetHints":{"allow":["GET"]}}],"collection":[{"href":"https:\/\/www.maga.gob.gt\/sitios\/visar\/wp-json\/wp\/v2\/pages"}],"about":[{"href":"https:\/\/www.maga.gob.gt\/sitios\/visar\/wp-json\/wp\/v2\/types\/page"}],"author":[{"embeddable":true,"href":"https:\/\/www.maga.gob.gt\/sitios\/visar\/wp-json\/wp\/v2\/users\/2"}],"replies":[{"embeddable":true,"href":"https:\/\/www.maga.gob.gt\/sitios\/visar\/wp-json\/wp\/v2\/comments?post=16"}],"version-history":[{"count":9,"href":"https:\/\/www.maga.gob.gt\/sitios\/visar\/wp-json\/wp\/v2\/pages\/16\/revisions"}],"predecessor-version":[{"id":1899,"href":"https:\/\/www.maga.gob.gt\/sitios\/visar\/wp-json\/wp\/v2\/pages\/16\/revisions\/1899"}],"wp:attachment":[{"href":"https:\/\/www.maga.gob.gt\/sitios\/visar\/wp-json\/wp\/v2\/media?parent=16"}],"curies":[{"name":"wp","href":"https:\/\/api.w.org\/{rel}","templated":true}]}}