{"id":159,"date":"2024-04-23T17:52:26","date_gmt":"2024-04-23T15:52:26","guid":{"rendered":"https:\/\/www.maga.gob.gt\/sitios\/visar\/?page_id=159"},"modified":"2024-04-23T17:54:36","modified_gmt":"2024-04-23T15:54:36","slug":"programa-nacional-de-sanidad-apicola-prosapi","status":"publish","type":"page","link":"https:\/\/www.maga.gob.gt\/sitios\/visar\/programa-nacional-de-sanidad-apicola-prosapi\/","title":{"rendered":"Programa Nacional de Sanidad Ap\u00edcola PROSAPI"},"content":{"rendered":"<p>[vc_row][vc_column][vc_custom_heading text=&#8221;Programa Nacional de Sanidad Ap\u00edcola PROSAPI&#8221; font_container=&#8221;tag:h2|text_align:center&#8221; google_fonts=&#8221;font_family:Abel%3Aregular|font_style:400%20regular%3A400%3Anormal&#8221;][vc_column_text]El Programa Nacional de Sanidad Ap\u00edcola, el cual se denomina -PROSAPI-, es coordinado y desarrollado por la Direcci\u00f3n de Sanidad Animal del Viceministerio de Sanidad Agropecuaria y Regulaciones -VISAR-, del Ministerio de Agricultura Ganader\u00eda y Alimentaci\u00f3n -MAGA-. De tal manera que es uno de los programas adjuntos a dicha direcci\u00f3n que tiene como eje principal establecer un Sistema de Vigilancia Epidemiol\u00f3gica para las enfermedades y\/o plagas que afectan a la Apicultura en Guatemala. En ese sentido, dicho sistema permitir\u00e1 cumplir el objeto por el cual fue creado y as\u00ed mismo cumplir con los requisitos que la Organizaci\u00f3n Mundial de Sanidad Animal -OIE- establece para cada pa\u00eds miembro de dicha organizaci\u00f3n.[\/vc_column_text][vc_column_text]<strong>Objeto<\/strong><\/p>\n<p>El PROSAPI tiene como objeto planificar, ejecutar y evaluar estrategias, metodolog\u00edas y dem\u00e1s acciones sanitarias, que permitan el diagn\u00f3stico, prevenci\u00f3n, control, vigilancia epidemiol\u00f3gica y erradicaci\u00f3n de las enfermedades que afectan la producci\u00f3n ap\u00edcola nacional, as\u00ed\u0301 como proteger y prevenir el ingreso al pa\u00eds de patolog\u00edas ex\u00f3ticas o transfronterizas.[\/vc_column_text][vc_column_text]<strong>Base Legal<\/strong><\/p>\n<ul>\n<li>Art\u00edculo 194. Constituci\u00f3n Pol\u00edtica de la Rep\u00fablica de Guatemala.<\/li>\n<li>Art\u00edculos 27 y 29. Ley del Organismo Ejecutivo. Decreto No. 114-97.<\/li>\n<li>Art\u00edculo 6. Ley de sanidad vegetal y animal. Decreto No.\u00a0\u00a0<a title=\"\" href=\"https:\/\/sistemas.maga.gob.gt\/normativas\/Normativas\/Download\/502\" target=\"_blank\" rel=\"noopener\">36-98<\/a>.<\/li>\n<li>Art\u00edculo 45. Reglamento de la ley de sanidad vegetal y animal. Acuerdo Gubernativo No.\u00a0<a title=\"\" href=\"https:\/\/sistemas.maga.gob.gt\/normativas\/Normativas\/Download\/454\" target=\"_blank\" rel=\"noopener\">745-99<\/a>.<\/li>\n<li>Art\u00edculo 7. del Reglamento Org\u00e1nico Interno del Ministerio de Agricultura, Ganader\u00eda y Alimentaci\u00f3n. Acuerdo Gubernativo n\u00famero\u00a0<a title=\"\" href=\"https:\/\/sistemas.maga.gob.gt\/normativas\/Normativas\/Download\/487\" target=\"_blank\" rel=\"noopener\">338-2010.<\/a><\/li>\n<li>Art\u00edculo 1. Creaci\u00f3n del PROSAPI. Acuerdo Ministerial\u00a0<a href=\"https:\/\/visar.maga.gob.gt\/wp-content\/uploads\/2020\/10\/Prosapiam557-2015.pdf\">557-2015<\/a>.<\/li>\n<\/ul>\n<p>[\/vc_column_text][vc_column_text]<strong>Actividades<\/strong><\/p>\n<p>&nbsp;<\/p>\n<ul>\n<li>Velar por que se cumpla con las normas nacionales e internacionales que permitan minimizar el riesgo de introducci\u00f3n y diseminaci\u00f3n en el Pa\u00eds de enfermedades cuarentenables y notificar el estatus sanitario de las enfermedades api\u0301colas, en funci\u00f3n de la transparencia exigida en el comercio.<\/li>\n<li>Desarrollar metodolog\u00edas, estrategias, planes, manuales, proyectos, normas y procedimientos, que permitan a la autoridad sanitaria competente mantener el estatus sanitario satisfactorio y controlado del pa\u00eds.<\/li>\n<li>Establecer, dirigir y coordinar las medidas y acciones relacionadas con la prevenci\u00f3n, control, vigilancia epidemiol\u00f3gica y erradicaci\u00f3n de las enfermedades ap\u00edcolas de notificaci\u00f3n obligatoria y de las enfermedades end\u00e9micas que el PROSAPI establezca.<\/li>\n<li>Realizar el diagn\u00f3stico de las enfermedades ap\u00edcolas y delegar los servicios de diagn\u00f3stico de enfermedades ap\u00edcolas conforme la normativa nacional vigente.<\/li>\n<li>Velar por que los laboratorios en los que se delegue el servicio de diagn\u00f3stico ap\u00edcola, est\u00e9n bajo la coordinaci\u00f3n y supervisi\u00f3n del MAGA a trav\u00e9s de la Direcci\u00f3n de Sanidad Animal.<\/li>\n<li>Velar por la bioseguridad ap\u00edcola, su evaluaci\u00f3n en las unidades productivas, as\u00ed\u0301 como las medidas de mitigaci\u00f3n.<\/li>\n<li>Establecer el estatus sanitario de las enfermedades ap\u00edcolas y declarar oficialmente ante la OIE a trav\u00e9s de la Direcci\u00f3n de Sanidad Animal, el estatus sanitario del Pa\u00eds con respecto a las diferentes enfermedades ap\u00edcolas, as\u00ed\u0301 como ejecutar en el territorio nacional los procedimientos t\u00e9cnicos sanitarios que se consideren necesarios, de acuerdo con las recomendaciones y directrices de la Organizaci\u00f3n Mundial de Sanidad Animal -OIE- y otros organismos relacionados.<\/li>\n<\/ul>\n<p><strong>\u00a0<\/strong>[\/vc_column_text][vc_column_text]<b>Formularios<\/b><\/p>\n<p>&nbsp;<\/p>\n<ul>\n<li>\n<div align=\"justify\"><a href=\"https:\/\/visar.maga.gob.gt\/visar\/2016\/form\/sa\/FTZ-01.pdf\">Registro de Personas y Establecimientos Agropecuarios (FTZ-01)<\/a><\/div>\n<\/li>\n<li><a href=\"https:\/\/visar.maga.gob.gt\/visar\/2020\/trazb\/form-transp.PDF\">Registro de Transportistas y Unidades de Transporte<\/a><\/li>\n<li><a href=\"https:\/\/visar.maga.gob.gt\/visar\/2020\/vig\/forma4-inve.pdf\">Investigaci\u00f3n Epidemiol\u00f3gica<\/a><\/li>\n<li><a href=\"https:\/\/visar.maga.gob.gt\/visar\/2020\/vig\/form6-ccaso.pdf\">Seguimiento de Investigaci\u00f3n Epidemiol\u00f3gica y Cierre de Caso<\/a><\/li>\n<li><a href=\"https:\/\/visar.maga.gob.gt\/visar\/2020\/sa\/regis-capacit.doc\">Boleta de Control y Registro de Capacitaciones Sanitarias\u00a0<\/a><\/li>\n<li><a href=\"https:\/\/visar.maga.gob.gt\/visar\/2020\/vig\/LSAnalisis.xlsx\">Solicitud de An\u00e1lisis de Laboratorio<\/a><\/li>\n<\/ul>\n<p>[\/vc_column_text][vc_column_text]<b>Documentos T\u00e9cnicos<\/b><\/p>\n<p>&nbsp;<\/p>\n<ul>\n<li>\n<div align=\"justify\">Acuerdo Ministerial No.\u00a0<a title=\"\" href=\"https:\/\/sistemas.maga.gob.gt\/normativas\/Normativas\/Download\/1088\" target=\"_blank\" rel=\"noopener\">24-2014<\/a><\/div>\n<\/li>\n<li><a href=\"https:\/\/visar.maga.gob.gt\/visar\/2020\/sa\/MPTRAZ.pdf\">Manual de Procedimientos de Trazabilidad Ap\u00edcola\u00a0<\/a><\/li>\n<li><a href=\"https:\/\/visar.maga.gob.gt\/visar\/2020\/sa\/P-TRAZ-API.pptx\">Presentaci\u00f3n de Trazabilidad Ap\u00edcola\u00a0<\/a><\/li>\n<li><a href=\"https:\/\/visar.maga.gob.gt\/visar\/2019\/20\/Manualvig20.pdf\">Manual de Vigilancia Epidemiol\u00f3gica\u00a0<\/a><\/li>\n<\/ul>\n<p><b>\u00a0<\/b>[\/vc_column_text][vc_column_text]<b>Informaci\u00f3n Epidemiol\u00f3gica<\/b><\/p>\n<p>&nbsp;<\/p>\n<ul>\n<li><a href=\"https:\/\/visar.maga.gob.gt\/visar\/2019\/20\/ListEpid2020.xlsx\">Listado de Epidemi\u00f3logos Departamentales\u00a0<\/a><\/li>\n<\/ul>\n<p>[\/vc_column_text][vc_column_text]<b>Educaci\u00f3n Sanitaria<\/b>[\/vc_column_text][vc_column_text]<b>Plan Operativo Anual -POA-<\/b><\/p>\n<p>&nbsp;<\/p>\n<ul>\n<li><a href=\"https:\/\/visar.maga.gob.gt\/visar\/2020\/sa\/POA-PROSAPI20.xlsx\">Plan Operativo Anual\u00a0<\/a><\/li>\n<\/ul>\n<p><b><br \/>\nAvances<\/b><\/p>\n<p>&nbsp;<\/p>\n<ul>\n<li><a href=\"http:\/\/visar.maga.gob.gt\/visar\/2020\/logros2019.pdf\">2019<\/a><\/li>\n<li><a href=\"http:\/\/visar.maga.gob.gt\/visar\/2020\/logros2020f.pdf\">2020<\/a><\/li>\n<\/ul>\n<p><b>\u00a0<\/b>[\/vc_column_text][vc_column_text]Programa Nacional de Sanidad Ap\u00edcola -PROSAPI-<\/p>\n<p>Direcci\u00f3n de Sanidad Animal, Programa Nacional de Sanidad Ap\u00edcola\u00a0-PROSAPI-<\/p>\n<p>Tel\u00e9fono PBX: 2413 7000, Extensi\u00f3n 7439<\/p>\n<p>Correo:\u00a0<a href=\"mailto:prosapidsa@maga.gob.gt\">prosapidsa@maga.gob.gt<\/a>[\/vc_column_text][\/vc_column][\/vc_row]<\/p>\n","protected":false},"excerpt":{"rendered":"<p>[vc_row][vc_column][vc_custom_heading text=&#8221;Programa Nacional de Sanidad Ap\u00edcola PROSAPI&#8221; font_container=&#8221;tag:h2|text_align:center&#8221; google_fonts=&#8221;font_family:Abel%3Aregular|font_style:400%20regular%3A400%3Anormal&#8221;][vc_column_text]El Programa Nacional de Sanidad Ap\u00edcola, el cual se denomina -PROSAPI-, es coordinado y desarrollado por la Direcci\u00f3n de Sanidad Animal del Viceministerio de Sanidad Agropecuaria y Regulaciones -VISAR-, del Ministerio de Agricultura Ganader\u00eda y Alimentaci\u00f3n -MAGA-. De tal manera que es uno de los programas adjuntos [&hellip;]<\/p>\n","protected":false},"author":2,"featured_media":0,"parent":0,"menu_order":0,"comment_status":"closed","ping_status":"closed","template":"","meta":{"footnotes":""},"class_list":["post-159","page","type-page","status-publish","hentry"],"_links":{"self":[{"href":"https:\/\/www.maga.gob.gt\/sitios\/visar\/wp-json\/wp\/v2\/pages\/159","targetHints":{"allow":["GET"]}}],"collection":[{"href":"https:\/\/www.maga.gob.gt\/sitios\/visar\/wp-json\/wp\/v2\/pages"}],"about":[{"href":"https:\/\/www.maga.gob.gt\/sitios\/visar\/wp-json\/wp\/v2\/types\/page"}],"author":[{"embeddable":true,"href":"https:\/\/www.maga.gob.gt\/sitios\/visar\/wp-json\/wp\/v2\/users\/2"}],"replies":[{"embeddable":true,"href":"https:\/\/www.maga.gob.gt\/sitios\/visar\/wp-json\/wp\/v2\/comments?post=159"}],"version-history":[{"count":1,"href":"https:\/\/www.maga.gob.gt\/sitios\/visar\/wp-json\/wp\/v2\/pages\/159\/revisions"}],"predecessor-version":[{"id":160,"href":"https:\/\/www.maga.gob.gt\/sitios\/visar\/wp-json\/wp\/v2\/pages\/159\/revisions\/160"}],"wp:attachment":[{"href":"https:\/\/www.maga.gob.gt\/sitios\/visar\/wp-json\/wp\/v2\/media?parent=159"}],"curies":[{"name":"wp","href":"https:\/\/api.w.org\/{rel}","templated":true}]}}