{"id":1567,"date":"2025-02-06T00:30:22","date_gmt":"2025-02-05T23:30:22","guid":{"rendered":"https:\/\/www.maga.gob.gt\/sitios\/visar\/?page_id=1567"},"modified":"2025-02-06T00:30:22","modified_gmt":"2025-02-05T23:30:22","slug":"prosa-boletines-informativos","status":"publish","type":"page","link":"https:\/\/www.maga.gob.gt\/sitios\/visar\/prosa-boletines-informativos\/","title":{"rendered":"PROSA Boletines Informativos"},"content":{"rendered":"<table border=\"0\" width=\"600\">\n<tbody>\n<tr>\n<td colspan=\"4\">\n<div align=\"center\"><strong>Boletines Informativos <\/strong><\/div>\n<\/td>\n<\/tr>\n<tr>\n<td width=\"150\">\n<table border=\"0\" width=\"150\">\n<tbody>\n<tr>\n<td>2015<\/td>\n<\/tr>\n<tr>\n<td>\n<ul>\n<li><a href=\"http:\/\/visar.maga.gob.gt\/visar\/2015\/sa\/pr\/Bol1.pdf\">Bolet\u00edn No. 1<\/a><\/li>\n<li><a href=\"http:\/\/visar.maga.gob.gt\/visar\/2015\/sa\/pr\/BolNo2.pdf\">Bolet\u00edn No. 2<\/a><\/li>\n<li><a href=\"http:\/\/visar.maga.gob.gt\/visar\/2015\/sa\/pr\/BolPR3%20.pdf\">Bolet\u00edn No. 3<\/a><\/li>\n<li><a href=\"http:\/\/visar.maga.gob.gt\/visar\/2015\/sa\/pr\/Bol18agt.pdf\" target=\"_blank\" rel=\"noopener noreferrer\">Bolet\u00edn No. 4<\/a><\/li>\n<\/ul>\n<\/td>\n<\/tr>\n<tr>\n<td>2016<\/td>\n<\/tr>\n<tr>\n<td>\n<ul>\n<li><a href=\"http:\/\/visar.maga.gob.gt\/visar\/2016\/sa\/prosa\/bolt1_16.pdf\" target=\"_blank\" rel=\"noopener noreferrer\">Bolet\u00edn No. 1<\/a><\/li>\n<li><a href=\"http:\/\/visar.maga.gob.gt\/visar\/2016\/sa\/prosa\/BolN2.pdf\" target=\"_blank\" rel=\"noopener noreferrer\">Bolet\u00edn No. 2<\/a><\/li>\n<li><a href=\"http:\/\/visar.maga.gob.gt\/visar\/2016\/sa\/prosa\/04jlio.pdf\" target=\"_blank\" rel=\"noopener noreferrer\">Bolet\u00edn No. 3<\/a><\/li>\n<\/ul>\n<\/td>\n<\/tr>\n<tr>\n<td>2017<\/td>\n<\/tr>\n<tr>\n<td>\n<ul>\n<li><a href=\"http:\/\/visar.maga.gob.gt\/visar\/2017\/sa\/pr\/prosa_bol1.pdf\" target=\"_blank\" rel=\"noopener noreferrer\">Bolet\u00edn No. 1<\/a><\/li>\n<\/ul>\n<\/td>\n<\/tr>\n<tr>\n<td>2108<\/td>\n<\/tr>\n<tr>\n<td>\n<ul>\n<li><a href=\"http:\/\/visar.maga.gob.gt\/visar\/2017\/18\/inf-ejvf.pdf\">Volc\u00e1n Fuego 1<\/a><\/li>\n<li><a href=\"http:\/\/visar.maga.gob.gt\/visar\/2017\/18\/2infvf.pdf\">Volcan Fuego 2<\/a><\/li>\n<\/ul>\n<\/td>\n<\/tr>\n<\/tbody>\n<\/table>\n<p>&nbsp;<\/p>\n<p>&nbsp;<\/p>\n<p>&nbsp;<\/p>\n<p>&nbsp;<\/p>\n<p>&nbsp;<\/p>\n<p>&nbsp;<\/td>\n<td width=\"150\">\n<table border=\"0\" width=\"150\">\n<tbody>\n<tr>\n<td>2019<\/td>\n<\/tr>\n<tr>\n<td>\n<ul>\n<li><a href=\"http:\/\/visar.maga.gob.gt\/visar\/2019\/sa\/Bolepi1.pdf\">Bolet\u00edn 1<\/a><\/li>\n<li><a href=\"http:\/\/visar.maga.gob.gt\/visar\/2019\/sa\/bolepi2.pdf\">Bolet\u00edn 2<\/a><\/li>\n<li><a href=\"http:\/\/visar.maga.gob.gt\/visar\/2019\/sa\/Bolepi3.pdf\">Bolet\u00edn 3<\/a><\/li>\n<li><a href=\"http:\/\/visar.maga.gob.gt\/visar\/2019\/sa\/bolepi4.pdf\">Bolet\u00edn 4\u00a0<\/a><\/li>\n<li><a href=\"http:\/\/visar.maga.gob.gt\/visar\/2019\/sa\/bolepi5.pdf\">Bolet\u00edn 5<\/a><\/li>\n<li><a href=\"http:\/\/visar.maga.gob.gt\/visar\/2019\/sa\/bolepi6.pdf\">Bolet\u00edn 6<\/a><\/li>\n<li><a href=\"http:\/\/visar.maga.gob.gt\/visar\/2021\/sa\/pr\/Bol07.pdf\">Bolet\u00edn 7<\/a><\/li>\n<li><a href=\"https:\/\/visar.maga.gob.gt\/visar\/2021\/sa\/pr\/Bol08.pdf\">Bolet\u00edn 8\u00a0<\/a><\/li>\n<\/ul>\n<\/td>\n<\/tr>\n<tr>\n<td>2020<\/td>\n<\/tr>\n<tr>\n<td>\n<ul>\n<li>Bolet\u00edn 1<\/li>\n<li>Bolet\u00edn 2<\/li>\n<li><a href=\"http:\/\/visar.maga.gob.gt\/visar\/2019\/20\/Bolet3-20.pdf\">Bolet\u00edn 3<\/a><\/li>\n<li><a href=\"http:\/\/visar.maga.gob.gt\/visar\/2019\/20\/Bolet4-20.pdf\">Bolet\u00edn 4\u00a0<\/a><\/li>\n<li><a href=\"http:\/\/visar.maga.gob.gt\/visar\/2020\/prosa\/Bolepi05-2020.pdf\">Bolet\u00edn 5<\/a><\/li>\n<li><a href=\"http:\/\/visar.maga.gob.gt\/visar\/2020\/prosa\/Boleepi06-2020.pdf\">Bolet\u00edn 6\u00a0<\/a><\/li>\n<li><a href=\"http:\/\/visar.maga.gob.gt\/visar\/2020\/prosa\/Bolepi07-2020.pdf\">Bolet\u00edn 7<\/a><\/li>\n<li><a href=\"http:\/\/visar.maga.gob.gt\/visar\/2020\/prosa\/Bolepi08-2020.pdf\">Bolet\u00edn 8<\/a><\/li>\n<li><a href=\"http:\/\/visar.maga.gob.gt\/visar\/2020\/prosa\/Bolepi09-2020.pdf\">Bolet\u00edn 9\u00a0<\/a><\/li>\n<li><a href=\"http:\/\/visar.maga.gob.gt\/visar\/2021\/sa\/pr\/Bol10.pdf\">Bolet\u00edn 10<\/a><\/li>\n<li><a href=\"http:\/\/visar.maga.gob.gt\/visar\/2021\/sa\/pr\/Bol11.pdf\">Bolet\u00edn 11<\/a><\/li>\n<\/ul>\n<\/td>\n<\/tr>\n<tr>\n<td>2021<\/td>\n<\/tr>\n<tr>\n<td>\n<ul>\n<li><a href=\"https:\/\/visar.maga.gob.gt\/visar\/22\/pros\/Bol01-21.pdf\">Bolet\u00edn 1<\/a><\/li>\n<li><a href=\"https:\/\/visar.maga.gob.gt\/visar\/22\/pros\/Bol02-21.pdf\">Bolet\u00edn 2<\/a><\/li>\n<li><a href=\"https:\/\/visar.maga.gob.gt\/visar\/22\/pros\/Bol3-21.pdf\">Bolet\u00edn 3<\/a><\/li>\n<li><a href=\"https:\/\/visar.maga.gob.gt\/visar\/22\/pros\/Bol04-21.pdf\">Bolet\u00edn 4\u00a0<\/a><\/li>\n<li><a href=\"https:\/\/visar.maga.gob.gt\/visar\/22\/pros\/Bol05-21.pdf\">Bolet\u00edn 5<\/a><\/li>\n<\/ul>\n<\/td>\n<\/tr>\n<\/tbody>\n<\/table>\n<\/td>\n<td width=\"150\">\n<p align=\"center\">2023<\/p>\n<table border=\"0\" width=\"400\" align=\"center\">\n<tbody>\n<tr>\n<td width=\"200\"><a href=\"https:\/\/visar.maga.gob.gt\/visar\/22\/24\/prosa\/IZ01-23.xlsx\">Bolet\u00edn 1<\/a><\/td>\n<td width=\"200\"><a href=\"https:\/\/visar.maga.gob.gt\/visar\/22\/24\/prosa\/IZ21-2023.xlsx\">Bolet\u00edn 21<\/a><\/td>\n<\/tr>\n<tr>\n<td width=\"200\"><a href=\"https:\/\/visar.maga.gob.gt\/visar\/22\/24\/prosa\/IZ02-2023.xlsx\">Bolet\u00edn 2<\/a><\/td>\n<td width=\"200\"><a href=\"https:\/\/visar.maga.gob.gt\/visar\/22\/24\/prosa\/IZ22-23.xlsx\">Bolet\u00edn 22<\/a><\/td>\n<\/tr>\n<tr>\n<td width=\"200\"><a href=\"https:\/\/visar.maga.gob.gt\/visar\/22\/24\/prosa\/IZ03-2023.xlsx\">Bolet\u00edn 3<\/a><\/td>\n<td width=\"200\"><a href=\"https:\/\/visar.maga.gob.gt\/visar\/22\/24\/prosa\/IZ23-2023.xlsx\">Bolet\u00edn 23<\/a><\/td>\n<\/tr>\n<tr>\n<td width=\"200\"><a href=\"https:\/\/visar.maga.gob.gt\/visar\/22\/24\/prosa\/IZ04-2023.xlsx\">Bolet\u00edn 4<\/a><\/td>\n<td width=\"200\"><a href=\"https:\/\/visar.maga.gob.gt\/visar\/22\/24\/prosa\/IZ24-2023.xlsx\">Bolet\u00edn 24<\/a><\/td>\n<\/tr>\n<tr>\n<td width=\"200\"><a href=\"https:\/\/visar.maga.gob.gt\/visar\/22\/24\/prosa\/IZ05-2023.xlsx\">Bolet\u00edn 5<\/a><\/td>\n<td width=\"200\"><a href=\"https:\/\/visar.maga.gob.gt\/visar\/22\/24\/prosa\/IZ25-2023.xlsx\">Bolet\u00edn 25<\/a><\/td>\n<\/tr>\n<tr>\n<td width=\"200\"><a href=\"https:\/\/visar.maga.gob.gt\/visar\/22\/24\/prosa\/IZ06-2023.xlsx\">Boletin 6<\/a><\/td>\n<td width=\"200\"><a href=\"https:\/\/visar.maga.gob.gt\/visar\/22\/24\/prosa\/IZ%2026-2023.xlsx\">Bolet\u00edn 26<\/a><\/td>\n<\/tr>\n<tr>\n<td width=\"200\"><a href=\"https:\/\/visar.maga.gob.gt\/visar\/22\/24\/prosa\/IZ07-2023.xlsx\">Bolet\u00edn 7<\/a><\/td>\n<td width=\"200\"><a href=\"https:\/\/visar.maga.gob.gt\/visar\/22\/24\/prosa\/IZ27-2023.xlsx\">Bolet\u00edn 27\u00a0<\/a><\/td>\n<\/tr>\n<tr>\n<td width=\"200\"><a href=\"https:\/\/visar.maga.gob.gt\/visar\/22\/24\/prosa\/IZ08-2023.xlsx\">Bolet\u00edn 8<\/a><\/td>\n<td width=\"200\"><a href=\"https:\/\/visar.maga.gob.gt\/visar\/22\/24\/prosa\/IZ28-2023.xlsx\">Bolet\u00edn 28<\/a><\/td>\n<\/tr>\n<tr>\n<td width=\"200\"><a href=\"https:\/\/visar.maga.gob.gt\/visar\/22\/24\/prosa\/IZ09-2023.xlsx\">Bolet\u00edn 9<\/a><\/td>\n<td width=\"200\"><a href=\"https:\/\/visar.maga.gob.gt\/visar\/22\/24\/prosa\/IZ%2029-2023.xlsx\">Bolet\u00edn 29<\/a><\/td>\n<\/tr>\n<tr>\n<td width=\"200\"><a href=\"https:\/\/visar.maga.gob.gt\/visar\/22\/24\/prosa\/IZ10-2023.xlsx\">Bolet\u00edn 10<\/a><\/td>\n<td width=\"200\"><a href=\"https:\/\/visar.maga.gob.gt\/visar\/22\/24\/prosa\/IZ30-2023.xlsx\">Bolet\u00edn 30<\/a><\/td>\n<\/tr>\n<tr>\n<td width=\"200\"><a href=\"https:\/\/visar.maga.gob.gt\/visar\/22\/24\/prosa\/IZ11-2023.xlsx\">Bolet\u00edn 11<\/a><\/td>\n<td width=\"200\"><a href=\"https:\/\/visar.maga.gob.gt\/visar\/22\/24\/prosa\/IZ31-2023.xlsx\">Bolet\u00edn 31<\/a><\/td>\n<\/tr>\n<tr>\n<td width=\"200\"><a href=\"https:\/\/visar.maga.gob.gt\/visar\/22\/24\/prosa\/IZ12-2023.xlsx\">Bolet\u00edn 12<\/a><\/td>\n<td width=\"200\"><a href=\"https:\/\/visar.maga.gob.gt\/visar\/22\/24\/prosa\/IZ32-2023.xlsx\">Bolet\u00edn 32<\/a><\/td>\n<\/tr>\n<tr>\n<td width=\"200\"><a href=\"https:\/\/visar.maga.gob.gt\/visar\/22\/24\/prosa\/IZ13-2023.xlsx\">Bolet\u00edn 13<\/a><\/td>\n<td width=\"200\"><a href=\"https:\/\/visar.maga.gob.gt\/visar\/22\/24\/prosa\/IZ33-23.xlsx\">Bolet\u00edn 33<\/a><\/td>\n<\/tr>\n<tr>\n<td width=\"200\"><a href=\"https:\/\/visar.maga.gob.gt\/visar\/22\/24\/prosa\/IZ14-23.xlsx\">Bolet\u00edn 14<\/a><\/td>\n<td width=\"200\"><a href=\"https:\/\/visar.maga.gob.gt\/visar\/22\/24\/prosa\/IZ34-2023.xlsx\">Bolet\u00edn 34<\/a><\/td>\n<\/tr>\n<tr>\n<td width=\"200\"><a href=\"https:\/\/visar.maga.gob.gt\/visar\/22\/24\/prosa\/IZ15-2023.xlsx\">Bolet\u00edn 15<\/a><\/td>\n<td width=\"200\"><a href=\"https:\/\/visar.maga.gob.gt\/visar\/22\/24\/prosa\/IZ35-2023.xlsx\">Bolet\u00edn 35<\/a><\/td>\n<\/tr>\n<tr>\n<td width=\"200\"><a href=\"https:\/\/visar.maga.gob.gt\/visar\/22\/24\/prosa\/IZ17-2023.xlsx\">Bolet\u00edn 16<\/a><\/td>\n<td width=\"200\"><a href=\"https:\/\/visar.maga.gob.gt\/visar\/22\/24\/prosa\/IZ36-2023.xlsx\">Bolet\u00edn 36<\/a><\/td>\n<\/tr>\n<tr>\n<td width=\"200\"><a href=\"https:\/\/visar.maga.gob.gt\/visar\/22\/24\/prosa\/IZ17-2023.xlsx\">Bolet\u00edn 17<\/a><\/td>\n<td width=\"200\"><a href=\"https:\/\/visar.maga.gob.gt\/visar\/22\/24\/prosa\/IZ37-2023.xlsx\">Bolet\u00edn 37<\/a><\/td>\n<\/tr>\n<tr>\n<td width=\"200\"><a href=\"https:\/\/visar.maga.gob.gt\/visar\/22\/24\/prosa\/IZ18-2023.xlsx\">Bolet\u00edn 18<\/a><\/td>\n<td width=\"200\"><a href=\"https:\/\/visar.maga.gob.gt\/visar\/22\/24\/prosa\/IZ38-2023.xlsx\">Bolet\u00edn 38<\/a><\/td>\n<\/tr>\n<tr>\n<td width=\"200\"><a href=\"https:\/\/visar.maga.gob.gt\/visar\/22\/24\/prosa\/IZ19-2023.xlsx\">Bolet\u00edn 19<\/a><\/td>\n<td width=\"200\"><a href=\"https:\/\/visar.maga.gob.gt\/visar\/22\/24\/prosa\/IZ39-2023.xlsx\">Bolet\u00edn 39<\/a><\/td>\n<\/tr>\n<tr>\n<td width=\"200\"><a href=\"https:\/\/visar.maga.gob.gt\/visar\/22\/24\/prosa\/IZ20-2023.xlsx\">Bolet\u00edn 20<\/a><\/td>\n<\/tr>\n<\/tbody>\n<\/table>\n<p>&nbsp;<\/td>\n<td width=\"150\"><\/td>\n<\/tr>\n<\/tbody>\n<\/table>\n","protected":false},"excerpt":{"rendered":"<p>Boletines Informativos 2015 Bolet\u00edn No. 1 Bolet\u00edn No. 2 Bolet\u00edn No. 3 Bolet\u00edn No. 4 2016 Bolet\u00edn No. 1 Bolet\u00edn No. 2 Bolet\u00edn No. 3 2017 Bolet\u00edn No. 1 2108 Volc\u00e1n Fuego 1 Volcan Fuego 2 &nbsp; &nbsp; &nbsp; &nbsp; &nbsp; &nbsp; 2019 Bolet\u00edn 1 Bolet\u00edn 2 Bolet\u00edn 3 Bolet\u00edn 4\u00a0 Bolet\u00edn 5 Bolet\u00edn 6 [&hellip;]<\/p>\n","protected":false},"author":3,"featured_media":0,"parent":0,"menu_order":0,"comment_status":"closed","ping_status":"closed","template":"","meta":{"footnotes":""},"class_list":["post-1567","page","type-page","status-publish","hentry"],"_links":{"self":[{"href":"https:\/\/www.maga.gob.gt\/sitios\/visar\/wp-json\/wp\/v2\/pages\/1567","targetHints":{"allow":["GET"]}}],"collection":[{"href":"https:\/\/www.maga.gob.gt\/sitios\/visar\/wp-json\/wp\/v2\/pages"}],"about":[{"href":"https:\/\/www.maga.gob.gt\/sitios\/visar\/wp-json\/wp\/v2\/types\/page"}],"author":[{"embeddable":true,"href":"https:\/\/www.maga.gob.gt\/sitios\/visar\/wp-json\/wp\/v2\/users\/3"}],"replies":[{"embeddable":true,"href":"https:\/\/www.maga.gob.gt\/sitios\/visar\/wp-json\/wp\/v2\/comments?post=1567"}],"version-history":[{"count":1,"href":"https:\/\/www.maga.gob.gt\/sitios\/visar\/wp-json\/wp\/v2\/pages\/1567\/revisions"}],"predecessor-version":[{"id":1568,"href":"https:\/\/www.maga.gob.gt\/sitios\/visar\/wp-json\/wp\/v2\/pages\/1567\/revisions\/1568"}],"wp:attachment":[{"href":"https:\/\/www.maga.gob.gt\/sitios\/visar\/wp-json\/wp\/v2\/media?parent=1567"}],"curies":[{"name":"wp","href":"https:\/\/api.w.org\/{rel}","templated":true}]}}