{"id":152,"date":"2024-04-19T02:42:04","date_gmt":"2024-04-19T00:42:04","guid":{"rendered":"https:\/\/www.maga.gob.gt\/sitios\/visar\/?page_id=152"},"modified":"2024-04-23T16:47:20","modified_gmt":"2024-04-23T14:47:20","slug":"programa-nacional-de-sanidad-de-pequenos-rumiantes-pronasper","status":"publish","type":"page","link":"https:\/\/www.maga.gob.gt\/sitios\/visar\/programa-nacional-de-sanidad-de-pequenos-rumiantes-pronasper\/","title":{"rendered":"Programa Nacional de Sanidad de Peque\u00f1os Rumiantes PRONASPER"},"content":{"rendered":"<p>[vc_row][vc_column][vc_custom_heading text=&#8221;Programa Nacional de Sanidad de Peque\u00f1os Rumiantes PRONASPER&#8221; font_container=&#8221;tag:h2|text_align:center&#8221; google_fonts=&#8221;font_family:Abel%3Aregular|font_style:400%20regular%3A400%3Anormal&#8221;][vc_column_text]El Programa Nacional de Sanidad de Peque\u00f1os Rumiantes, se crea en a\u00f1o 2019, bajo la necesidad de velar por la sanidad de las cabras y ovejas en el territorio nacional.<\/p>\n<p>El Pronasper, es de observancia general en todo el territorio guatemalteco y est\u00e1n obligados a cumplir sus disposiciones los productores de ovinos y caprinos.[\/vc_column_text][vc_column_text]<\/p>\n<p align=\"justify\"><strong>Objeto<\/strong><\/p>\n<p align=\"justify\"><span class=\"Estilo1\" style=\"text-align: center;\">El pronasper, es un programa sanitario ovino y caprino para la prevenci\u00f3n, control y la erradicaci\u00f3n de las enfermedades que afecten al reba\u00f1o nacional, o que constituya un riesgo a la salud p\u00fablica, al comercio nacional e internacional de caprinos y ovinos, sus productos y subproductos<\/span><\/p>\n<p>[\/vc_column_text][vc_column_text]<strong>Base Legal<\/strong><\/p>\n<ul>\n<li>Art\u00edculo 194 de la constituci\u00f3n Pol\u00edtica de la Rep\u00fablica de Guatemala<\/li>\n<li>Art\u00edculo 29 de la Ley del Organismo Ejecutivo, <a href=\"file:\/\/\/C:\/Users\/webvisar\/Downloads\/Decreto%20Ley%20114-97.pdf\">Decreto 114-97<\/a> del congreso de la Rep\u00fablica de Guatemala<\/li>\n<li>Art\u00edculo 6 de la Ley\u00a0 de Sanidad Vegetal y Animal, Decreto n\u00famero <a href=\"file:\/\/\/C:\/Users\/webvisar\/Downloads\/Decreto%20Ley%2036-98%20(2).pdf\">36-98<\/a> del Congreso de la Rep\u00fablica de Guatemala<\/li>\n<li>Art\u00edculo 45 del Reglamento de la Ley de Sanidad Vegetal y Animal, acuerdo gubernativo n\u00famero <a href=\"file:\/\/\/C:\/Users\/webvisar\/Downloads\/Acuerdo%20Gubernativo%20No.%20745-99%20(1).pdf\">745-99<\/a><\/li>\n<li>Art\u00edculo 7 del Reglamento Org\u00e1nico Interno del Ministerio de Agricultura, Ganader\u00eda y Alimentaci\u00f3n, Acuerdo Gubernativo n\u00famero <a href=\"file:\/\/\/C:\/Users\/webvisar\/Downloads\/Acuerdo%20Gubernativo%20No.%20338-2010%20(5).pdf\">338-2010<\/a><\/li>\n<li>Acuerdo Ministerial n\u00famero 333-2019, que Aprueba el Programa Nacional de Sanidad de Peque\u00f1os Rumiantes-PRONASPER-<\/li>\n<\/ul>\n<p>[\/vc_column_text][vc_column_text]<\/p>\n<p align=\"justify\"><strong>Actividades<\/strong><\/p>\n<div align=\"justify\">\n<ul>\n<li>Establecer los procedimientos sanitarios relacionados con la prevenci\u00f3n, control y erradicaci\u00f3n de las enfermedades e infestaciones de los peque\u00f1os rumiantes de observancia oficial.<\/li>\n<li>Supervisar y evaluar\u00a0 los procedimientos sanitarios establecidos y realizar las modificaciones correspondientes en caso de ser necesario.<\/li>\n<li>Establecer el sistema de informaci\u00f3n sanitaria sobre las enfermedades de inter\u00e9s del PRONASPER.<\/li>\n<li>Coordinar con el Sistema Nacional de Trazabilidad Pecuaria para establecer los programas de rastreabilidad aplicables a los peque\u00f1os rumiantes.<\/li>\n<li>Definir las pruebas diagn\u00f3sticas de las enfermedades sujetas a intervenci\u00f3n del PRONASPER.<\/li>\n<li>Establecer un programa de educaci\u00f3n y divulgaci\u00f3n sanitaria<\/li>\n<li>Establecer las medidas de bioseguridad correspondientes a establecimientos de peque\u00f1os rumiantes.<\/li>\n<li>Coordinar con el Departamento de Protecci\u00f3n y Sanidad Pecuaria la importaci\u00f3n\u00a0 y tr\u00e1nsito de peque\u00f1os rumiantes, sus productos y subproductos.<\/li>\n<li>Coordinar con el Departamento de Registro de insumos para uso en animales el registro e importaci\u00f3n de insumos de inter\u00e9s del PRONASPER.<\/li>\n<li>Declarar el estado sanitario del pa\u00eds, zona o compartimentaci\u00f3n de las enfermedades objeto del PRONASPER<\/li>\n<\/ul>\n<\/div>\n<p>[\/vc_column_text][vc_column_text]<\/p>\n<p align=\"justify\"><strong>Formularios<\/strong><\/p>\n<ul>\n<li>\n<div align=\"justify\"><a href=\"https:\/\/visar.maga.gob.gt\/visar\/2016\/form\/sa\/FTZ-01.pdf\">Registro de Personas y Establecimientos Agropecuarios\u00a0<\/a><\/div>\n<\/li>\n<\/ul>\n<p>[\/vc_column_text][vc_column_text]<strong>Documentos T\u00e9cnicos<\/strong>[\/vc_column_text][vc_column_text]<strong>Informaci\u00f3n Epidemiol\u00f3gica<\/strong><\/p>\n<ul>\n<li><a href=\"https:\/\/visar.maga.gob.gt\/visar\/2019\/20\/pronsbol1.pdf\">Enero 2020<\/a><\/li>\n<\/ul>\n<p>[\/vc_column_text][vc_column_text]<strong>Educaci\u00f3n Sanitaria<\/strong>[\/vc_column_text][vc_column_text]<strong>Plan Operativo Anual POA\/Avances<\/strong><\/p>\n<p>&nbsp;<\/p>\n<p><strong>POA<\/strong><\/p>\n<p>&nbsp;<\/p>\n<p><strong>Metas<\/strong><\/p>\n<ul>\n<li>Una base de datos de establecimientos ovinos y caprinos<\/li>\n<li>Una base de poblaci\u00f3n ovina y caprina<\/li>\n<li>Un programa de Capacitaci\u00f3n sanitaria ovina y caprina<\/li>\n<li>Un plan de monitoreo de enfermedades en ovinos y caprinos<\/li>\n<\/ul>\n<p>&nbsp;<\/p>\n<p>&nbsp;<\/p>\n<p><strong>Logros<\/strong><\/p>\n<ul>\n<li>Creaci\u00f3n del Programa Nacional de Sanidad de Peque\u00f1os Rumiantes -PRONASPER-<\/li>\n<li>Registro de Establecimientos de Producci\u00f3n ovina y caprina, para la obtenci\u00f3n del C\u00f3digo \u00fanico de Establecimientos-CUE-, en apoyo al Programa Nacional de Trazabilidad Pecuaria<\/li>\n<li>Divulgaci\u00f3n del PRONASPER a productores de ovinos y caprinos<\/li>\n<\/ul>\n<p>[\/vc_column_text][vc_column_text]<strong>Cont\u00e1ctenos<\/strong><\/p>\n<p>Correo electr\u00f3nico: <a href=\"mailto:sanidadcaprinaovinagt@gmail.com\">sanidadcaprinaovinagt@gmail.com<\/a><\/p>\n<p>Tel: 24137439[\/vc_column_text][\/vc_column][\/vc_row]<\/p>\n","protected":false},"excerpt":{"rendered":"<p>[vc_row][vc_column][vc_custom_heading text=&#8221;Programa Nacional de Sanidad de Peque\u00f1os Rumiantes PRONASPER&#8221; font_container=&#8221;tag:h2|text_align:center&#8221; google_fonts=&#8221;font_family:Abel%3Aregular|font_style:400%20regular%3A400%3Anormal&#8221;][vc_column_text]El Programa Nacional de Sanidad de Peque\u00f1os Rumiantes, se crea en a\u00f1o 2019, bajo la necesidad de velar por la sanidad de las cabras y ovejas en el territorio nacional. El Pronasper, es de observancia general en todo el territorio guatemalteco y est\u00e1n obligados a [&hellip;]<\/p>\n","protected":false},"author":2,"featured_media":0,"parent":0,"menu_order":0,"comment_status":"closed","ping_status":"closed","template":"","meta":{"footnotes":""},"class_list":["post-152","page","type-page","status-publish","hentry"],"_links":{"self":[{"href":"https:\/\/www.maga.gob.gt\/sitios\/visar\/wp-json\/wp\/v2\/pages\/152","targetHints":{"allow":["GET"]}}],"collection":[{"href":"https:\/\/www.maga.gob.gt\/sitios\/visar\/wp-json\/wp\/v2\/pages"}],"about":[{"href":"https:\/\/www.maga.gob.gt\/sitios\/visar\/wp-json\/wp\/v2\/types\/page"}],"author":[{"embeddable":true,"href":"https:\/\/www.maga.gob.gt\/sitios\/visar\/wp-json\/wp\/v2\/users\/2"}],"replies":[{"embeddable":true,"href":"https:\/\/www.maga.gob.gt\/sitios\/visar\/wp-json\/wp\/v2\/comments?post=152"}],"version-history":[{"count":3,"href":"https:\/\/www.maga.gob.gt\/sitios\/visar\/wp-json\/wp\/v2\/pages\/152\/revisions"}],"predecessor-version":[{"id":156,"href":"https:\/\/www.maga.gob.gt\/sitios\/visar\/wp-json\/wp\/v2\/pages\/152\/revisions\/156"}],"wp:attachment":[{"href":"https:\/\/www.maga.gob.gt\/sitios\/visar\/wp-json\/wp\/v2\/media?parent=152"}],"curies":[{"name":"wp","href":"https:\/\/api.w.org\/{rel}","templated":true}]}}