{"id":146,"date":"2024-04-12T18:50:30","date_gmt":"2024-04-12T16:50:30","guid":{"rendered":"https:\/\/www.maga.gob.gt\/sitios\/visar\/?page_id=146"},"modified":"2024-04-18T19:29:04","modified_gmt":"2024-04-18T17:29:04","slug":"programa-nacional-de-sanidad-acuicola-pronasa","status":"publish","type":"page","link":"https:\/\/www.maga.gob.gt\/sitios\/visar\/programa-nacional-de-sanidad-acuicola-pronasa\/","title":{"rendered":"Programa Nacional de Sanidad Acu\u00edcola \u2013Pronasa-"},"content":{"rendered":"<p>[vc_row][vc_column][vc_custom_heading text=&#8221;Programa Nacional de Sanidad Acu\u00edcola \u2013Pronasa-&#8221; font_container=&#8221;tag:h2|text_align:center&#8221; google_fonts=&#8221;font_family:Abel%3Aregular|font_style:400%20regular%3A400%3Anormal&#8221;][vc_column_text]<a href=\"https:\/\/visar.maga.gob.gt\/visar\/22\/24\/pronasa\/afi-Strepto.pdf\">Como Prevenir la Estreptococosis en Tilapias (Afiche)\u00a0<\/a><\/p>\n<p style=\"text-align: justify;\"><span class=\"Estilo1\">El Pronasa es un programa sanitario el cual tiene por objeto la prevenci\u00f3n, el diagn\u00f3stico, control y vigilancia de las enfermedades de importancia econ\u00f3mica y zoosanitaria que afectan al sector acu\u00edcola de camar\u00f3n, tilapia y otras especies productivas que son importantes para el comercio nacional e internacional de sus productos y subproductos, para definir metodolog\u00edas, estrategias, planes, normas y procedimientos sanitarios que permitan a la autoridad competente fortalecer e incentivar la productividad de la industria de acuicultura y as\u00ed favorecer el comercio.<\/span>[\/vc_column_text][vc_column_text]<\/p>\n<p align=\"justify\"><strong>Objetivos<\/strong><\/p>\n<ul>\n<li>Prevenci\u00f3n, control, planificaci\u00f3n, vigilancia, evaluaci\u00f3n, supervisi\u00f3n y ejecuci\u00f3n de todas las actividades tendientes a la inspecci\u00f3n epidemiol\u00f3gica de las enfermedades del sector acu\u00edcola de inter\u00e9s comercial.<\/li>\n<li>Diagn\u00f3stico de las enfermedades sujetas a control y vigilancia por el PRONASA que sean de inter\u00e9s comercial y la delegaci\u00f3n de los servicios veterinarios y\u00a0 pruebas diagn\u00f3sticas.<\/li>\n<li>Evaluaci\u00f3n, verificaci\u00f3n y auditorias\u00a0 de las medidas de bioseguridad\u00a0 implementadas en las unidades de producci\u00f3n en la industria de\u00a0 acuicultura, as\u00ed como realizar inspecciones y auditorias sanitarias.<\/li>\n<li>Declaratoria y determinaci\u00f3n del Estatus Sanitario del pa\u00eds\u00a0 e implementaci\u00f3n de los procedimientos t\u00e9cnico sanitario de acuerdo a las recomendaciones y directrices de la Organizaci\u00f3n\u00a0 Mundial de Sanidad Animal \u2013OIE-, y otros organismos internacionales relacionados.<\/li>\n<li>Trazabilidad y bienestar animal aplicables a la producci\u00f3n acu\u00edcola.<\/li>\n<li>Realizar controles sanitarios en la importaci\u00f3n de animales\u00a0 acu\u00e1ticos vivos y sus productos, para evitar el ingreso de enfermedades o pat\u00f3genos de importancia comercial que afecte a la industria de acuicultura nacional.<\/li>\n<\/ul>\n<p>[\/vc_column_text][vc_column_text]<strong>Formularios<\/strong><\/p>\n<ol>\n<li>\n<div align=\"justify\"><a href=\"https:\/\/visar.maga.gob.gt\/visar\/22\/24\/pronasa\/LST-pronasaf.doc\">Solicitud de Licencia Sanitaria de Transporte de Animales Acu\u00e1ticos Vivos<\/a><\/div>\n<\/li>\n<li><a href=\"https:\/\/visar.maga.gob.gt\/visar\/2016\/form\/inoc\/ZOO02R006hidros1016.doc\">Solicitud de Permiso de Importaci\u00f3n de Alimentos no Procesados de Origen Hidrobiol\u00f3gico<\/a><\/li>\n<li>Solicitud de Autorizaci\u00f3n Zoosanitaria de Importaci\u00f3n de Hidrobiol\u00f3gicos (Animales Acu\u00e1ticos)<\/li>\n<li><a href=\"https:\/\/visar.maga.gob.gt\/visar\/2017\/sa\/fr17\/RegHidros.doc\" target=\"_blank\" rel=\"noopener noreferrer\">Solicitud de Registro de Regente de Empresa Importadora de Hidrobiol\u00f3gicos (Animales Acu\u00e1ticos)<\/a><\/li>\n<li><a href=\"https:\/\/visar.maga.gob.gt\/visar\/2017\/sa\/fr17\/ZOO02R003Pro.doc\" target=\"_blank\" rel=\"noopener noreferrer\">Solicitud de Autorizaci\u00f3n Zoosanitaria de Importaci\u00f3n de PRODUCTOS Y SUBPRODUCTOS DE ORIGEN ANIMAL<\/a><\/li>\n<li><a href=\"https:\/\/visar.maga.gob.gt\/visar\/2016\/form\/sa\/FTZ-01.pdf\">Registro de Personas y Establecimientos Agropecuarios\u00a0<\/a><\/li>\n<li><a href=\"https:\/\/visar.maga.gob.gt\/visar\/22\/23\/MANUAL-LSTpronasa.pdf\">Manual para Obtener la Licencia Sanitaria de Transporte de Organismos Vivos de Origen Hidrobiol\u00f3gico\u00a0<\/a><\/li>\n<\/ol>\n<p>[\/vc_column_text][vc_column_text]<\/p>\n<p align=\"justify\"><strong>Cat\u00e1logo de Productos<\/strong><\/p>\n<ul>\n<li><a href=\"https:\/\/visar.maga.gob.gt\/wp-content\/uploads\/2023\/09\/CatPronasa2709.pdf\">Cat\u00e1logo de Importaciones de Productos Hidrobiol\u00f3gicos<\/a><\/li>\n<li><a href=\"https:\/\/visar.maga.gob.gt\/wp-content\/uploads\/2023\/09\/A-Peces.pdf\">Anexo de Peces Ornamentales<\/a><\/li>\n<\/ul>\n<p><img loading=\"lazy\" decoding=\"async\" class=\"aligncenter\" src=\"https:\/\/visar.maga.gob.gt\/wp-content\/uploads\/2023\/05\/pesc1.jpg\" width=\"400\" height=\"200\" \/><\/p>\n<p>[\/vc_column_text][vc_column_text]<strong>Material Divulgativo<\/strong><\/p>\n<ul>\n<li><a href=\"https:\/\/visar.maga.gob.gt\/visar\/22\/sa\/Cat-hidros1410.pdf\">Cat\u00e1logo de Importaciones de Productos Hidrobiol\u00f3gicos<\/a><\/li>\n<li><a href=\"https:\/\/visar.maga.gob.gt\/visar\/22\/23\/RegPronasa.jpg\">Afiche Registro Nacional Acu\u00edcola\u00a0<\/a><\/li>\n<li><a href=\"https:\/\/visar.maga.gob.gt\/wp-content\/uploads\/2023\/09\/trifPro23.pdf\">Trifoliar Pronasa\u00a0<\/a><\/li>\n<li><a href=\"https:\/\/visar.maga.gob.gt\/visar\/22\/23\/aficheTlv.jpg\">Afiche Enfermedad del Virus de la tilapia del lago<\/a><\/li>\n<li><a href=\"https:\/\/visar.maga.gob.gt\/visar\/22\/23\/sigClintil.pdf\">Signos Cl\u00ednicos y Lesiones Macrosc\u00f3picas de las Principales Enfermedades de Tilapia Observadas en Guatemala<\/a><\/li>\n<li><a href=\"https:\/\/visar.maga.gob.gt\/visar\/22\/24\/pronasa\/EstrepTilapia24.pdf\">Estreptococosis en el Cultivo de Tilapia<\/a><\/li>\n<li><a href=\"https:\/\/visar.maga.gob.gt\/visar\/22\/24\/pronasa\/ManualLST Hidros.pdf\">Manual para Obtener Licencia Sanitaria de Transporte de Organismos Vivos de Origen Hidrobiol\u00f3gico\u00a0<\/a><\/li>\n<li><a href=\"https:\/\/visar.maga.gob.gt\/visar\/22\/24\/pronasa\/L-PECESOR.pdf\">Listado Anexo de Peces Ornamentales Importados\u00a0<\/a><\/li>\n<li><a href=\"https:\/\/visar.maga.gob.gt\/visar\/22\/24\/pronasa\/L-MOLOR.pdf\">Listado Anexo de Moluscos Ornamentales Importados<\/a><\/li>\n<li><a href=\"https:\/\/visar.maga.gob.gt\/visar\/22\/24\/pronasa\/LINVERTOR.pdf\">Listado Anexo de Invertebrados Ornamentales Importados<\/a><\/li>\n<li><a href=\"https:\/\/visar.maga.gob.gt\/visar\/22\/24\/pronasa\/TORTOR.pdf\">Listado Anexo de Tortugas Ornamentales Importadas<\/a><\/li>\n<li><a href=\"https:\/\/visar.maga.gob.gt\/visar\/22\/24\/pronasa\/Cat-Pronasa.pdf\">Cat\u00e1logo de Productos Hidrobiol\u00f3gicos<\/a><\/li>\n<li><a href=\"https:\/\/visar.maga.gob.gt\/visar\/22\/24\/pronasa\/crustaceosor.pdf\">Listado Anexo de Crust\u00e1ceos Ornamentales Importados<\/a><\/li>\n<\/ul>\n<p>[\/vc_column_text][vc_column_text]<strong>Avisos<\/strong><\/p>\n<ul>\n<li><a href=\"https:\/\/visar.maga.gob.gt\/?p=19537\">Primer Monitoreo en Camar\u00f3n Congelado de Importaci\u00f3n Penaeus vannamei<\/a><\/li>\n<li><a href=\"https:\/\/visar.maga.gob.gt\/?p=19540\">Toma de Muestras de Post Larva de Camar\u00f3n Penaeus vannamei<\/a><\/li>\n<li><a href=\"https:\/\/visar.maga.gob.gt\/wp-content\/uploads\/2023\/09\/AvisoTilv23.pdf\">Restricci\u00f3n sobre la Importaci\u00f3n de Tilapia en Cualquier Presentaci\u00f3n (Filete, Entera, Organismos Vivos, Medallones y Otros)<\/a><\/li>\n<\/ul>\n<p>[\/vc_column_text][vc_column_text]<\/p>\n<p align=\"justify\">Plan Operativo Anual POA\/Avances<\/p>\n<p align=\"justify\"><strong>Plan Operativo Anual POA<\/strong><\/p>\n<ul>\n<li><a href=\"https:\/\/visar.maga.gob.gt\/wp-content\/uploads\/2023\/09\/poa-pronasa23.xlsx\">Plan Operativo Anual\u00a0<\/a><\/li>\n<\/ul>\n<p align=\"justify\"><strong>Avances<\/strong><\/p>\n<ul>\n<li>Creaci\u00f3n y funcionamiento del programa de Sanidad Acu\u00edcola PRONASA<\/li>\n<li>\u00a0Prevenci\u00f3n y Control de las enfermedades de declaraci\u00f3n obligatoria de la OIE para crust\u00e1ceos, especialmente penaeus vannamei<\/li>\n<li>Diagn\u00f3stico de las enfermedades sujetas al control oficial.<\/li>\n<li>Realizaci\u00f3n de auditor\u00edas a las unidades de producci\u00f3n de camar\u00f3n para exportaci\u00f3n.<\/li>\n<li>Acompa\u00f1amiento a las inspecciones de Origen para la apertura y seguimiento\u00a0 de los mercados de Larva de camar\u00f3n y camar\u00f3n fresco.<\/li>\n<li>Registro de las unidades de producci\u00f3n\u00a0 para la obtenci\u00f3n del C\u00f3digo \u00danico de Establecimiento CUE,\u00a0 para trazabilidad.<\/li>\n<li>Implementaci\u00f3n de la boleta de trazabilidad para las importaciones de animales acu\u00e1ticos y sus productos<\/li>\n<li>Participaci\u00f3n en el programa de cooperaci\u00f3n t\u00e9cnica de FAO TCP\/INT\/3501. Segundo Seminario y Taller Internacional sobre EMS\/ AHPND, Gesti\u00f3n de Riesgo y Estrategias de Reducci\u00f3n a Nivel Nacional y Regional.<\/li>\n<li>Capacitaciones<\/li>\n<\/ul>\n<p>[\/vc_column_text][\/vc_column][\/vc_row]<\/p>\n","protected":false},"excerpt":{"rendered":"<p>[vc_row][vc_column][vc_custom_heading text=&#8221;Programa Nacional de Sanidad Acu\u00edcola \u2013Pronasa-&#8221; font_container=&#8221;tag:h2|text_align:center&#8221; google_fonts=&#8221;font_family:Abel%3Aregular|font_style:400%20regular%3A400%3Anormal&#8221;][vc_column_text]Como Prevenir la Estreptococosis en Tilapias (Afiche)\u00a0 El Pronasa es un programa sanitario el cual tiene por objeto la prevenci\u00f3n, el diagn\u00f3stico, control y vigilancia de las enfermedades de importancia econ\u00f3mica y zoosanitaria que afectan al sector acu\u00edcola de camar\u00f3n, tilapia y otras especies productivas que son [&hellip;]<\/p>\n","protected":false},"author":2,"featured_media":0,"parent":0,"menu_order":0,"comment_status":"closed","ping_status":"closed","template":"","meta":{"footnotes":""},"class_list":["post-146","page","type-page","status-publish","hentry"],"_links":{"self":[{"href":"https:\/\/www.maga.gob.gt\/sitios\/visar\/wp-json\/wp\/v2\/pages\/146","targetHints":{"allow":["GET"]}}],"collection":[{"href":"https:\/\/www.maga.gob.gt\/sitios\/visar\/wp-json\/wp\/v2\/pages"}],"about":[{"href":"https:\/\/www.maga.gob.gt\/sitios\/visar\/wp-json\/wp\/v2\/types\/page"}],"author":[{"embeddable":true,"href":"https:\/\/www.maga.gob.gt\/sitios\/visar\/wp-json\/wp\/v2\/users\/2"}],"replies":[{"embeddable":true,"href":"https:\/\/www.maga.gob.gt\/sitios\/visar\/wp-json\/wp\/v2\/comments?post=146"}],"version-history":[{"count":4,"href":"https:\/\/www.maga.gob.gt\/sitios\/visar\/wp-json\/wp\/v2\/pages\/146\/revisions"}],"predecessor-version":[{"id":151,"href":"https:\/\/www.maga.gob.gt\/sitios\/visar\/wp-json\/wp\/v2\/pages\/146\/revisions\/151"}],"wp:attachment":[{"href":"https:\/\/www.maga.gob.gt\/sitios\/visar\/wp-json\/wp\/v2\/media?parent=146"}],"curies":[{"name":"wp","href":"https:\/\/api.w.org\/{rel}","templated":true}]}}