{"id":128,"date":"2024-04-09T16:45:30","date_gmt":"2024-04-09T14:45:30","guid":{"rendered":"https:\/\/www.maga.gob.gt\/sitios\/visar\/?page_id=128"},"modified":"2025-06-04T23:13:36","modified_gmt":"2025-06-04T21:13:36","slug":"programa-nacional-de-sanidad-porcina-pronasporc","status":"publish","type":"page","link":"https:\/\/www.maga.gob.gt\/sitios\/visar\/programa-nacional-de-sanidad-porcina-pronasporc\/","title":{"rendered":"Programa Nacional de Sanidad Porcina (PRONASPORC)"},"content":{"rendered":"<p>[vc_row][vc_column][vc_custom_heading text=&#8221;Programa Nacional de Sanidad Porcina (PRONASPORC)&#8221; font_container=&#8221;tag:h2|text_align:center&#8221; google_fonts=&#8221;font_family:Abel%3Aregular|font_style:400%20regular%3A400%3Anormal&#8221;][vc_column_text]Programa Nacional de Sanidad Porcina (PRONASPORC), es un programa sanitario que act\u00faa bajo la coordinaci\u00f3n de la Direcci\u00f3n de Sanidad Animal del Viceministerio de Sanidad Agropecuaria y Regulaciones\u00a0 (VISAR) de este Ministerio; creado por el Acuerdo Ministerial No. <a href=\"https:\/\/apps.maga.gob.gt\/normativas\/Normativas\/Download\/355\">350-2015<\/a> y sus modificaciones en el Acuerdo Ministerial\u00a0 No. <a href=\"https:\/\/apps.maga.gob.gt\/normativas\/Normativas\/Download\/763\">190-2018<\/a>.[\/vc_column_text][\/vc_column][\/vc_row][vc_row][vc_column][vc_tta_accordion style=&#8221;flat&#8221; c_icon=&#8221;triangle&#8221; active_section=&#8221;&#8221; collapsible_all=&#8221;true&#8221;][vc_tta_section title=&#8221;Misi\u00f3n, Visi\u00f3n, Objetivos&#8221; tab_id=&#8221;1729103044524-ac664c3d-318c&#8221;][vc_column_text]<\/p>\n<div class=\"wpb_text_column wpb_content_element cesis_text_transform_none \">\n<div class=\"wpb_wrapper\">\n<p align=\"justify\"><strong>Objeto<\/strong><\/p>\n<p>Control, diagn\u00f3stico, prevenci\u00f3n, vigilancia epidemiol\u00f3gica y la erradicaci\u00f3n de las enfermedades que afecten a la piara nacional, o que constituyan un riesgo a la salud p\u00fablica, al comercio nacional e internacional de cerdos, sus productos y subproductos.<\/p>\n<\/div>\n<\/div>\n<div class=\"wpb_text_column wpb_content_element cesis_text_transform_none \">\n<div class=\"wpb_wrapper\">\n<p><strong>Misi\u00f3n<\/strong><\/p>\n<p>Somos la entidad oficial que mediante la prestaci\u00f3n de servicios de calidad, promovemos la productividad, competitividad y sanidad del sector, a trav\u00e9s del desarrollo de las capacidades t\u00e9cnicas organizativas y comerciales a los porcicultores a nivel nacional con \u00e9nfasis a los peque\u00f1os, medianos, grandes y los de la porcicultura familiar, contribuyendo a la soberan\u00eda alimentaria. Contribuimos con la protecci\u00f3n y desarrollo del patrimonio porc\u00edcola nacional a trav\u00e9s de la aplicaci\u00f3n de normas claras y estables que faciliten el intercambio comercial.<\/p>\n<\/div>\n<\/div>\n<div class=\"wpb_text_column wpb_content_element cesis_text_transform_none \">\n<div class=\"wpb_wrapper\">\n<p><strong>Visi\u00f3n<\/strong><\/p>\n<p>Ser la entidad oficial certificada, innovadora y comprometida basada en un sistema de gesti\u00f3n, para garantizar el desarrollo sostenible del sector, aportando a la soberan\u00eda alimentaria y al posicionamiento de cerdos, productos y subproductos de origen porcino, con \u00e9nfasis en los peque\u00f1os, medianos, grandes y los de la porcicultura familiar, en el comercio nacional e internacional, contribuyendo a mejorar la calidad de vida de los porcicultores guatemaltecos.<\/p>\n<\/div>\n<\/div>\n<p>[\/vc_column_text][\/vc_tta_section][\/vc_tta_accordion][vc_tta_accordion style=&#8221;flat&#8221; c_icon=&#8221;triangle&#8221; active_section=&#8221;&#8221; collapsible_all=&#8221;true&#8221;][vc_tta_section title=&#8221;Funciones&#8221; tab_id=&#8221;1747347173930-981f63d6-bbf9&#8243;][vc_column_text]El Programa Nacional de Sanidad Porcina tiene los siguientes servicios:<\/p>\n<ol>\n<li>Velar por que se cumpla con las normas nacionales e internacionales que permitan minimizar el riesgo de introducci\u00f3n de enfermedades cuarentenables al pa\u00eds y notificar el estatus sanitario de las enfermedades descritas en funci\u00f3n de la facilitaci\u00f3n de la transparencia exigida en el comercio por los socios comerciales\n<ul>\n<li>Peste Porcina Cl\u00e1sica (PPC)<\/li>\n<li>Peste Porcina Africana (PPA)<\/li>\n<li>Brucelosis Porcina<\/li>\n<li>Influenza Porcina Subtipos H3N2 y H1N1<\/li>\n<li>Influenza Porcina Subtipos no presentes en el pa\u00eds.<\/li>\n<li>Enfermedad de Aujeszky (CFSPHS)<\/li>\n<li>S\u00edndrome Reproductivo y Respiratorio Porcino (PRRS)<\/li>\n<li>Fiebre Aftosa<\/li>\n<li>Diarrea Epid\u00e9mica Porcina (PED)<\/li>\n<li>Gastroenteritis Transmisible Porcinas (GET)<\/li>\n<li>Cisticercosis<\/li>\n<\/ul>\n<\/li>\n<li>Desarrollar metodolog\u00edas, estrategias, planes, manuales, proyectos, normas y procedimientos que permitan a la autoridad sanitaria competente mantener el estatus sanitario satisfactorio y controlado.<\/li>\n<li>Registras los establecimientos y funcionamiento de granjas porcinas en el \u00e1mbito nacional y promover la caracterizaci\u00f3n de la actividad porc\u00edcola comunitaria y la actualizaci\u00f3n del censo porcino.<\/li>\n<li>Elaborar los protocolos de vacunaci\u00f3n tanto en granjas tecnificadas, semitecnificadas y de patio.<\/li>\n<li>Establecer un programa de comunicaci\u00f3n y divulgaci\u00f3n sanitaria, que permita concientizar a la poblaci\u00f3n rural sobre los beneficios de la actividad porcina y su aporte prote\u00edco a la dieta alimentaria del guatemalteco.<\/li>\n<li>Promover conjuntamente con la iniciativa privada y el sector acad\u00e9mico actividades t\u00e9cnicas cient\u00edficas de investigaci\u00f3n, educaci\u00f3n y promoci\u00f3n, para el desarrollo del sector porc\u00edcola.<\/li>\n<li>Informar a la Direcci\u00f3n de Sanidad Animal, cuando exista amenaza de una enfermedad de importancia cuarentenaria y\/o econ\u00f3mica que afecta a la producci\u00f3n porc\u00edcola, que haga necesario promulgar el estado de emergencia respectivo.<\/li>\n<li>Definir, establecer, aplicar y verificar el uso de los instrumentos o protocolos de investigaci\u00f3n epidemiol\u00f3gica activa y pasiva.<\/li>\n<li>Autorizar el transporte utilizado para la movilizaci\u00f3n de animales, productos y subproductos de origen porcino, as\u00ed como las excretas, en todo el territorio nacional; llevando para el efecto el registro de transportistas, pilotos y rutas de entrega o recolecci\u00f3n de estos y emitir permisos correspondientes. Las unidades productivas en todo el territorio nacional queda obligadas a registrarse ante el PRONASPORC, los veh\u00edculos automotores, nombre de pilotos y rutas de movilizaci\u00f3n, as\u00ed como los respectivos documentos de identificaci\u00f3n para que se autorice el traslado de animales, productos y subproductos a cualquier parte del pa\u00eds, incluyendo los desechos org\u00e1nicos. Quien contraviniere esta disposici\u00f3n ser\u00e1 objeto de multa de acuerdo a lo que establece el Reglamento de la Ley de Sanidad Animal y Vegetal.<\/li>\n<\/ol>\n<p>[\/vc_column_text][\/vc_tta_section][\/vc_tta_accordion][vc_tta_accordion style=&#8221;flat&#8221; c_icon=&#8221;triangle&#8221; active_section=&#8221;&#8221; collapsible_all=&#8221;true&#8221;][vc_tta_section title=&#8221;Base Legal&#8221; tab_id=&#8221;1749058987262-4cedbb09-1815&#8243;][vc_column_text]<strong>Base Legal<\/strong><\/p>\n<p>PRONASPORC opera en base a la siguiente normativa:<\/p>\n<ul>\n<li>Ley de Sanidad Vegetal y Animal, y su reglamento\u00a0<a href=\"https:\/\/apps.maga.gob.gt\/normativas\/Normativas\/Download\/502\">Decreto 36-98<\/a>, del 08 de junio de 1998 y su Reglamento, Acuerdo Gubernativo No. 745-99 del 30 de septiembre del a\u00f1o 1999.<\/li>\n<li><a href=\"https:\/\/apps.maga.gob.gt\/normativas\/Normativas\/Download\/465\">Acuerdo Gubernativo de Fecha 16 de octubre de 1957<\/a>, Reglamento Para la Venta y Conducci\u00f3n de Semovientes, administrado por las autoridades municipales y ser\u00e1 modificado en 2020.<\/li>\n<li>Convenio de Cooperaci\u00f3n T\u00e9cnica n\u00famero setecientos veintiocho, guion, noventa y nueve\u00a0(728-99), suscrito entre el Ministerio de Agricultura, Ganader\u00eda y Alimentaci\u00f3n, MAGA y la Asociaci\u00f3n de Porcicultores de Guatemala, APOGUA, el 24 de junio de 1999, cuyo objeto es la creaci\u00f3n de la Comisi\u00f3n T\u00e9cnica Porc\u00edcola con la finalidad de proponer e implementar las acciones de protecci\u00f3n sanitaria para la poblaci\u00f3n porcina nacional.<\/li>\n<li>Acuerdo Ministerial\u00a0<a href=\"https:\/\/apps.maga.gob.gt\/normativas\/Normativas\/Download\/1369\">394-2009<\/a>, de fecha 11 de septiembre, 2009, mediante el cual se aprueba el \u201cManual de Procedimientos de Bioseguridad en Granjas Porcinas\u201d para aplicarlo en las granjas comerciales y disminuir el riesgo de ingreso de enfermedades a las explotaciones.<\/li>\n<li>Acuerdo Gubernativo<a href=\"https:\/\/apps.maga.gob.gt\/normativas\/Normativas\/Download\/487\">\u00a0338-2010<\/a>, de fecha 19 de noviembre del 2010, que contiene el Reglamento Org\u00e1nico Interno del Ministerio de Agricultura, Ganader\u00eda y alimentaci\u00f3n con el objeto de normar la estructura org\u00e1nica interna y funciones del Ministerio para cumplir las funciones de su competencia.<\/li>\n<li>Acuerdo Ministerial No.<a href=\"https:\/\/apps.maga.gob.gt\/normativas\/Normativas\/Download\/1156\">282-2011<\/a>\u00a0\u201cModificar el Acuerdo Ministerial Numero 102-2009 Proh\u00edbe la importaci\u00f3n, elaboraci\u00f3n y comercializaci\u00f3n de la vacuna para la enfermedad de Peste Porcina Cl\u00e1sica en la Rep\u00fablica de Guatemala\u201d; la vacuna fue exclusivamente de uso oficial para el programa de control de la enfermedad, de fecha 05 diciembre de 2011. El objeto fue permitir la importaci\u00f3n de biol\u00f3gicos para el control de la peste porcina cl\u00e1sica.<\/li>\n<li>Acuerdo Ministerial No.\u00a0<a href=\"https:\/\/apps.maga.gob.gt\/normativas\/Normativas\/Download\/352\">655-2014<\/a>\u00a0\u201cDisposiciones t\u00e9cnicas que permitan declarar al pa\u00eds libre de la enfermedad Peste Porcina Cl\u00e1sica sin vacunaci\u00f3n\u201d, de fecha 24 de octubre de 2014, orientado a la eliminaci\u00f3n de la emergencia sanitaria por el aparecimiento de PPC en 2011 Acuerdo 273 \u2013 2011), as\u00ed como la prohibici\u00f3n de importaci\u00f3n y aplicaci\u00f3n de vacunas para prevenci\u00f3n de la enfermedad.<\/li>\n<li>Acuerdo Ministerial\u00a0<a href=\"https:\/\/apps.maga.gob.gt\/normativas\/Normativas\/Download\/355\">350-2015<\/a>\u00a0\u201cAcu\u00e9rdese crear el Programa Nacional de Sanidad Porcina que se le denominara \u2013 PRONASPORC-, de fecha 28 de mayo 2015, con el objeto de fortalecer la estructura administrativa de la sanidad porcina en el territorio nacional.<\/li>\n<li>Acuerdo Ministerial\u00a0<a href=\"https:\/\/apps.maga.gob.gt\/normativas\/Normativas\/Download\/1048\">141-2016<\/a>\u00a0\u201cAcu\u00e9rdese declarar oficialmente a la Rep\u00fablica de Guatemala, libre de la enfermedad peste porcina cl\u00e1sica\u201d, de fecha 25 de julio de 2016.<\/li>\n<li>Acuerdo Ministerial\u00a0<a href=\"https:\/\/apps.maga.gob.gt\/normativas\/Normativas\/Download\/762\">63-2017<\/a>\u00a0\u201cRequisitos para el Registro, Establecimiento y Funcionamiento de Unidades De Producci\u00f3n Porcina, En La Rep\u00fablica De Guatemala\u201d, de fecha 05 de abril de 2017 con el objeto de establecer el registro de granjas porcinas y proceder al fortalecimiento de la industria porcina nacional.<\/li>\n<li>Acuerdo Ministerial No.<a href=\"https:\/\/apps.maga.gob.gt\/normativas\/Normativas\/Download\/763\">190 \u2013 2018<\/a>\u00a0\u201cModificaci\u00f3n del Acuerdo Ministerial No. 350 \u2013 2015\u201d, orientado a ampliar las funciones del PRONASPORC.<\/li>\n<\/ul>\n<p>[\/vc_column_text][\/vc_tta_section][\/vc_tta_accordion][vc_tta_accordion style=&#8221;flat&#8221; c_icon=&#8221;triangle&#8221; active_section=&#8221;&#8221; collapsible_all=&#8221;true&#8221;][vc_tta_section title=&#8221;Establecimientos Autorizados&#8221; tab_id=&#8221;1747347457126-41be9b39-1d85&#8243;][vc_column_text]<\/p>\n<ul>\n<li><a href=\"https:\/\/www.maga.gob.gt\/sitios\/visar\/wp-content\/uploads\/2025\/06\/Est-AutProp.pdf\">Establecimientos que Cuentan con Registro Vigente de Establecimiento y Funcionamiento\u00a0 de Unidades de Producci\u00f3n Porcina<\/a><\/li>\n<li><a href=\"https:\/\/www.maga.gob.gt\/sitios\/visar\/wp-content\/uploads\/2025\/06\/Est-ImpGen.pdf\">Establecimientos que Cumplen con los Requisitos para Importar Gen\u00e9tica Porcina\u00a0<\/a><\/li>\n<\/ul>\n<p>[\/vc_column_text][\/vc_tta_section][\/vc_tta_accordion][vc_tta_accordion style=&#8221;flat&#8221; c_icon=&#8221;triangle&#8221; active_section=&#8221;&#8221; collapsible_all=&#8221;true&#8221;][vc_tta_section title=&#8221;Formularios&#8221; tab_id=&#8221;1749056616728-ac75441e-8d99&#8243;][vc_column_text]<\/p>\n<p style=\"text-align: center;\"><a href=\"https:\/\/www.maga.gob.gt\/sitios\/visar\/formularios\/\">Formularios Visar<\/a><\/p>\n<h4 class=\"vc_custom_heading cesis_text_transform_none\">Sistema Nacional de Trazabilidad Pecuaria SINAT-GT<\/h4>\n<ol>\n<li style=\"list-style-type: none;\">\n<ol>\n<li><a href=\"https:\/\/www.maga.gob.gt\/sitios\/visar\/wp-content\/uploads\/2024\/10\/20220711FTZ-GT01PER.pdf\">Registro\u00a0 de Personas y Establecimientos Agropecuarios, Acu\u00edcolas y Pesqueros\u00a0<\/a><\/li>\n<li><a href=\"https:\/\/www.maga.gob.gt\/sitios\/visar\/wp-content\/uploads\/2024\/10\/20241009FTZ-GT01.pdf\">Caracterizaci\u00f3n y Perfil Productivo de Establecimiento Pecuario<\/a><\/li>\n<li><a href=\"https:\/\/www.maga.gob.gt\/sitios\/visar\/wp-content\/uploads\/2024\/10\/20220711FTZGTHOP.pdf\">Solicitud de Habilitaci\u00f3n de Operador de Trazabilidad Pecuaria, Acu\u00edcola y Ap\u00edcola\u00a0<\/a><\/li>\n<li><a href=\"https:\/\/www.maga.gob.gt\/sitios\/visar\/wp-content\/uploads\/2024\/10\/GUIASA.pdf\">Gu\u00eda \u00danica de Movilizaci\u00f3n\u00a0<\/a><\/li>\n<li><a href=\"https:\/\/www.maga.gob.gt\/sitios\/visar\/wp-content\/uploads\/2024\/10\/20220711FTZGT.pdf\">Registro de Transportistas y Unidades de Transporte\u00a0<\/a><\/li>\n<li><a href=\"https:\/\/www.maga.gob.gt\/sitios\/visar\/wp-content\/uploads\/2024\/10\/IMPAN-VIVOS.docx\">Boleta de Trazabilidad para Importaci\u00f3n de Animales Vivos y Material Reproductivo<\/a><\/li>\n<\/ol>\n<\/li>\n<\/ol>\n<p>[\/vc_column_text][\/vc_tta_section][\/vc_tta_accordion][vc_tta_accordion style=&#8221;flat&#8221; c_icon=&#8221;triangle&#8221; active_section=&#8221;&#8221; collapsible_all=&#8221;true&#8221;][vc_tta_section title=&#8221;Documentos T\u00e9cnicos&#8221; tab_id=&#8221;1749056690088-1a7d559d-e54e&#8221;][vc_column_text]PRONASPORC posee los siguientes planes de atenci\u00f3n sanitaria contra la siguientes enfermedades:<\/p>\n<ol>\n<li><a href=\"https:\/\/www.woah.org\/es\/que-hacemos\/normas\/codigos-y-manuales\/#chapter\/?rid=399&amp;volume_no=3&amp;ismanual=true&amp;language=104&amp;standard_type=6&amp;animal_type=7\">Peste Porcina Cl\u00e1sica<\/a><\/li>\n<li><a href=\"https:\/\/www.woah.org\/fileadmin\/Home\/esp\/Our_scientific_expertise\/docs\/pdf\/E_factsheet_PEDV.pdf\">Diarrea Epid\u00e9mica Porcina<\/a><\/li>\n<li><a href=\"https:\/\/www.woah.org\/es\/que-hacemos\/normas\/codigos-y-manuales\/#chapter\/?rid=397&amp;volume_no=3&amp;ismanual=true&amp;language=104&amp;standard_type=6&amp;animal_type=7\">Infecci\u00f3n por el Virus de la Peste Porcina Africana<\/a><\/li>\n<li><a href=\"https:\/\/www.maga.gob.gt\/sitios\/visar\/wp-content\/uploads\/2025\/06\/e-questionnaire-csf.docx\">Solicitud para el Reconocimiento Oficial de la OIE del Estatus Libre de Peste Porcina Cl\u00e1sica<\/a><\/li>\n<li><a href=\"https:\/\/www.woah.org\/es\/que-hacemos\/normas\/codigos-y-manuales\/\">Vigilancia Sanitaria de los Animales Terrestres<\/a><\/li>\n<li><a href=\"https:\/\/www.woah.org\/es\/que-hacemos\/normas\/codigos-y-manuales\/#chapter\/?rid=406&amp;volume_no=3&amp;ismanual=true&amp;language=104&amp;standard_type=6&amp;animal_type=7\">Gastroenteritis Transmisible<\/a><\/li>\n<li><a href=\"https:\/\/www.woah.org\/es\/que-hacemos\/normas\/codigos-y-manuales\/#chapter\/?rid=401&amp;volume_no=3&amp;ismanual=true&amp;language=104&amp;standard_type=6&amp;animal_type=7\">Infecci\u00f3n por Taenia Solium (CISTICERCOSIS PORCINA)<\/a><\/li>\n<li><a href=\"https:\/\/www.woah.org\/es\/que-hacemos\/normas\/codigos-y-manuales\/#chapter\/?rid=402&amp;volume_no=3&amp;ismanual=true&amp;language=104&amp;standard_type=6&amp;animal_type=7\">Infecci\u00f3n por el Virus del S\u00edndrome Reproductivo y Respiratorio Porcino<\/a><\/li>\n<li>Gu\u00eda Muestreo Detecci\u00f3n de Infecci\u00f3n por Peste Porcina Cl\u00e1sica \u201cVigilancia de Mortalidad\u201d<\/li>\n<li>Gu\u00eda Muestreo Detecci\u00f3n de Infecci\u00f3n por Peste Porcina Cl\u00e1sica \u201cMuestreo Mensual Serol\u00f3gico\u201d<\/li>\n<li>Gu\u00eda de Muestreo de Detecci\u00f3n de Infecci\u00f3n por Peste Porcina Cl\u00e1sica \u201cMuestreo Serol\u00f3gico en Granjas 2021\u201d<\/li>\n<li>Gu\u00eda Muestre de Detecci\u00f3n de Infecci\u00f3n por Peste Porcina Cl\u00e1sica \u201cMuestreo Serol\u00f3gico en Comunidades 2021\u201d<\/li>\n<li>Informaci\u00f3n sobre Trazabilidad Porcina<\/li>\n<\/ol>\n<p>[\/vc_column_text][\/vc_tta_section][\/vc_tta_accordion][vc_tta_accordion style=&#8221;flat&#8221; c_icon=&#8221;triangle&#8221; active_section=&#8221;&#8221; collapsible_all=&#8221;true&#8221;][vc_tta_section title=&#8221;Requisitos para el Registro&#8221; tab_id=&#8221;1749056739845-f42f7874-d523&#8243;][vc_column_text]Personas Individuales<\/p>\n<ol>\n<li>Formulario de solicitud de registro proporcionado por el PRONASPORC. Este formulario puede llenarse de forma f\u00edsica o v\u00eda electr\u00f3nica.\n<ol>\n<li><u>FTZ \u2013 01 Trazabilidad agropecuaria \u2013 registro de personas y establecimientos agropecuarios, acu\u00edcolas y pesqueros.<\/u><\/li>\n<li><u>FTZ \u2013 01 Trazabilidad agropecuaria \u2013 caracterizaci\u00f3n y perfil productivo de establecimiento pecuario.<\/u><\/li>\n<\/ol>\n<\/li>\n<li>Fotocopia del DPI (ambos lados).<\/li>\n<li>Carta de solicitud para gestionar el Registro de Funcionamiento.<\/li>\n<li>Ubicaci\u00f3n exacta de la explotaci\u00f3n (anexar croquis).<\/li>\n<li>Inventario porcino.<\/li>\n<li>N\u00famero de personas que laboran en la explotaci\u00f3n.<\/li>\n<li>Nombre del M\u00e9dico Veterinario oficial o delegado que supervisara la explotaci\u00f3n o t\u00e9cnico responsable.<\/li>\n<li>Evaluaci\u00f3n de bioseguridad aprobada por el PRONASPORC. Al tener todos los requisitos solicitados, se llegar\u00e1 a la unidad de producci\u00f3n a realizar una evaluaci\u00f3n de bioseguridad, esta debe tener una ponderaci\u00f3n mayor a 70 puntos para emitir el Registro de Funcionamiento.<\/li>\n<\/ol>\n<p>Toda la documentaci\u00f3n debe entregarse v\u00eda electr\u00f3nica al correo\u00a0<a href=\"mailto:trazabilidad.pronasporc@gmail.com\">trazabilidad.pronasporc@gmail.com<\/a>\u00a0o de forma f\u00edsica en la 7ma avenida 12-90 zona 13, edificio Monja Blanca, edificio VISAR, Guatemala, Guatemala.<\/p>\n<p>Personas Jur\u00eddicas<\/p>\n<ol>\n<li>Formulario de solicitud de registro proporcionado por el PRONASPORC. Este formulario puede llenarse de forma f\u00edsica o v\u00eda electr\u00f3nica.\n<ol>\n<li><u>FTZ \u2013 01 Trazabilidad agropecuaria \u2013 registro de personas y establecimientos agropecuarios, acu\u00edcolas y pesqueros.<\/u><\/li>\n<li><u>FTZ \u2013 01 Trazabilidad agropecuaria \u2013 caracterizaci\u00f3n y perfil productivo de establecimiento pecuario.<\/u><\/li>\n<\/ol>\n<\/li>\n<li>Fotocopia de la escritura p\u00fablica de constituci\u00f3n de sociedad.<\/li>\n<li>Fotocopia del nombramiento del representante legal.<\/li>\n<li>Fotocopia del DPI del representante legal (ambos lados).<\/li>\n<li>Fotocopia de la patente de comercio.<\/li>\n<li>Nombramiento del profesional delegado responsable por parte del propietario o representante legal de la unidad de producci\u00f3n porcina.<\/li>\n<li>Carta de solicitud para gestionar el Registro de Funcionamiento.<\/li>\n<li>Ubicaci\u00f3n exacta de la explotaci\u00f3n (anexar croquis).<\/li>\n<li>Inventario porcino.<\/li>\n<li>N\u00famero de personas que laboran en la explotaci\u00f3n.<\/li>\n<li>Nombre del M\u00e9dico Veterinario oficial o delegado que supervisara la explotaci\u00f3n o t\u00e9cnico responsable.<\/li>\n<li>Evaluaci\u00f3n de bioseguridad aprobada por el PRONASPORC. Al tener todos los requisitos solicitados, se llegar\u00e1 a la unidad de producci\u00f3n a realizar una evaluaci\u00f3n de bioseguridad, esta debe tener una ponderaci\u00f3n mayor a 70 puntos para emitir el Registro de Funcionamiento.<\/li>\n<\/ol>\n<p>Toda la documentaci\u00f3n debe entregarse v\u00eda electr\u00f3nica al correo\u00a0<a href=\"mailto:trazabilidad.pronasporc@gmail.com\">trazabilidad.pronasporc@gmail.com<\/a>\u00a0o de forma f\u00edsica en la 7ma avenida 12-90 zona 13, edificio Monja Blanca, edificio VISAR, Guatemala, Guatemala.[\/vc_column_text][\/vc_tta_section][\/vc_tta_accordion][vc_tta_accordion style=&#8221;flat&#8221; c_icon=&#8221;triangle&#8221; active_section=&#8221;&#8221; collapsible_all=&#8221;true&#8221;][vc_tta_section title=&#8221;Material Divulgativo&#8221; tab_id=&#8221;1749058402011-b422e5d6-70ec&#8221;][vc_column_text]Bioseguridad en Granjas Porcinas<\/p>\n<ul>\n<li><a href=\"https:\/\/www.maga.gob.gt\/sitios\/visar\/wp-content\/uploads\/2025\/06\/Afich-Bios.pdf\">Afiches de Bioseguridad\u00a0<\/a><\/li>\n<li><a href=\"https:\/\/www.maga.gob.gt\/sitios\/visar\/wp-content\/uploads\/2025\/06\/Manualbiop1.pdf\">Manual de Bioseguridad Porcina (Parte 1)<\/a><\/li>\n<li><a href=\"https:\/\/www.maga.gob.gt\/sitios\/visar\/wp-content\/uploads\/2025\/06\/Manualbiop2.pdf\">Manual de Bioseguridad Porcina (Parte 2)<\/a><\/li>\n<\/ul>\n<p>Educaci\u00f3n sobre Peste Porcina Africana<\/p>\n<ul>\n<li><a href=\"https:\/\/www.youtube.com\/watch?v=eyQ4t1wHl2M\">Video sobre Peste Porcina Africana\u00a0<\/a><\/li>\n<\/ul>\n<p>Educaci\u00f3n sobre Peste Porcina Cl\u00e1sica<\/p>\n<ul>\n<li><a href=\"https:\/\/www.maga.gob.gt\/sitios\/visar\/wp-content\/uploads\/2025\/06\/Simulacro-PPCGTM21.docx\">Informe de Simulacro Virtual sobre Peste Porcina Cl\u00e1sica\u00a0 2021<\/a><\/li>\n<li><a href=\"https:\/\/www.maga.gob.gt\/sitios\/visar\/wp-content\/uploads\/2025\/06\/preset_ppc21.pptx\">Presentaci\u00f3n sobre Peste Porcina Cl\u00e1sica\u00a0<\/a><\/li>\n<\/ul>\n<p>[\/vc_column_text][\/vc_tta_section][\/vc_tta_accordion][vc_tta_accordion style=&#8221;flat&#8221; c_icon=&#8221;triangle&#8221; active_section=&#8221;&#8221; collapsible_all=&#8221;true&#8221;][vc_tta_section title=&#8221;Educaci\u00f3n Sanitaria&#8221; tab_id=&#8221;1749058807928-93b63aff-4309&#8243;][vc_column_text]Informaci\u00f3n General<\/p>\n<p>PRONASPORC realiza actividades de educaci\u00f3n sanitaria con el objetivo de sensibilizar a la poblaci\u00f3n guatemalteca en el reconocimiento de cerdos enfermos y que puedan alertar a los servicios y responder oportunamente ante brotes de enfermedades que afecten la piara nacional.<\/p>\n<p>Adicionalmente,\u00a0 se imparten charlas sobre enfermedades porcinas y su epidemiologia, vigilancia epidemiol\u00f3gica, medidas de bioseguridad en unidades productivas,\u00a0 crianza y manejo, legislaci\u00f3n referente a normas de registro de granjas y movilizaci\u00f3n de cerdos vivos[\/vc_column_text][\/vc_tta_section][\/vc_tta_accordion][vc_tta_accordion style=&#8221;flat&#8221; c_icon=&#8221;triangle&#8221; active_section=&#8221;&#8221; collapsible_all=&#8221;true&#8221;][vc_tta_section title=&#8221;Cont\u00e1ctenos&#8221; tab_id=&#8221;1749058134493-05997fb1-abea&#8221;][vc_column_text]<\/p>\n<p style=\"text-align: center;\">Epidemiolog\u00eda PRONASPORC<\/p>\n<p>Email: <a href=\"mailto:epidemiologia.pronasporc@maga.gob.gt\">epidemiologia.pronasporc@maga.gob.gt<\/a><\/p>\n<p>Cel: 35677441<\/p>\n<p>[\/vc_column_text][\/vc_tta_section][\/vc_tta_accordion][\/vc_column][\/vc_row][vc_row][vc_column][vc_empty_space][\/vc_column][\/vc_row][vc_row][vc_column][\/vc_column][\/vc_row][vc_row][vc_column][vc_empty_space][\/vc_column][\/vc_row]<\/p>\n","protected":false},"excerpt":{"rendered":"<p>[vc_row][vc_column][vc_custom_heading text=&#8221;Programa Nacional de Sanidad Porcina (PRONASPORC)&#8221; font_container=&#8221;tag:h2|text_align:center&#8221; google_fonts=&#8221;font_family:Abel%3Aregular|font_style:400%20regular%3A400%3Anormal&#8221;][vc_column_text]Programa Nacional de Sanidad Porcina (PRONASPORC), es un programa sanitario que act\u00faa bajo la coordinaci\u00f3n de la Direcci\u00f3n de Sanidad Animal del Viceministerio de Sanidad Agropecuaria y Regulaciones\u00a0 (VISAR) de este Ministerio; creado por el Acuerdo Ministerial No. 350-2015 y sus modificaciones en el Acuerdo Ministerial\u00a0 No. [&hellip;]<\/p>\n","protected":false},"author":2,"featured_media":0,"parent":0,"menu_order":0,"comment_status":"closed","ping_status":"closed","template":"","meta":{"footnotes":""},"class_list":["post-128","page","type-page","status-publish","hentry"],"_links":{"self":[{"href":"https:\/\/www.maga.gob.gt\/sitios\/visar\/wp-json\/wp\/v2\/pages\/128","targetHints":{"allow":["GET"]}}],"collection":[{"href":"https:\/\/www.maga.gob.gt\/sitios\/visar\/wp-json\/wp\/v2\/pages"}],"about":[{"href":"https:\/\/www.maga.gob.gt\/sitios\/visar\/wp-json\/wp\/v2\/types\/page"}],"author":[{"embeddable":true,"href":"https:\/\/www.maga.gob.gt\/sitios\/visar\/wp-json\/wp\/v2\/users\/2"}],"replies":[{"embeddable":true,"href":"https:\/\/www.maga.gob.gt\/sitios\/visar\/wp-json\/wp\/v2\/comments?post=128"}],"version-history":[{"count":24,"href":"https:\/\/www.maga.gob.gt\/sitios\/visar\/wp-json\/wp\/v2\/pages\/128\/revisions"}],"predecessor-version":[{"id":2397,"href":"https:\/\/www.maga.gob.gt\/sitios\/visar\/wp-json\/wp\/v2\/pages\/128\/revisions\/2397"}],"wp:attachment":[{"href":"https:\/\/www.maga.gob.gt\/sitios\/visar\/wp-json\/wp\/v2\/media?parent=128"}],"curies":[{"name":"wp","href":"https:\/\/api.w.org\/{rel}","templated":true}]}}