{"id":102,"date":"2024-03-13T18:21:07","date_gmt":"2024-03-13T17:21:07","guid":{"rendered":"https:\/\/www.maga.gob.gt\/sitios\/visar\/?page_id=102"},"modified":"2025-04-21T20:07:32","modified_gmt":"2025-04-21T18:07:32","slug":"laboratorio-de-sanidad-animal","status":"publish","type":"page","link":"https:\/\/www.maga.gob.gt\/sitios\/visar\/laboratorio-de-sanidad-animal\/","title":{"rendered":"Laboratorio de Sanidad Animal"},"content":{"rendered":"<p>[vc_row][vc_column][vc_empty_space][vc_custom_heading text=&#8221;Laboratorio de Sanidad Animal&#8221; font_container=&#8221;tag:h2|text_align:center&#8221; google_fonts=&#8221;font_family:Abel%3Aregular|font_style:400%20regular%3A400%3Anormal&#8221;][vc_column_text]<\/p>\n<p style=\"text-align: justify;\">El laboratorio de Sanidad Animal es el responsable de prestar los servicios de diagn\u00f3stico para diferentes enfermedades end\u00e9micas, ex\u00f3ticas y emergentes, utilizando tecnolog\u00eda innovadora, metodolog\u00edas id\u00f3neas y personal capacitado, contribuyendo a la vigilancia epidemiol\u00f3gica de enfermedades de origen animal y de inter\u00e9s para la Direcci\u00f3n de Sanidad Animal VISAR-MAGA.<\/p>\n<p>[\/vc_column_text][vc_custom_heading text=&#8221;Objeto&#8221; font_container=&#8221;tag:h2|text_align:center&#8221; google_fonts=&#8221;font_family:Abel%3Aregular|font_style:400%20regular%3A400%3Anormal&#8221;][vc_column_text]<\/p>\n<p style=\"text-align: justify;\"><strong>Vigilancia Epidemiol\u00f3gica<\/strong><\/p>\n<p style=\"text-align: justify;\">El laboratorio de sanidad animal brinda los datos de diagn\u00f3stico para elaborar tendencias por zonas de enfermedades de importancia cuarentenaria que limitan el comercio internacional y enfermedades zoon\u00f3ticas que afectan la salud de la poblaci\u00f3n.<\/p>\n<p style=\"text-align: justify;\"><strong>Atenci\u00f3n de Notificaciones<\/strong><\/p>\n<p style=\"text-align: justify;\">El laboratorio atiende notificaciones sanitarias de usuarios privados, oficiales y oficializados con el fin de prevenir brotes y mortandad de las diferentes especies de animales terrestres.<\/p>\n<p style=\"text-align: justify;\"><strong>Validaciones de Kit y Reactivos<\/strong><\/p>\n<p style=\"text-align: justify;\">Es el encargado de evaluar y estandarizar los kits y reactivos para el \u00a0diagn\u00f3stico de enfermedades de inter\u00e9s para el pa\u00eds.<\/p>\n<p style=\"text-align: justify;\"><strong>Autorizaci\u00f3n de Laboratorios Privados<\/strong><\/p>\n<p style=\"text-align: justify;\">El laboratorio de Sanidad Animal es el ente responsable de supervisar y\u00a0 emitir las autorizaciones para el funcionamiento de los laboratorios privados \u00a0para el diagn\u00f3stico enfermedades cuarentenarias.<\/p>\n<p>[\/vc_column_text][vc_custom_heading text=&#8221;Actividades&#8221; font_container=&#8221;tag:h2|text_align:center&#8221; google_fonts=&#8221;font_family:Abel%3Aregular|font_style:400%20regular%3A400%3Anormal&#8221;][vc_column_text]<\/p>\n<ul>\n<li>Ensayos de laboratorio para diagn\u00f3stico de enfermedades de animales terrestres.<\/li>\n<li>Autorizaciones a laboratorios privados.<\/li>\n<li>Supervisiones a laboratorios privados autorizados y laboratorios oficiales<\/li>\n<li>Capacitaci\u00f3n a profesionales, t\u00e9cnicos y productores.<\/li>\n<li>Elaboraci\u00f3n de procedimientos de ensayos normados de diferentes diagn\u00f3sticos de animales terrestres.<\/li>\n<li>Apoyo a otras instituciones en diagn\u00f3sticos.<\/li>\n<\/ul>\n<p>[\/vc_column_text][vc_custom_heading text=&#8221;Misi\u00f3n Visi\u00f3n&#8221; font_container=&#8221;tag:h2|text_align:center&#8221; google_fonts=&#8221;font_family:Abel%3Aregular|font_style:400%20regular%3A400%3Anormal&#8221;][vc_column_text]<strong>Misi\u00f3n<\/strong><\/p>\n<p>Somos el Laboratorio de Sanidad Animal que, mediante la prestaci\u00f3n de servicios de diagn\u00f3stico, utilizando tecnolog\u00eda innovadora y metodolog\u00edas id\u00f3neas contribuimos con\u00a0la vigilancia epidemiol\u00f3gica de enfermedades de origen animal y de inter\u00e9s para la Direcci\u00f3n de Sanidad Animal VISAR-MAGA.<\/p>\n<p><strong>Visi\u00f3n<\/strong><\/p>\n<p>Ser el Laboratorio de Sanidad Animal referente, basado en un Sistema de Gesti\u00f3n que garantice la calidad de los servicios de diagn\u00f3stico para la vigilancia epidemiol\u00f3gica de enfermedades de inter\u00e9s para el pa\u00eds.[\/vc_column_text][vc_custom_heading text=&#8221;Pol\u00edtica de Calidad&#8221; font_container=&#8221;tag:h2|text_align:center&#8221; google_fonts=&#8221;font_family:Abel%3Aregular|font_style:400%20regular%3A400%3Anormal&#8221;][vc_column_text]<\/p>\n<p style=\"text-align: justify;\">El Laboratorio de Sanidad Animal VISAR-MAGA cuenta con personal t\u00e9cnico y administrativo competente, comprometidos en mantener y mejorar continuamente en base a la operaci\u00f3n coherente e imparcial los servicios de diagn\u00f3stico en especies de animales terrestres acorde a las normativas internacionales vigentes, bas\u00e1ndonos para ello en un sistema de gesti\u00f3n conforme a la norma ISO\/IEC 17025, enfocado en satisfacer las necesidades de nuestros usuarios gubernamentales y privados.<\/p>\n<p>[\/vc_column_text][vc_custom_heading text=&#8221;Formularios&#8221; font_container=&#8221;tag:h2|text_align:center&#8221; google_fonts=&#8221;font_family:Abel%3Aregular|font_style:400%20regular%3A400%3Anormal&#8221;][vc_column_text]<\/p>\n<ul>\n<li><a href=\"https:\/\/www.maga.gob.gt\/sitios\/visar\/wp-content\/uploads\/2025\/01\/LSAGU001GUIA.pdf\">LSA-GUI-001<\/a> Gu\u00eda del Usuario<\/li>\n<li><a href=\"https:\/\/www.maga.gob.gt\/sitios\/visar\/wp-content\/uploads\/2025\/04\/LSA-MA-001MANUAL25.pdf\">LSA-MA-001<\/a> Manual de Preservaci\u00f3n y Env\u00edo de Muestras<\/li>\n<li><a href=\"https:\/\/www.maga.gob.gt\/sitios\/visar\/wp-content\/uploads\/2025\/01\/LSAMA002MBIO.pdf\">LSA-MA-002<\/a> Manual de Bioseguridad<\/li>\n<li><a href=\"https:\/\/www.maga.gob.gt\/sitios\/visar\/wp-content\/uploads\/2025\/01\/LASFO014SAN.pdf\">LSA-FO-014<\/a> Solicitud de An\u00e1lisis<\/li>\n<li><a href=\"https:\/\/www.maga.gob.gt\/sitios\/visar\/wp-content\/uploads\/2025\/01\/LSAFO029QUEJA.pdf\">LSA-FO-029<\/a> Queja o Sugerencia del Usuario<\/li>\n<li><a href=\"https:\/\/www.maga.gob.gt\/sitios\/visar\/wp-content\/uploads\/2025\/04\/LSA-FO-066PORTA25.pdf\">LSA-FO-066<\/a> Portafolio de Ensayos del LSA<\/li>\n<li><a href=\"https:\/\/www.maga.gob.gt\/sitios\/visar\/wp-content\/uploads\/2025\/01\/LSAPR014FLG.pdf\">LSA-PR-014<\/a> Flujograma de Manejo de Procesos<\/li>\n<\/ul>\n<p>[\/vc_column_text][vc_custom_heading text=&#8221;Tarifas&#8221; font_container=&#8221;tag:h2|text_align:center&#8221; google_fonts=&#8221;font_family:Abel%3Aregular|font_style:400%20regular%3A400%3Anormal&#8221;][vc_column_text]<strong>Rosa de Bengala<\/strong><\/p>\n<ul>\n<li>Precio: $0.75<\/li>\n<li>C\u00f3digo Banrural: 6801<\/li>\n<\/ul>\n<p><strong><br \/>\nElisa Brucella<\/strong><\/p>\n<ul>\n<li>Precio: $6.25<\/li>\n<li>C\u00f3digo Banrural: 6823<\/li>\n<\/ul>\n<p><strong><br \/>\nCAEV<\/strong><\/p>\n<ul>\n<li>Precio: $6.25<\/li>\n<li>C\u00f3digo Banrural: 6824<\/li>\n<\/ul>\n<p>[\/vc_column_text][vc_custom_heading text=&#8221;Horarios&#8221; font_container=&#8221;tag:h2|text_align:center&#8221; google_fonts=&#8221;font_family:Abel%3Aregular|font_style:400%20regular%3A400%3Anormal&#8221;][vc_column_text]<strong>Horario de Atenci\u00f3n a Usuarios y Recepci\u00f3n de Muestras<\/strong><\/p>\n<p>Lunes a Viernes de 7:00 am a 3:00 pm[\/vc_column_text][vc_custom_heading text=&#8221;Avisos&#8221; font_container=&#8221;tag:h2|text_align:center&#8221; google_fonts=&#8221;font_family:Abel%3Aregular|font_style:400%20regular%3A400%3Anormal&#8221;][vc_column_text][\/vc_column_text][vc_custom_heading text=&#8221;Cont\u00e1ctenos&#8221; font_container=&#8221;tag:h2|text_align:center&#8221; google_fonts=&#8221;font_family:Abel%3Aregular|font_style:400%20regular%3A400%3Anormal&#8221;][vc_column_text]Para mayor informaci\u00f3n o para notificaci\u00f3n de animales enfermos comunicarse al PBX 1557 Extensi\u00f3n 7630 o al WhatsApp 39977566 <a href=\"mailto:labsakm22@maga.gob.gt\">labsakm22@maga.gob.gt<\/a><\/p>\n<p><strong>Ubicaci\u00f3n<\/strong>: Laboratorio Nacional de Salud, Km. 22 Carretera al Pacifico, B\u00e1rcenas, Villa Nueva, Guatemala.[\/vc_column_text][\/vc_column][\/vc_row]<\/p>\n","protected":false},"excerpt":{"rendered":"<p>[vc_row][vc_column][vc_empty_space][vc_custom_heading text=&#8221;Laboratorio de Sanidad Animal&#8221; font_container=&#8221;tag:h2|text_align:center&#8221; google_fonts=&#8221;font_family:Abel%3Aregular|font_style:400%20regular%3A400%3Anormal&#8221;][vc_column_text] El laboratorio de Sanidad Animal es el responsable de prestar los servicios de diagn\u00f3stico para diferentes enfermedades end\u00e9micas, ex\u00f3ticas y emergentes, utilizando tecnolog\u00eda innovadora, metodolog\u00edas id\u00f3neas y personal capacitado, contribuyendo a la vigilancia epidemiol\u00f3gica de enfermedades de origen animal y de inter\u00e9s para la Direcci\u00f3n de Sanidad Animal [&hellip;]<\/p>\n","protected":false},"author":2,"featured_media":0,"parent":0,"menu_order":0,"comment_status":"closed","ping_status":"closed","template":"","meta":{"footnotes":""},"class_list":["post-102","page","type-page","status-publish","hentry"],"_links":{"self":[{"href":"https:\/\/www.maga.gob.gt\/sitios\/visar\/wp-json\/wp\/v2\/pages\/102","targetHints":{"allow":["GET"]}}],"collection":[{"href":"https:\/\/www.maga.gob.gt\/sitios\/visar\/wp-json\/wp\/v2\/pages"}],"about":[{"href":"https:\/\/www.maga.gob.gt\/sitios\/visar\/wp-json\/wp\/v2\/types\/page"}],"author":[{"embeddable":true,"href":"https:\/\/www.maga.gob.gt\/sitios\/visar\/wp-json\/wp\/v2\/users\/2"}],"replies":[{"embeddable":true,"href":"https:\/\/www.maga.gob.gt\/sitios\/visar\/wp-json\/wp\/v2\/comments?post=102"}],"version-history":[{"count":9,"href":"https:\/\/www.maga.gob.gt\/sitios\/visar\/wp-json\/wp\/v2\/pages\/102\/revisions"}],"predecessor-version":[{"id":2062,"href":"https:\/\/www.maga.gob.gt\/sitios\/visar\/wp-json\/wp\/v2\/pages\/102\/revisions\/2062"}],"wp:attachment":[{"href":"https:\/\/www.maga.gob.gt\/sitios\/visar\/wp-json\/wp\/v2\/media?parent=102"}],"curies":[{"name":"wp","href":"https:\/\/api.w.org\/{rel}","templated":true}]}}