{"id":243,"date":"2013-03-15T14:44:15","date_gmt":"2013-03-15T14:44:15","guid":{"rendered":"http:\/\/web.maga.gob.gt\/visan\/?page_id=243"},"modified":"2023-09-26T14:59:28","modified_gmt":"2023-09-26T20:59:28","slug":"departamento-de-asistencia-alimentaria","status":"publish","type":"page","link":"https:\/\/www.maga.gob.gt\/sitios\/visan\/departamento-de-asistencia-alimentaria\/","title":{"rendered":"Departamento de asistencia alimentaria y nutricional"},"content":{"rendered":"<p>[vc_row][vc_column][vc_empty_space height=&#8221;64px&#8221;][vc_custom_heading text=&#8221;Entrega de alimentos a la poblaci\u00f3n rural vulnerable a la inseguridad alimentaria, como parte del programa de asistencia alimentaria.&#8221; font_container=&#8221;tag:h2|text_align:center&#8221; google_fonts=&#8221;font_family:Abel%3Aregular|font_style:400%20regular%3A400%3Anormal&#8221;][vc_column_text]<\/p>\n<p style=\"text-align: justify;\">El Ministerio de Agricultura, Ganader\u00eda y Alimentaci\u00f3n, a trav\u00e9s del Vice-Ministerio de Seguridad Alimentaria y Nutricional, lleva a cabo en todo el pa\u00eds, el Programa de Asistencia Alimentaria, distribuyendo alimentos a la poblaci\u00f3n que afronta dificultades eventuales en materia alimentaria y nutricional o que vive en riesgo de inseguridad alimentaria.\u00a0 Con lo que se consigue que estos grupos afronten la inseguridad alimentaria y\u00a0 reinicien los procesos productivos.<\/p>\n<p style=\"text-align: justify;\">Para ello se cuenta con el Departamento de Asistencia Alimentaria, que tiene como responsabilidad\u00a0 la ejecuci\u00f3n de\u00a0 los Programas de Asistencia Alimentaria y Nutricional,\u00a0 que se desarrollan con recursos del Gobierno, en beneficio de grupos vulnerables y afectados por desastres naturales, crisis sociales, econ\u00f3micas y productivas.<\/p>\n<p style=\"text-align: justify;\">Dentro de las funciones propias del Viceministro, en su creaci\u00f3n qued\u00f3 establecido como el ente de estado que apoya la la poblaci\u00f3n en momentos de emergencia y por desastres naturales.<\/p>\n<p>[\/vc_column_text][\/vc_column][\/vc_row]<\/p>\n","protected":false},"excerpt":{"rendered":"<p>[vc_row][vc_column][vc_empty_space height=&#8221;64px&#8221;][vc_custom_heading text=&#8221;Entrega de alimentos a la poblaci\u00f3n rural vulnerable a la inseguridad alimentaria, como parte del programa de asistencia alimentaria.&#8221; font_container=&#8221;tag:h2|text_align:center&#8221; google_fonts=&#8221;font_family:Abel%3Aregular|font_style:400%20regular%3A400%3Anormal&#8221;][vc_column_text] El Ministerio de Agricultura, Ganader\u00eda y Alimentaci\u00f3n, a trav\u00e9s del Vice-Ministerio de Seguridad Alimentaria y Nutricional, lleva a cabo en todo el pa\u00eds, el Programa de Asistencia Alimentaria, distribuyendo alimentos a la [&hellip;]<\/p>\n","protected":false},"author":1,"featured_media":0,"parent":0,"menu_order":0,"comment_status":"closed","ping_status":"open","template":"","meta":{"footnotes":""},"class_list":["post-243","page","type-page","status-publish","hentry"],"aioseo_notices":[],"_links":{"self":[{"href":"https:\/\/www.maga.gob.gt\/sitios\/visan\/wp-json\/wp\/v2\/pages\/243"}],"collection":[{"href":"https:\/\/www.maga.gob.gt\/sitios\/visan\/wp-json\/wp\/v2\/pages"}],"about":[{"href":"https:\/\/www.maga.gob.gt\/sitios\/visan\/wp-json\/wp\/v2\/types\/page"}],"author":[{"embeddable":true,"href":"https:\/\/www.maga.gob.gt\/sitios\/visan\/wp-json\/wp\/v2\/users\/1"}],"replies":[{"embeddable":true,"href":"https:\/\/www.maga.gob.gt\/sitios\/visan\/wp-json\/wp\/v2\/comments?post=243"}],"version-history":[{"count":5,"href":"https:\/\/www.maga.gob.gt\/sitios\/visan\/wp-json\/wp\/v2\/pages\/243\/revisions"}],"predecessor-version":[{"id":672,"href":"https:\/\/www.maga.gob.gt\/sitios\/visan\/wp-json\/wp\/v2\/pages\/243\/revisions\/672"}],"wp:attachment":[{"href":"https:\/\/www.maga.gob.gt\/sitios\/visan\/wp-json\/wp\/v2\/media?parent=243"}],"curies":[{"name":"wp","href":"https:\/\/api.w.org\/{rel}","templated":true}]}}