{"id":494,"date":"2023-06-29T21:20:53","date_gmt":"2023-06-29T21:20:53","guid":{"rendered":"https:\/\/www.maga.gob.gt\/sitios\/uip\/?page_id=494"},"modified":"2023-09-06T21:01:27","modified_gmt":"2023-09-06T21:01:27","slug":"articulo-16-decreto-30-2012","status":"publish","type":"page","link":"https:\/\/www.maga.gob.gt\/sitios\/uip\/articulo-16-decreto-30-2012\/","title":{"rendered":"Art\u00edculo 16 Decreto 30-2012"},"content":{"rendered":"\t\t<div data-elementor-type=\"wp-page\" data-elementor-id=\"494\" class=\"elementor elementor-494\">\n\t\t\t\t\t\t<section class=\"elementor-section elementor-top-section elementor-element elementor-element-1ecff16 elementor-section-boxed elementor-section-height-default elementor-section-height-default wpr-particle-no wpr-jarallax-no wpr-parallax-no wpr-sticky-section-no\" data-id=\"1ecff16\" data-element_type=\"section\">\n\t\t\t\t\t\t<div class=\"elementor-container elementor-column-gap-default\">\n\t\t\t\t\t<div class=\"elementor-column elementor-col-100 elementor-top-column elementor-element elementor-element-44f4c72\" data-id=\"44f4c72\" data-element_type=\"column\">\n\t\t\t<div class=\"elementor-widget-wrap elementor-element-populated\">\n\t\t\t\t\t\t<div class=\"elementor-element elementor-element-7861abd elementor-widget elementor-widget-text-editor\" data-id=\"7861abd\" data-element_type=\"widget\" data-widget_type=\"text-editor.default\">\n\t\t\t\t<div class=\"elementor-widget-container\">\n\t\t\t\t\t\t\t\t\t<p><a href=\"https:\/\/www.maga.gob.gt\/sitios\/uip\/\">Inicio <\/a>\/ Articulo 16 &#8211; Decreto 30-2012<\/p>\t\t\t\t\t\t\t\t<\/div>\n\t\t\t\t<\/div>\n\t\t\t\t\t<\/div>\n\t\t<\/div>\n\t\t\t\t\t<\/div>\n\t\t<\/section>\n\t\t\t\t<section class=\"elementor-section elementor-top-section elementor-element elementor-element-1e449ea elementor-section-boxed elementor-section-height-default elementor-section-height-default wpr-particle-no wpr-jarallax-no wpr-parallax-no wpr-sticky-section-no\" data-id=\"1e449ea\" data-element_type=\"section\">\n\t\t\t\t\t\t<div class=\"elementor-container elementor-column-gap-default\">\n\t\t\t\t\t<div class=\"elementor-column elementor-col-100 elementor-top-column elementor-element elementor-element-c6ba99c\" data-id=\"c6ba99c\" data-element_type=\"column\">\n\t\t\t<div class=\"elementor-widget-wrap elementor-element-populated\">\n\t\t\t\t\t\t<div class=\"elementor-element elementor-element-d840038 elementor-widget elementor-widget-heading\" data-id=\"d840038\" data-element_type=\"widget\" data-widget_type=\"heading.default\">\n\t\t\t\t<div class=\"elementor-widget-container\">\n\t\t\t\t\t<h1 class=\"elementor-heading-title elementor-size-default\">Articulo 16 - Decreto 30-2012<\/h1>\t\t\t\t<\/div>\n\t\t\t\t<\/div>\n\t\t\t\t\t<\/div>\n\t\t<\/div>\n\t\t\t\t\t<\/div>\n\t\t<\/section>\n\t\t\t\t<section class=\"elementor-section elementor-top-section elementor-element elementor-element-b91d8ca elementor-section-boxed elementor-section-height-default elementor-section-height-default wpr-particle-no wpr-jarallax-no wpr-parallax-no wpr-sticky-section-no\" data-id=\"b91d8ca\" data-element_type=\"section\">\n\t\t\t\t\t\t<div class=\"elementor-container elementor-column-gap-default\">\n\t\t\t\t\t<div class=\"elementor-column elementor-col-100 elementor-top-column elementor-element elementor-element-1508366\" data-id=\"1508366\" data-element_type=\"column\">\n\t\t\t<div class=\"elementor-widget-wrap elementor-element-populated\">\n\t\t\t\t\t\t<div class=\"elementor-element elementor-element-91a1016 elementor-widget-divider--view-line elementor-widget elementor-widget-divider\" data-id=\"91a1016\" data-element_type=\"widget\" data-widget_type=\"divider.default\">\n\t\t\t\t<div class=\"elementor-widget-container\">\n\t\t\t\t\t\t\t<div class=\"elementor-divider\">\n\t\t\t<span class=\"elementor-divider-separator\">\n\t\t\t\t\t\t<\/span>\n\t\t<\/div>\n\t\t\t\t\t\t<\/div>\n\t\t\t\t<\/div>\n\t\t\t\t\t<\/div>\n\t\t<\/div>\n\t\t\t\t\t<\/div>\n\t\t<\/section>\n\t\t\t\t<section class=\"elementor-section elementor-top-section elementor-element elementor-element-5582bcd elementor-section-boxed elementor-section-height-default elementor-section-height-default wpr-particle-no wpr-jarallax-no wpr-parallax-no wpr-sticky-section-no\" data-id=\"5582bcd\" data-element_type=\"section\">\n\t\t\t\t\t\t<div class=\"elementor-container elementor-column-gap-default\">\n\t\t\t\t\t<div class=\"elementor-column elementor-col-100 elementor-top-column elementor-element elementor-element-56085bc\" data-id=\"56085bc\" data-element_type=\"column\">\n\t\t\t<div class=\"elementor-widget-wrap elementor-element-populated\">\n\t\t\t\t\t\t<div class=\"elementor-element elementor-element-da223de elementor-widget elementor-widget-text-editor\" data-id=\"da223de\" data-element_type=\"widget\" data-widget_type=\"text-editor.default\">\n\t\t\t\t<div class=\"elementor-widget-container\">\n\t\t\t\t\t\t\t\t\t<p>Acceso a la informaci\u00f3n de la ejecuci\u00f3n presupuestaria con enfoque de g\u00e9nero.<\/p><h4><strong>Programaci\u00f3n de Estructuras con \u00c9nfasis de G\u00e9nero<\/strong><\/h4><ul><li><a href=\"https:\/\/www.maga.gob.gt\/wp-content\/uploads\/pdf\/uip\/art16\/06_dtp_13_ocret.xlsx\">Oficina de Control de Areas de Reservas del Estado -OCRET-<\/a><\/li><li><a href=\"https:\/\/www.maga.gob.gt\/wp-content\/uploads\/pdf\/uip\/art16\/dtp_13_fida_oriente.xlsx\">Programa Nacional de Desarrollo Rural, regiones: central, nororiente y suroriente<\/a><\/li><li><a href=\"https:\/\/www.maga.gob.gt\/wp-content\/uploads\/pdf\/uip\/art16\/dtp_13_alimentos_por_acciones.pdf\">Alimentos por acciones<\/a><\/li><li><a href=\"https:\/\/www.maga.gob.gt\/wp-content\/uploads\/pdf\/uip\/art16\/dtp_13_almacen_de_alimentos.pdf\">Almac\u00e9n\u00a0de alimentos\u00a0<\/a><\/li><li><a href=\"https:\/\/www.maga.gob.gt\/articulo-16\/enfoque_genero.xlsx\">Estructura presupuestaria con enfoque de g\u00e9nero<\/a><\/li><\/ul><ul><li><a href=\"https:\/\/www.maga.gob.gt\/wp-content\/uploads\/pdf\/uip\/art16\/circular_16_de_genero_002.pdf\">Circular No. AF-016-2013<\/a><\/li><\/ul>\t\t\t\t\t\t\t\t<\/div>\n\t\t\t\t<\/div>\n\t\t\t\t<div class=\"elementor-element elementor-element-e4be369 elementor-widget elementor-widget-bdt-accordion\" data-id=\"e4be369\" data-element_type=\"widget\" data-widget_type=\"bdt-accordion.default\">\n\t\t\t\t<div class=\"elementor-widget-container\">\n\t\t\t\t\t        <div class=\"bdt-ep-accordion-container\">\r\n            <div id=\"bdt-ep-accordion-e4be369\" class=\"bdt-ep-accordion bdt-accordion\" data-bdt-accordion=\"{&quot;collapsible&quot;:true,&quot;multiple&quot;:false,&quot;transition&quot;:&quot;ease-in-out&quot;}\" data-settings=\"{&quot;id&quot;:&quot;bdt-ep-accordion-e4be369&quot;,&quot;activeHash&quot;:&quot;no&quot;,&quot;activeScrollspy&quot;:null,&quot;hashTopOffset&quot;:false,&quot;hashScrollspyTime&quot;:false}\">\r\n                                    <div class=\"bdt-ep-accordion-item\">\r\n                        <div class=\"bdt-ep-accordion-title bdt-accordion-title bdt-flex bdt-flex-middle bdt-flex-between\" id=\"bdt-ep-accordion-informes-cuatrimestrales-2014\" data-accordion-index=\"0\" data-title=\"informes-cuatrimestrales-2014\" role=\"heading\">\r\n\r\n                                                            <span class=\"bdt-ep-accordion-icon bdt-flex-align-right\" aria-hidden=\"true\">\r\n\r\n                                                                            <span class=\"bdt-ep-accordion-icon-closed\">\r\n                                            <i aria-hidden=\"true\" class=\"fa-fw fas fa-plus\"><\/i>                                        <\/span>\r\n                                    \r\n                                                                            <span class=\"bdt-ep-accordion-icon-opened\">\r\n                                            <i aria-hidden=\"true\" class=\"fa-fw fas fa-minus\"><\/i>                                        <\/span>\r\n                                    \r\n                                <\/span>\r\n                            \r\n                            <span class=\"bdt-ep-title-text bdt-flex bdt-flex-middle\">\r\n\r\n                                                                Informes Cuatrimestrales 2014                            <\/span>\r\n\r\n                        <\/div>\r\n                        <div class=\"bdt-ep-accordion-content bdt-accordion-content\">\r\n                            <p>Primer Cuatrimestre<\/p><ul><li><a href=\"https:\/\/www.maga.gob.gt\/download\/info-genero-beneficiarios-1c.xlsx\">Beneficiarios<\/a><\/li><li><a href=\"https:\/\/www.maga.gob.gt\/download\/Info-g%C3%A9nero-productos-1c.xlsx\">Productos<\/a><\/li><\/ul><p>Segundo Cuatrimestre<\/p><ul><li><a href=\"https:\/\/www.maga.gob.gt\/download\/info-genero-beneficiarios-2c.xlsx\">Beneficiarios<\/a><\/li><li><a href=\"https:\/\/www.maga.gob.gt\/download\/info-genero-metas-2c.xlsx\">Metas<\/a><\/li><\/ul>                        <\/div>\r\n                    <\/div>\r\n                                    <div class=\"bdt-ep-accordion-item\">\r\n                        <div class=\"bdt-ep-accordion-title bdt-accordion-title bdt-flex bdt-flex-middle bdt-flex-between\" id=\"bdt-ep-accordion-informe-semestral-2013\" data-accordion-index=\"1\" data-title=\"informe-semestral-2013\" role=\"heading\">\r\n\r\n                                                            <span class=\"bdt-ep-accordion-icon bdt-flex-align-right\" aria-hidden=\"true\">\r\n\r\n                                                                            <span class=\"bdt-ep-accordion-icon-closed\">\r\n                                            <i aria-hidden=\"true\" class=\"fa-fw fas fa-plus\"><\/i>                                        <\/span>\r\n                                    \r\n                                                                            <span class=\"bdt-ep-accordion-icon-opened\">\r\n                                            <i aria-hidden=\"true\" class=\"fa-fw fas fa-minus\"><\/i>                                        <\/span>\r\n                                    \r\n                                <\/span>\r\n                            \r\n                            <span class=\"bdt-ep-title-text bdt-flex bdt-flex-middle\">\r\n\r\n                                                                Informe Semestral 2013                            <\/span>\r\n\r\n                        <\/div>\r\n                        <div class=\"bdt-ep-accordion-content bdt-accordion-content\">\r\n                            <ul><li><a href=\"https:\/\/www.maga.gob.gt\/wp-content\/uploads\/pdf\/uip\/ago13\/genero_1er_semestre_2013.zip\">1er Informe<\/a><\/li><li><a href=\"https:\/\/www.maga.gob.gt\/download\/Oficios-env-II-informe-Gnero-2013.rar\">2do Informe<\/a><\/li><\/ul>                        <\/div>\r\n                    <\/div>\r\n                            <\/div>\r\n        <\/div>\r\n    \t\t\t\t<\/div>\n\t\t\t\t<\/div>\n\t\t\t\t\t<\/div>\n\t\t<\/div>\n\t\t\t\t\t<\/div>\n\t\t<\/section>\n\t\t\t\t<\/div>\n\t\t","protected":false},"excerpt":{"rendered":"<p>Inicio \/ Articulo 16 &#8211; Decreto 30-2012 Articulo 16 &#8211; Decreto 30-2012 Acceso a la informaci\u00f3n de la ejecuci\u00f3n presupuestaria con enfoque de g\u00e9nero. Programaci\u00f3n de Estructuras con \u00c9nfasis de G\u00e9nero Oficina de Control de Areas de Reservas del Estado -OCRET- Programa Nacional de Desarrollo Rural, regiones: central, nororiente y suroriente Alimentos por acciones Almac\u00e9n\u00a0de alimentos\u00a0 Estructura presupuestaria con enfoque de g\u00e9nero Circular No. AF-016-2013 Informes Cuatrimestrales 2014 Primer Cuatrimestre Beneficiarios Productos Segundo Cuatrimestre Beneficiarios Metas Informe Semestral 2013 1er Informe 2do Informe<\/p>\n","protected":false},"author":2,"featured_media":0,"parent":0,"menu_order":0,"comment_status":"closed","ping_status":"closed","template":"","meta":{"_kad_post_transparent":"default","_kad_post_title":"hide","_kad_post_layout":"fullwidth","_kad_post_sidebar_id":"","_kad_post_content_style":"unboxed","_kad_post_vertical_padding":"hide","_kad_post_feature":"hide","_kad_post_feature_position":"","_kad_post_header":false,"_kad_post_footer":false,"footnotes":""},"class_list":["post-494","page","type-page","status-publish","hentry"],"_links":{"self":[{"href":"https:\/\/www.maga.gob.gt\/sitios\/uip\/wp-json\/wp\/v2\/pages\/494","targetHints":{"allow":["GET"]}}],"collection":[{"href":"https:\/\/www.maga.gob.gt\/sitios\/uip\/wp-json\/wp\/v2\/pages"}],"about":[{"href":"https:\/\/www.maga.gob.gt\/sitios\/uip\/wp-json\/wp\/v2\/types\/page"}],"author":[{"embeddable":true,"href":"https:\/\/www.maga.gob.gt\/sitios\/uip\/wp-json\/wp\/v2\/users\/2"}],"replies":[{"embeddable":true,"href":"https:\/\/www.maga.gob.gt\/sitios\/uip\/wp-json\/wp\/v2\/comments?post=494"}],"version-history":[{"count":7,"href":"https:\/\/www.maga.gob.gt\/sitios\/uip\/wp-json\/wp\/v2\/pages\/494\/revisions"}],"predecessor-version":[{"id":2228,"href":"https:\/\/www.maga.gob.gt\/sitios\/uip\/wp-json\/wp\/v2\/pages\/494\/revisions\/2228"}],"wp:attachment":[{"href":"https:\/\/www.maga.gob.gt\/sitios\/uip\/wp-json\/wp\/v2\/media?parent=494"}],"curies":[{"name":"wp","href":"https:\/\/api.w.org\/{rel}","templated":true}]}}