{"id":488,"date":"2023-06-29T21:19:45","date_gmt":"2023-06-29T21:19:45","guid":{"rendered":"https:\/\/www.maga.gob.gt\/sitios\/uip\/?page_id=488"},"modified":"2023-09-06T18:36:39","modified_gmt":"2023-09-06T18:36:39","slug":"decreto-14-2015","status":"publish","type":"page","link":"https:\/\/www.maga.gob.gt\/sitios\/uip\/decreto-14-2015\/","title":{"rendered":"Decreto 14-2015"},"content":{"rendered":"\t\t<div data-elementor-type=\"wp-page\" data-elementor-id=\"488\" class=\"elementor elementor-488\">\n\t\t\t\t\t\t<section class=\"elementor-section elementor-top-section elementor-element elementor-element-cfe5231 elementor-section-boxed elementor-section-height-default elementor-section-height-default wpr-particle-no wpr-jarallax-no wpr-parallax-no wpr-sticky-section-no\" data-id=\"cfe5231\" data-element_type=\"section\">\n\t\t\t\t\t\t<div class=\"elementor-container elementor-column-gap-default\">\n\t\t\t\t\t<div class=\"elementor-column elementor-col-100 elementor-top-column elementor-element elementor-element-1384d15\" data-id=\"1384d15\" data-element_type=\"column\">\n\t\t\t<div class=\"elementor-widget-wrap elementor-element-populated\">\n\t\t\t\t\t\t<div class=\"elementor-element elementor-element-f37cb4d elementor-widget elementor-widget-text-editor\" data-id=\"f37cb4d\" data-element_type=\"widget\" data-widget_type=\"text-editor.default\">\n\t\t\t\t<div class=\"elementor-widget-container\">\n\t\t\t\t\t\t\t\t\t<p><a href=\"https:\/\/www.maga.gob.gt\/sitios\/uip\/\">Inicio <\/a>\/ Decreto 14-2015<\/p>\t\t\t\t\t\t\t\t<\/div>\n\t\t\t\t<\/div>\n\t\t\t\t\t<\/div>\n\t\t<\/div>\n\t\t\t\t\t<\/div>\n\t\t<\/section>\n\t\t\t\t<section class=\"elementor-section elementor-top-section elementor-element elementor-element-129f6e1 elementor-section-boxed elementor-section-height-default elementor-section-height-default wpr-particle-no wpr-jarallax-no wpr-parallax-no wpr-sticky-section-no\" data-id=\"129f6e1\" data-element_type=\"section\">\n\t\t\t\t\t\t<div class=\"elementor-container elementor-column-gap-default\">\n\t\t\t\t\t<div class=\"elementor-column elementor-col-100 elementor-top-column elementor-element elementor-element-7294f08\" data-id=\"7294f08\" data-element_type=\"column\">\n\t\t\t<div class=\"elementor-widget-wrap elementor-element-populated\">\n\t\t\t\t\t\t<div class=\"elementor-element elementor-element-8f7dcb2 elementor-widget elementor-widget-heading\" data-id=\"8f7dcb2\" data-element_type=\"widget\" data-widget_type=\"heading.default\">\n\t\t\t\t<div class=\"elementor-widget-container\">\n\t\t\t\t\t<h1 class=\"elementor-heading-title elementor-size-default\">Decreto 14-2015<\/h1>\t\t\t\t<\/div>\n\t\t\t\t<\/div>\n\t\t\t\t\t<\/div>\n\t\t<\/div>\n\t\t\t\t\t<\/div>\n\t\t<\/section>\n\t\t\t\t<section class=\"elementor-section elementor-top-section elementor-element elementor-element-f605dc3 elementor-section-boxed elementor-section-height-default elementor-section-height-default wpr-particle-no wpr-jarallax-no wpr-parallax-no wpr-sticky-section-no\" data-id=\"f605dc3\" data-element_type=\"section\">\n\t\t\t\t\t\t<div class=\"elementor-container elementor-column-gap-default\">\n\t\t\t\t\t<div class=\"elementor-column elementor-col-100 elementor-top-column elementor-element elementor-element-6ba8a90\" data-id=\"6ba8a90\" data-element_type=\"column\">\n\t\t\t<div class=\"elementor-widget-wrap elementor-element-populated\">\n\t\t\t\t\t\t<div class=\"elementor-element elementor-element-159b982 elementor-widget-divider--view-line elementor-widget elementor-widget-divider\" data-id=\"159b982\" data-element_type=\"widget\" data-widget_type=\"divider.default\">\n\t\t\t\t<div class=\"elementor-widget-container\">\n\t\t\t\t\t\t\t<div class=\"elementor-divider\">\n\t\t\t<span class=\"elementor-divider-separator\">\n\t\t\t\t\t\t<\/span>\n\t\t<\/div>\n\t\t\t\t\t\t<\/div>\n\t\t\t\t<\/div>\n\t\t\t\t<div class=\"elementor-element elementor-element-7baffcb elementor-widget elementor-widget-text-editor\" data-id=\"7baffcb\" data-element_type=\"widget\" data-widget_type=\"text-editor.default\">\n\t\t\t\t<div class=\"elementor-widget-container\">\n\t\t\t\t\t\t\t\t\t<p><b><a href=\"https:\/\/www.maga.gob.gt\/download\/dec14-2015.pdf\" data-url=\"https:\/\/www.maga.gob.gt\/download\/dec14-2015.pdf\"><strong>Decreto 14-2015<\/strong><\/a><\/b><\/p><p style=\"text-align: center;\"><b>Ley del Presupuesto General de Ingresos y Egresos del Estado para el Ejercicio Fiscal 2016<\/b><\/p>\t\t\t\t\t\t\t\t<\/div>\n\t\t\t\t<\/div>\n\t\t\t\t<div class=\"elementor-element elementor-element-6aab4cf elementor-widget elementor-widget-text-editor\" data-id=\"6aab4cf\" data-element_type=\"widget\" data-widget_type=\"text-editor.default\">\n\t\t\t\t<div class=\"elementor-widget-container\">\n\t\t\t\t\t\t\t\t\t<p><b>Art\u00edculo 11<\/b><\/p>\t\t\t\t\t\t\t\t<\/div>\n\t\t\t\t<\/div>\n\t\t\t\t<div class=\"elementor-element elementor-element-e7a03a0 elementor-widget elementor-widget-bdt-accordion\" data-id=\"e7a03a0\" data-element_type=\"widget\" data-widget_type=\"bdt-accordion.default\">\n\t\t\t\t<div class=\"elementor-widget-container\">\n\t\t\t\t\t        <div class=\"bdt-ep-accordion-container\">\r\n            <div id=\"bdt-ep-accordion-e7a03a0\" class=\"bdt-ep-accordion bdt-accordion\" data-bdt-accordion=\"{&quot;collapsible&quot;:true,&quot;multiple&quot;:false,&quot;transition&quot;:&quot;ease-in-out&quot;}\" data-settings=\"{&quot;id&quot;:&quot;bdt-ep-accordion-e7a03a0&quot;,&quot;activeHash&quot;:&quot;no&quot;,&quot;activeScrollspy&quot;:null,&quot;hashTopOffset&quot;:false,&quot;hashScrollspyTime&quot;:false}\">\r\n                                    <div class=\"bdt-ep-accordion-item\">\r\n                        <div class=\"bdt-ep-accordion-title bdt-accordion-title bdt-flex bdt-flex-middle bdt-flex-between\" id=\"bdt-ep-accordion-informe-de-ejecucin-presupuestaria-al-congreso-de-la-repblica-de-guatemala\" data-accordion-index=\"0\" data-title=\"informe-de-ejecuci-n-presupuestaria-al-congreso-de-la-rep-blica-de-guatemala\" role=\"heading\">\r\n\r\n                                                            <span class=\"bdt-ep-accordion-icon bdt-flex-align-right\" aria-hidden=\"true\">\r\n\r\n                                                                            <span class=\"bdt-ep-accordion-icon-closed\">\r\n                                            <i aria-hidden=\"true\" class=\"fa-fw fas fa-plus\"><\/i>                                        <\/span>\r\n                                    \r\n                                                                            <span class=\"bdt-ep-accordion-icon-opened\">\r\n                                            <i aria-hidden=\"true\" class=\"fa-fw fas fa-minus\"><\/i>                                        <\/span>\r\n                                    \r\n                                <\/span>\r\n                            \r\n                            <span class=\"bdt-ep-title-text bdt-flex bdt-flex-middle\">\r\n\r\n                                                                Informe de ejecuci\u00f3n presupuestaria al Congreso de la Rep\u00fablica de Guatemala                            <\/span>\r\n\r\n                        <\/div>\r\n                        <div class=\"bdt-ep-accordion-content bdt-accordion-content\">\r\n                            <ol><li><a href=\"https:\/\/www.maga.gob.gt\/download\/1er-infocuatri-2016.zip\">Informe Ejecuci\u00f3n Presupuestaria, Primer Cuatrimestre 2016<\/a><\/li><li><a href=\"https:\/\/www.maga.gob.gt\/download\/2do-infocuatri-2016.zip\">Informe Ejecuci\u00f3n Presupuestaria, Segundo Cuatrimestre 2016<\/a><\/li><li><a href=\"https:\/\/www.maga.gob.gt\/download\/3er-infocuatri-2016.zip\">Informe Ejecuci\u00f3n Presupuestaria, Tercer Cuatrimestre 2016<\/a><\/li><\/ol>                        <\/div>\r\n                    <\/div>\r\n                            <\/div>\r\n        <\/div>\r\n    \t\t\t\t<\/div>\n\t\t\t\t<\/div>\n\t\t\t\t<div class=\"elementor-element elementor-element-5c1c3c9 elementor-widget-divider--view-line elementor-widget elementor-widget-divider\" data-id=\"5c1c3c9\" data-element_type=\"widget\" data-widget_type=\"divider.default\">\n\t\t\t\t<div class=\"elementor-widget-container\">\n\t\t\t\t\t\t\t<div class=\"elementor-divider\">\n\t\t\t<span class=\"elementor-divider-separator\">\n\t\t\t\t\t\t<\/span>\n\t\t<\/div>\n\t\t\t\t\t\t<\/div>\n\t\t\t\t<\/div>\n\t\t\t\t<div class=\"elementor-element elementor-element-47f8f7f elementor-widget elementor-widget-text-editor\" data-id=\"47f8f7f\" data-element_type=\"widget\" data-widget_type=\"text-editor.default\">\n\t\t\t\t<div class=\"elementor-widget-container\">\n\t\t\t\t\t\t\t\t\t<p><b>Art\u00edculo 13: Ejecuci\u00f3n F\u00edsica<br \/><\/b>Las unidades de administraci\u00f3n financiera y planificaci\u00f3n, ser\u00e1n responsables del registro correspondiente en los sistemas que para el efecto pongan a disposici\u00f3n el Ministerio de Finanzas P\u00fablicas y la Secretar\u00eda de Planificaci\u00f3n y Programaci\u00f3n de la Presidencia, y de informar a las autoridades superiores de la instituci\u00f3n, los movimientos y ejecuci\u00f3n del presupuesto f\u00edsico financiero. Esta informaci\u00f3n deber\u00e1 ser publicada los primeros diez (1 O) d\u00edas del mes siguiente en el portal de cada entidad, de acuerdo al formato. establecido por el Ministerio de Finanzas P\u00fablicas. La Contratar\u00eda General de Cuentas verificar\u00e1 su cumplimiento.<\/p>\t\t\t\t\t\t\t\t<\/div>\n\t\t\t\t<\/div>\n\t\t\t\t<div class=\"elementor-element elementor-element-7b28702 elementor-widget elementor-widget-bdt-accordion\" data-id=\"7b28702\" data-element_type=\"widget\" data-widget_type=\"bdt-accordion.default\">\n\t\t\t\t<div class=\"elementor-widget-container\">\n\t\t\t\t\t        <div class=\"bdt-ep-accordion-container\">\r\n            <div id=\"bdt-ep-accordion-7b28702\" class=\"bdt-ep-accordion bdt-accordion\" data-bdt-accordion=\"{&quot;collapsible&quot;:true,&quot;multiple&quot;:false,&quot;transition&quot;:&quot;ease-in-out&quot;}\" data-settings=\"{&quot;id&quot;:&quot;bdt-ep-accordion-7b28702&quot;,&quot;activeHash&quot;:&quot;no&quot;,&quot;activeScrollspy&quot;:null,&quot;hashTopOffset&quot;:false,&quot;hashScrollspyTime&quot;:false}\">\r\n                                    <div class=\"bdt-ep-accordion-item\">\r\n                        <div class=\"bdt-ep-accordion-title bdt-accordion-title bdt-flex bdt-flex-middle bdt-flex-between\" id=\"bdt-ep-accordion-2017\" data-accordion-index=\"0\" data-title=\"2017\" role=\"heading\">\r\n\r\n                                                            <span class=\"bdt-ep-accordion-icon bdt-flex-align-right\" aria-hidden=\"true\">\r\n\r\n                                                                            <span class=\"bdt-ep-accordion-icon-closed\">\r\n                                            <i aria-hidden=\"true\" class=\"fa-fw fas fa-plus\"><\/i>                                        <\/span>\r\n                                    \r\n                                                                            <span class=\"bdt-ep-accordion-icon-opened\">\r\n                                            <i aria-hidden=\"true\" class=\"fa-fw fas fa-minus\"><\/i>                                        <\/span>\r\n                                    \r\n                                <\/span>\r\n                            \r\n                            <span class=\"bdt-ep-title-text bdt-flex bdt-flex-middle\">\r\n\r\n                                                                2017                            <\/span>\r\n\r\n                        <\/div>\r\n                        <div class=\"bdt-ep-accordion-content bdt-accordion-content\">\r\n                            <ul><li><a href=\"https:\/\/www.maga.gob.gt\/download\/ejecfis-ene17.pdf\">Ejecuci\u00f3n f\u00edsica enero<\/a><\/li><\/ul>                        <\/div>\r\n                    <\/div>\r\n                                    <div class=\"bdt-ep-accordion-item\">\r\n                        <div class=\"bdt-ep-accordion-title bdt-accordion-title bdt-flex bdt-flex-middle bdt-flex-between\" id=\"bdt-ep-accordion-2016\" data-accordion-index=\"1\" data-title=\"2016\" role=\"heading\">\r\n\r\n                                                            <span class=\"bdt-ep-accordion-icon bdt-flex-align-right\" aria-hidden=\"true\">\r\n\r\n                                                                            <span class=\"bdt-ep-accordion-icon-closed\">\r\n                                            <i aria-hidden=\"true\" class=\"fa-fw fas fa-plus\"><\/i>                                        <\/span>\r\n                                    \r\n                                                                            <span class=\"bdt-ep-accordion-icon-opened\">\r\n                                            <i aria-hidden=\"true\" class=\"fa-fw fas fa-minus\"><\/i>                                        <\/span>\r\n                                    \r\n                                <\/span>\r\n                            \r\n                            <span class=\"bdt-ep-title-text bdt-flex bdt-flex-middle\">\r\n\r\n                                                                2016                            <\/span>\r\n\r\n                        <\/div>\r\n                        <div class=\"bdt-ep-accordion-content bdt-accordion-content\">\r\n                            <ul><li><a href=\"https:\/\/www.maga.gob.gt\/download\/1sf-ene16.pdf\">Ejecuci\u00f3n f\u00edsica enero<\/a><\/li><li><a href=\"https:\/\/www.maga.gob.gt\/download\/2sf-feb16.pdf\">Ejecuci\u00f3n f\u00edsica febrero<\/a><\/li><li><a href=\"https:\/\/www.maga.gob.gt\/download\/3sf-mar16.pdf\">Ejecuci\u00f3n f\u00edsica marzo<\/a><\/li><li><a href=\"https:\/\/www.maga.gob.gt\/download\/4sf-abr16.pdf\">Ejecuci\u00f3n f\u00edsica abril<\/a><\/li><li><a href=\"https:\/\/www.maga.gob.gt\/download\/5sf-may16.pdf\">Ejecuci\u00f3n f\u00edsica mayo<\/a><\/li><li><a href=\"https:\/\/www.maga.gob.gt\/download\/6sf-jun16.pdf\">Ejecuci\u00f3n f\u00edsica junio<\/a><\/li><li><a href=\"https:\/\/www.maga.gob.gt\/download\/7sf-jul16.pdf\">Ejecuci\u00f3n f\u00edsica julio<\/a><\/li><li><a href=\"https:\/\/www.maga.gob.gt\/download\/8sf-ago16.pdf\">Ejecuci\u00f3n f\u00edsica agosto<\/a><\/li><li><a href=\"https:\/\/www.maga.gob.gt\/download\/9sf-sep16.pdf\">Ejecuci\u00f3n f\u00edsica septiembre<\/a><\/li><li><a href=\"https:\/\/www.maga.gob.gt\/download\/10sf-oct16.pdf\">Ejecuci\u00f3n f\u00edsica octubre<\/a><\/li><li><a href=\"https:\/\/www.maga.gob.gt\/download\/11sf-nov16.pdf\">Ejecuci\u00f3n f\u00edsica noviembre<\/a><\/li><li><a href=\"https:\/\/www.maga.gob.gt\/download\/12sf-dic16.pdf\">Ejecuci\u00f3n f\u00edsica diciembre<\/a><\/li><\/ul>                        <\/div>\r\n                    <\/div>\r\n                            <\/div>\r\n        <\/div>\r\n    \t\t\t\t<\/div>\n\t\t\t\t<\/div>\n\t\t\t\t\t<\/div>\n\t\t<\/div>\n\t\t\t\t\t<\/div>\n\t\t<\/section>\n\t\t\t\t<\/div>\n\t\t","protected":false},"excerpt":{"rendered":"<p>Inicio \/ Decreto 14-2015 Decreto 14-2015 Decreto 14-2015 Ley del Presupuesto General de Ingresos y Egresos del Estado para el Ejercicio Fiscal 2016 Art\u00edculo 11 Informe de ejecuci\u00f3n presupuestaria al Congreso de la Rep\u00fablica de Guatemala Informe Ejecuci\u00f3n Presupuestaria, Primer Cuatrimestre 2016 Informe Ejecuci\u00f3n Presupuestaria, Segundo Cuatrimestre 2016 Informe Ejecuci\u00f3n Presupuestaria, Tercer Cuatrimestre 2016 Art\u00edculo 13: Ejecuci\u00f3n F\u00edsicaLas unidades de administraci\u00f3n financiera y planificaci\u00f3n, ser\u00e1n responsables del registro correspondiente en los sistemas que para el efecto pongan a disposici\u00f3n el Ministerio de Finanzas P\u00fablicas y la Secretar\u00eda de Planificaci\u00f3n y Programaci\u00f3n de la Presidencia, y de informar a las autoridades superiores de la instituci\u00f3n, los movimientos y ejecuci\u00f3n del presupuesto f\u00edsico financiero. Esta informaci\u00f3n deber\u00e1 ser publicada los primeros diez (1 O) d\u00edas del mes siguiente en el portal de cada entidad, de acuerdo al formato. establecido por el Ministerio de Finanzas P\u00fablicas. La Contratar\u00eda General de Cuentas verificar\u00e1 su cumplimiento. 2017 Ejecuci\u00f3n f\u00edsica enero 2016 Ejecuci\u00f3n f\u00edsica enero Ejecuci\u00f3n f\u00edsica febrero Ejecuci\u00f3n f\u00edsica marzo Ejecuci\u00f3n f\u00edsica abril Ejecuci\u00f3n f\u00edsica mayo Ejecuci\u00f3n f\u00edsica junio Ejecuci\u00f3n f\u00edsica julio Ejecuci\u00f3n f\u00edsica agosto Ejecuci\u00f3n f\u00edsica septiembre Ejecuci\u00f3n f\u00edsica octubre Ejecuci\u00f3n f\u00edsica noviembre Ejecuci\u00f3n f\u00edsica diciembre<\/p>\n","protected":false},"author":2,"featured_media":0,"parent":0,"menu_order":0,"comment_status":"closed","ping_status":"closed","template":"","meta":{"_kad_post_transparent":"default","_kad_post_title":"hide","_kad_post_layout":"fullwidth","_kad_post_sidebar_id":"","_kad_post_content_style":"unboxed","_kad_post_vertical_padding":"hide","_kad_post_feature":"hide","_kad_post_feature_position":"","_kad_post_header":false,"_kad_post_footer":false,"footnotes":""},"class_list":["post-488","page","type-page","status-publish","hentry"],"_links":{"self":[{"href":"https:\/\/www.maga.gob.gt\/sitios\/uip\/wp-json\/wp\/v2\/pages\/488","targetHints":{"allow":["GET"]}}],"collection":[{"href":"https:\/\/www.maga.gob.gt\/sitios\/uip\/wp-json\/wp\/v2\/pages"}],"about":[{"href":"https:\/\/www.maga.gob.gt\/sitios\/uip\/wp-json\/wp\/v2\/types\/page"}],"author":[{"embeddable":true,"href":"https:\/\/www.maga.gob.gt\/sitios\/uip\/wp-json\/wp\/v2\/users\/2"}],"replies":[{"embeddable":true,"href":"https:\/\/www.maga.gob.gt\/sitios\/uip\/wp-json\/wp\/v2\/comments?post=488"}],"version-history":[{"count":4,"href":"https:\/\/www.maga.gob.gt\/sitios\/uip\/wp-json\/wp\/v2\/pages\/488\/revisions"}],"predecessor-version":[{"id":2161,"href":"https:\/\/www.maga.gob.gt\/sitios\/uip\/wp-json\/wp\/v2\/pages\/488\/revisions\/2161"}],"wp:attachment":[{"href":"https:\/\/www.maga.gob.gt\/sitios\/uip\/wp-json\/wp\/v2\/media?parent=488"}],"curies":[{"name":"wp","href":"https:\/\/api.w.org\/{rel}","templated":true}]}}