{"id":45058,"date":"2026-02-27T21:20:11","date_gmt":"2026-02-27T21:20:11","guid":{"rendered":"https:\/\/www.maga.gob.gt\/sitios\/uip\/?page_id=45058"},"modified":"2026-02-27T22:23:52","modified_gmt":"2026-02-27T22:23:52","slug":"decreto-3-2026","status":"publish","type":"page","link":"https:\/\/www.maga.gob.gt\/sitios\/uip\/decreto-3-2026\/","title":{"rendered":"Decreto 3-2026"},"content":{"rendered":"\t\t<div data-elementor-type=\"wp-page\" data-elementor-id=\"45058\" class=\"elementor elementor-45058\">\n\t\t\t\t\t\t<section class=\"elementor-section elementor-top-section elementor-element elementor-element-f49d23a elementor-section-boxed elementor-section-height-default elementor-section-height-default wpr-particle-no wpr-jarallax-no wpr-parallax-no wpr-sticky-section-no\" data-id=\"f49d23a\" data-element_type=\"section\">\n\t\t\t\t\t\t<div class=\"elementor-container elementor-column-gap-default\">\n\t\t\t\t\t<div class=\"elementor-column elementor-col-100 elementor-top-column elementor-element elementor-element-63b9ce6\" data-id=\"63b9ce6\" data-element_type=\"column\">\n\t\t\t<div class=\"elementor-widget-wrap elementor-element-populated\">\n\t\t\t\t\t\t<div class=\"elementor-element elementor-element-5afda3d elementor-widget elementor-widget-text-editor\" data-id=\"5afda3d\" data-element_type=\"widget\" data-widget_type=\"text-editor.default\">\n\t\t\t\t<div class=\"elementor-widget-container\">\n\t\t\t\t\t\t\t\t\t<p><a href=\"https:\/\/www.maga.gob.gt\/sitios\/uip\/\">Inicio <\/a>\/ Decreto 3-2026<\/p>\t\t\t\t\t\t\t\t<\/div>\n\t\t\t\t<\/div>\n\t\t\t\t<div class=\"elementor-element elementor-element-6bbb2d2 elementor-widget elementor-widget-heading\" data-id=\"6bbb2d2\" data-element_type=\"widget\" data-widget_type=\"heading.default\">\n\t\t\t\t<div class=\"elementor-widget-container\">\n\t\t\t\t\t<h1 class=\"elementor-heading-title elementor-size-default\">Decreto No. 3-2026 del Congreso de la Rep\u00fablica de Guatemala art\u00edculo 31<\/h1>\t\t\t\t<\/div>\n\t\t\t\t<\/div>\n\t\t\t\t<div class=\"elementor-element elementor-element-6604451 elementor-widget elementor-widget-heading\" data-id=\"6604451\" data-element_type=\"widget\" data-widget_type=\"heading.default\">\n\t\t\t\t<div class=\"elementor-widget-container\">\n\t\t\t\t\t<h2 class=\"elementor-heading-title elementor-size-medium\"><b>Reformas al Presupuesto General de Ingresos y Egresos del Estado, Decreto 36-2024, vigente para el Ejercicio Fiscal 2026 y normas complementarias para su ejecuci\u00f3n<\/b><\/h2>\t\t\t\t<\/div>\n\t\t\t\t<\/div>\n\t\t\t\t<div class=\"elementor-element elementor-element-c93437a elementor-widget-divider--view-line elementor-widget elementor-widget-divider\" data-id=\"c93437a\" data-element_type=\"widget\" data-widget_type=\"divider.default\">\n\t\t\t\t<div class=\"elementor-widget-container\">\n\t\t\t\t\t\t\t<div class=\"elementor-divider\">\n\t\t\t<span class=\"elementor-divider-separator\">\n\t\t\t\t\t\t<\/span>\n\t\t<\/div>\n\t\t\t\t\t\t<\/div>\n\t\t\t\t<\/div>\n\t\t\t\t\t<\/div>\n\t\t<\/div>\n\t\t\t\t\t<\/div>\n\t\t<\/section>\n\t\t\t\t<section class=\"elementor-section elementor-top-section elementor-element elementor-element-995b392 elementor-section-boxed elementor-section-height-default elementor-section-height-default wpr-particle-no wpr-jarallax-no wpr-parallax-no wpr-sticky-section-no\" data-id=\"995b392\" data-element_type=\"section\">\n\t\t\t\t\t\t<div class=\"elementor-container elementor-column-gap-default\">\n\t\t\t\t\t<div class=\"elementor-column elementor-col-33 elementor-top-column elementor-element elementor-element-2ceb08f\" data-id=\"2ceb08f\" data-element_type=\"column\">\n\t\t\t<div class=\"elementor-widget-wrap elementor-element-populated\">\n\t\t\t\t\t\t<div class=\"elementor-element elementor-element-b68de24 elementor-button-info elementor-align-justify elementor-widget elementor-widget-button\" data-id=\"b68de24\" data-element_type=\"widget\" data-widget_type=\"button.default\">\n\t\t\t\t<div class=\"elementor-widget-container\">\n\t\t\t\t\t\t\t\t\t<div class=\"elementor-button-wrapper\">\n\t\t\t\t\t<a class=\"elementor-button elementor-button-link elementor-size-sm\" href=\"https:\/\/www.maga.gob.gt\/sitios\/uip\/shared-files\/45062\/?cronograma-ppa-2026-maga-consolidado.xlsx\">\n\t\t\t\t\t\t<span class=\"elementor-button-content-wrapper\">\n\t\t\t\t\t\t\t\t\t<span class=\"elementor-button-text\">Cronograma PPA 2026 MAGA CONSOLIDADO<\/span>\n\t\t\t\t\t<\/span>\n\t\t\t\t\t<\/a>\n\t\t\t\t<\/div>\n\t\t\t\t\t\t\t\t<\/div>\n\t\t\t\t<\/div>\n\t\t\t\t\t<\/div>\n\t\t<\/div>\n\t\t\t\t<div class=\"elementor-column elementor-col-33 elementor-top-column elementor-element elementor-element-78cee82\" data-id=\"78cee82\" data-element_type=\"column\">\n\t\t\t<div class=\"elementor-widget-wrap elementor-element-populated\">\n\t\t\t\t\t\t<div class=\"elementor-element elementor-element-594de49 elementor-button-info elementor-align-justify elementor-widget elementor-widget-button\" data-id=\"594de49\" data-element_type=\"widget\" data-widget_type=\"button.default\">\n\t\t\t\t<div class=\"elementor-widget-container\">\n\t\t\t\t\t\t\t\t\t<div class=\"elementor-button-wrapper\">\n\t\t\t\t\t<a class=\"elementor-button elementor-button-link elementor-size-sm\" href=\"https:\/\/www.maga.gob.gt\/sitios\/uip\/shared-files\/45063\/?plan-de-trabajo-ppa-2026-alcaldia-indigena-comalapa-dgb-vider.docx\">\n\t\t\t\t\t\t<span class=\"elementor-button-content-wrapper\">\n\t\t\t\t\t\t\t\t\t<span class=\"elementor-button-text\">Plan de Trabajo PPA 2026 Alcald\u00eda Ind\u00edgena Comalapa DGB VIDER<\/span>\n\t\t\t\t\t<\/span>\n\t\t\t\t\t<\/a>\n\t\t\t\t<\/div>\n\t\t\t\t\t\t\t\t<\/div>\n\t\t\t\t<\/div>\n\t\t\t\t\t<\/div>\n\t\t<\/div>\n\t\t\t\t<div class=\"elementor-column elementor-col-33 elementor-top-column elementor-element elementor-element-7d403f6\" data-id=\"7d403f6\" data-element_type=\"column\">\n\t\t\t<div class=\"elementor-widget-wrap elementor-element-populated\">\n\t\t\t\t\t\t<div class=\"elementor-element elementor-element-809ce11 elementor-button-info elementor-align-justify elementor-widget elementor-widget-button\" data-id=\"809ce11\" data-element_type=\"widget\" data-widget_type=\"button.default\">\n\t\t\t\t<div class=\"elementor-widget-container\">\n\t\t\t\t\t\t\t\t\t<div class=\"elementor-button-wrapper\">\n\t\t\t\t\t<a class=\"elementor-button elementor-button-link elementor-size-sm\" href=\"https:\/\/www.maga.gob.gt\/sitios\/uip\/shared-files\/45064\/?plan-de-trabajo-ppa-2026-miramundo-jalapa-dh-vider.docx\">\n\t\t\t\t\t\t<span class=\"elementor-button-content-wrapper\">\n\t\t\t\t\t\t\t\t\t<span class=\"elementor-button-text\">Plan de Trabajo PPA 2026 Miramundo, Jalapa DH VIDER<\/span>\n\t\t\t\t\t<\/span>\n\t\t\t\t\t<\/a>\n\t\t\t\t<\/div>\n\t\t\t\t\t\t\t\t<\/div>\n\t\t\t\t<\/div>\n\t\t\t\t\t<\/div>\n\t\t<\/div>\n\t\t\t\t\t<\/div>\n\t\t<\/section>\n\t\t\t\t<section class=\"elementor-section elementor-top-section elementor-element elementor-element-c23ac93 elementor-section-boxed elementor-section-height-default elementor-section-height-default wpr-particle-no wpr-jarallax-no wpr-parallax-no wpr-sticky-section-no\" data-id=\"c23ac93\" data-element_type=\"section\">\n\t\t\t\t\t\t<div class=\"elementor-container elementor-column-gap-default\">\n\t\t\t\t\t<div class=\"elementor-column elementor-col-50 elementor-top-column elementor-element elementor-element-e133591\" data-id=\"e133591\" data-element_type=\"column\">\n\t\t\t<div class=\"elementor-widget-wrap elementor-element-populated\">\n\t\t\t\t\t\t<div class=\"elementor-element elementor-element-7dc9203 elementor-button-info elementor-align-justify elementor-widget elementor-widget-button\" data-id=\"7dc9203\" data-element_type=\"widget\" data-widget_type=\"button.default\">\n\t\t\t\t<div class=\"elementor-widget-container\">\n\t\t\t\t\t\t\t\t\t<div class=\"elementor-button-wrapper\">\n\t\t\t\t\t<a class=\"elementor-button elementor-button-link elementor-size-sm\" href=\"https:\/\/www.maga.gob.gt\/sitios\/uip\/shared-files\/45065\/?plan-de-trabajo-ppa-2026-alcaldia-indigena-comalapa-dh-vider.docx\">\n\t\t\t\t\t\t<span class=\"elementor-button-content-wrapper\">\n\t\t\t\t\t\t\t\t\t<span class=\"elementor-button-text\">Plan de Trabajo PPA 2026 Alcald\u00eda Ind\u00edgena Comalapa DH VIDER<\/span>\n\t\t\t\t\t<\/span>\n\t\t\t\t\t<\/a>\n\t\t\t\t<\/div>\n\t\t\t\t\t\t\t\t<\/div>\n\t\t\t\t<\/div>\n\t\t\t\t\t<\/div>\n\t\t<\/div>\n\t\t\t\t<div class=\"elementor-column elementor-col-50 elementor-top-column elementor-element elementor-element-d7da7cf\" data-id=\"d7da7cf\" data-element_type=\"column\">\n\t\t\t<div class=\"elementor-widget-wrap elementor-element-populated\">\n\t\t\t\t\t\t<div class=\"elementor-element elementor-element-f3e9691 elementor-button-info elementor-align-justify elementor-widget elementor-widget-button\" data-id=\"f3e9691\" data-element_type=\"widget\" data-widget_type=\"button.default\">\n\t\t\t\t<div class=\"elementor-widget-container\">\n\t\t\t\t\t\t\t\t\t<div class=\"elementor-button-wrapper\">\n\t\t\t\t\t<a class=\"elementor-button elementor-button-link elementor-size-sm\" href=\"https:\/\/www.maga.gob.gt\/sitios\/uip\/shared-files\/45066\/?plan-de-trabajo-ppa-2026-miramundo-jalapa-dfa-vider.docx\">\n\t\t\t\t\t\t<span class=\"elementor-button-content-wrapper\">\n\t\t\t\t\t\t\t\t\t<span class=\"elementor-button-text\">Plan de Trabajo PPA 2026 Miramundo, Jalapa DFA VIDER<\/span>\n\t\t\t\t\t<\/span>\n\t\t\t\t\t<\/a>\n\t\t\t\t<\/div>\n\t\t\t\t\t\t\t\t<\/div>\n\t\t\t\t<\/div>\n\t\t\t\t\t<\/div>\n\t\t<\/div>\n\t\t\t\t\t<\/div>\n\t\t<\/section>\n\t\t\t\t<section class=\"elementor-section elementor-top-section elementor-element elementor-element-f43840c elementor-section-boxed elementor-section-height-default elementor-section-height-default wpr-particle-no wpr-jarallax-no wpr-parallax-no wpr-sticky-section-no\" data-id=\"f43840c\" data-element_type=\"section\">\n\t\t\t\t\t\t<div class=\"elementor-container elementor-column-gap-default\">\n\t\t\t\t\t<div class=\"elementor-column elementor-col-33 elementor-top-column elementor-element elementor-element-ea40d3c\" data-id=\"ea40d3c\" data-element_type=\"column\">\n\t\t\t<div class=\"elementor-widget-wrap elementor-element-populated\">\n\t\t\t\t\t\t<div class=\"elementor-element elementor-element-7d859b9 elementor-button-info elementor-align-justify elementor-widget elementor-widget-button\" data-id=\"7d859b9\" data-element_type=\"widget\" data-widget_type=\"button.default\">\n\t\t\t\t<div class=\"elementor-widget-container\">\n\t\t\t\t\t\t\t\t\t<div class=\"elementor-button-wrapper\">\n\t\t\t\t\t<a class=\"elementor-button elementor-button-link elementor-size-sm\" href=\"https:\/\/www.maga.gob.gt\/sitios\/uip\/shared-files\/45081\/?plan-de-trabajo-ppa-2026-comunidad-buena-vista-jalapa-jalapa-dapca-visan.docx\">\n\t\t\t\t\t\t<span class=\"elementor-button-content-wrapper\">\n\t\t\t\t\t\t\t\t\t<span class=\"elementor-button-text\">Plan de Trabajo PPA 2026_Comunidad Buena Vista. Jalapa, Jalapa DAPCA-VISAN<\/span>\n\t\t\t\t\t<\/span>\n\t\t\t\t\t<\/a>\n\t\t\t\t<\/div>\n\t\t\t\t\t\t\t\t<\/div>\n\t\t\t\t<\/div>\n\t\t\t\t\t<\/div>\n\t\t<\/div>\n\t\t\t\t<div class=\"elementor-column elementor-col-33 elementor-top-column elementor-element elementor-element-c22ecbe\" data-id=\"c22ecbe\" data-element_type=\"column\">\n\t\t\t<div class=\"elementor-widget-wrap elementor-element-populated\">\n\t\t\t\t\t\t<div class=\"elementor-element elementor-element-0968f6a elementor-button-info elementor-align-justify elementor-widget elementor-widget-button\" data-id=\"0968f6a\" data-element_type=\"widget\" data-widget_type=\"button.default\">\n\t\t\t\t<div class=\"elementor-widget-container\">\n\t\t\t\t\t\t\t\t\t<div class=\"elementor-button-wrapper\">\n\t\t\t\t\t<a class=\"elementor-button elementor-button-link elementor-size-sm\" href=\"https:\/\/www.maga.gob.gt\/sitios\/uip\/shared-files\/45082\/?plan-de-trabajo-ppa-2026-las-aldeas-el-camaron-pansiguis-perez-zapote-san-luis-jilotepeque-jalapa-dapca-visan.docx\">\n\t\t\t\t\t\t<span class=\"elementor-button-content-wrapper\">\n\t\t\t\t\t\t\t\t\t<span class=\"elementor-button-text\">Plan de Trabajo PPA 2026_las Aldeas El Camar\u00f3n, Pansig\u00fcis y P\u00e9rez Zapote de San Luis Jilotepeque, Jalapa DAPCA-VISAN<\/span>\n\t\t\t\t\t<\/span>\n\t\t\t\t\t<\/a>\n\t\t\t\t<\/div>\n\t\t\t\t\t\t\t\t<\/div>\n\t\t\t\t<\/div>\n\t\t\t\t\t<\/div>\n\t\t<\/div>\n\t\t\t\t<div class=\"elementor-column elementor-col-33 elementor-top-column elementor-element elementor-element-673720e\" data-id=\"673720e\" data-element_type=\"column\">\n\t\t\t<div class=\"elementor-widget-wrap elementor-element-populated\">\n\t\t\t\t\t\t<div class=\"elementor-element elementor-element-2102742 elementor-button-info elementor-align-justify elementor-absolute elementor-widget elementor-widget-button\" data-id=\"2102742\" data-element_type=\"widget\" data-settings=\"{&quot;_position&quot;:&quot;absolute&quot;}\" data-widget_type=\"button.default\">\n\t\t\t\t<div class=\"elementor-widget-container\">\n\t\t\t\t\t\t\t\t\t<div class=\"elementor-button-wrapper\">\n\t\t\t\t\t<a class=\"elementor-button elementor-button-link elementor-size-sm\" href=\"https:\/\/www.maga.gob.gt\/sitios\/uip\/shared-files\/45083\/?plan-de-trabajo-ppa-2026-quetzaletnango-dapca-visan.docx\">\n\t\t\t\t\t\t<span class=\"elementor-button-content-wrapper\">\n\t\t\t\t\t\t\t\t\t<span class=\"elementor-button-text\">Plan de Trabajo PPA 2026_Quetzaletnango DAPCA-VISAN<\/span>\n\t\t\t\t\t<\/span>\n\t\t\t\t\t<\/a>\n\t\t\t\t<\/div>\n\t\t\t\t\t\t\t\t<\/div>\n\t\t\t\t<\/div>\n\t\t\t\t\t<\/div>\n\t\t<\/div>\n\t\t\t\t\t<\/div>\n\t\t<\/section>\n\t\t\t\t<\/div>\n\t\t","protected":false},"excerpt":{"rendered":"<p>Inicio \/ Decreto 3-2026 Decreto No. 3-2026 del Congreso de la Rep\u00fablica de Guatemala art\u00edculo 31 Reformas al Presupuesto General de Ingresos y Egresos del Estado, Decreto 36-2024, vigente para el Ejercicio Fiscal 2026 y normas complementarias para su ejecuci\u00f3n Cronograma PPA 2026 MAGA CONSOLIDADO Plan de Trabajo PPA 2026 Alcald\u00eda Ind\u00edgena Comalapa DGB VIDER Plan de Trabajo PPA 2026 Miramundo, Jalapa DH VIDER Plan de Trabajo PPA 2026 Alcald\u00eda Ind\u00edgena Comalapa DH VIDER Plan de Trabajo PPA 2026 Miramundo, Jalapa DFA VIDER Plan de Trabajo PPA 2026_Comunidad Buena Vista. Jalapa, Jalapa DAPCA-VISAN Plan de Trabajo PPA 2026_las Aldeas El Camar\u00f3n, Pansig\u00fcis y P\u00e9rez Zapote de San Luis Jilotepeque, Jalapa DAPCA-VISAN Plan de Trabajo PPA 2026_Quetzaletnango DAPCA-VISAN<\/p>\n","protected":false},"author":2,"featured_media":0,"parent":0,"menu_order":0,"comment_status":"closed","ping_status":"closed","template":"","meta":{"_kad_post_transparent":"default","_kad_post_title":"hide","_kad_post_layout":"fullwidth","_kad_post_sidebar_id":"","_kad_post_content_style":"unboxed","_kad_post_vertical_padding":"hide","_kad_post_feature":"hide","_kad_post_feature_position":"","_kad_post_header":false,"_kad_post_footer":false,"footnotes":""},"class_list":["post-45058","page","type-page","status-publish","hentry"],"_links":{"self":[{"href":"https:\/\/www.maga.gob.gt\/sitios\/uip\/wp-json\/wp\/v2\/pages\/45058","targetHints":{"allow":["GET"]}}],"collection":[{"href":"https:\/\/www.maga.gob.gt\/sitios\/uip\/wp-json\/wp\/v2\/pages"}],"about":[{"href":"https:\/\/www.maga.gob.gt\/sitios\/uip\/wp-json\/wp\/v2\/types\/page"}],"author":[{"embeddable":true,"href":"https:\/\/www.maga.gob.gt\/sitios\/uip\/wp-json\/wp\/v2\/users\/2"}],"replies":[{"embeddable":true,"href":"https:\/\/www.maga.gob.gt\/sitios\/uip\/wp-json\/wp\/v2\/comments?post=45058"}],"version-history":[{"count":19,"href":"https:\/\/www.maga.gob.gt\/sitios\/uip\/wp-json\/wp\/v2\/pages\/45058\/revisions"}],"predecessor-version":[{"id":45089,"href":"https:\/\/www.maga.gob.gt\/sitios\/uip\/wp-json\/wp\/v2\/pages\/45058\/revisions\/45089"}],"wp:attachment":[{"href":"https:\/\/www.maga.gob.gt\/sitios\/uip\/wp-json\/wp\/v2\/media?parent=45058"}],"curies":[{"name":"wp","href":"https:\/\/api.w.org\/{rel}","templated":true}]}}