{"id":2343,"date":"2023-09-07T16:53:50","date_gmt":"2023-09-07T16:53:50","guid":{"rendered":"https:\/\/www.maga.gob.gt\/sitios\/uip\/?page_id=2343"},"modified":"2026-04-14T15:07:34","modified_gmt":"2026-04-14T15:07:34","slug":"fonagro-art10-num25","status":"publish","type":"page","link":"https:\/\/www.maga.gob.gt\/sitios\/uip\/fonagro-art10-num25\/","title":{"rendered":"fonagro-art10-num25"},"content":{"rendered":"\t\t<div data-elementor-type=\"wp-page\" data-elementor-id=\"2343\" class=\"elementor elementor-2343\">\n\t\t\t\t\t\t<section class=\"elementor-section elementor-top-section elementor-element elementor-element-839ca6f elementor-section-boxed elementor-section-height-default elementor-section-height-default wpr-particle-no wpr-jarallax-no wpr-parallax-no wpr-sticky-section-no\" data-id=\"839ca6f\" data-element_type=\"section\">\n\t\t\t\t\t\t<div class=\"elementor-container elementor-column-gap-default\">\n\t\t\t\t\t<div class=\"elementor-column elementor-col-100 elementor-top-column elementor-element elementor-element-df25c3f\" data-id=\"df25c3f\" data-element_type=\"column\">\n\t\t\t<div class=\"elementor-widget-wrap elementor-element-populated\">\n\t\t\t\t\t\t<div class=\"elementor-element elementor-element-755c3d7 elementor-widget elementor-widget-text-editor\" data-id=\"755c3d7\" data-element_type=\"widget\" data-widget_type=\"text-editor.default\">\n\t\t\t\t<div class=\"elementor-widget-container\">\n\t\t\t\t\t\t\t\t\t<p><a href=\"https:\/\/www.maga.gob.gt\/sitios\/uip\/fonagro-articulo-10\/\">Articulo 10 FONAGRO<\/a>\u00a0 \/ 10.25 Informaci\u00f3n de autoridades no gubernativas y privadas<\/p>\t\t\t\t\t\t\t\t<\/div>\n\t\t\t\t<\/div>\n\t\t\t\t\t<\/div>\n\t\t<\/div>\n\t\t\t\t\t<\/div>\n\t\t<\/section>\n\t\t\t\t<section class=\"elementor-section elementor-top-section elementor-element elementor-element-503cd08 elementor-section-boxed elementor-section-height-default elementor-section-height-default wpr-particle-no wpr-jarallax-no wpr-parallax-no wpr-sticky-section-no\" data-id=\"503cd08\" data-element_type=\"section\">\n\t\t\t\t\t\t<div class=\"elementor-container elementor-column-gap-default\">\n\t\t\t\t\t<div class=\"elementor-column elementor-col-100 elementor-top-column elementor-element elementor-element-3cd9642\" data-id=\"3cd9642\" data-element_type=\"column\">\n\t\t\t<div class=\"elementor-widget-wrap elementor-element-populated\">\n\t\t\t\t\t\t<div class=\"elementor-element elementor-element-e202111 elementor-widget elementor-widget-heading\" data-id=\"e202111\" data-element_type=\"widget\" data-widget_type=\"heading.default\">\n\t\t\t\t<div class=\"elementor-widget-container\">\n\t\t\t\t\t<h1 class=\"elementor-heading-title elementor-size-default\">10.25 Informaci\u00f3n de autoridades no gubernativas y privadas<\/h1>\t\t\t\t<\/div>\n\t\t\t\t<\/div>\n\t\t\t\t\t<\/div>\n\t\t<\/div>\n\t\t\t\t\t<\/div>\n\t\t<\/section>\n\t\t\t\t<section class=\"elementor-section elementor-top-section elementor-element elementor-element-b82a81e elementor-section-boxed elementor-section-height-default elementor-section-height-default wpr-particle-no wpr-jarallax-no wpr-parallax-no wpr-sticky-section-no\" data-id=\"b82a81e\" data-element_type=\"section\">\n\t\t\t\t\t\t<div class=\"elementor-container elementor-column-gap-default\">\n\t\t\t\t\t<div class=\"elementor-column elementor-col-100 elementor-top-column elementor-element elementor-element-76347dd\" data-id=\"76347dd\" data-element_type=\"column\">\n\t\t\t<div class=\"elementor-widget-wrap elementor-element-populated\">\n\t\t\t\t\t\t<div class=\"elementor-element elementor-element-d249399 elementor-widget-divider--view-line elementor-widget elementor-widget-divider\" data-id=\"d249399\" data-element_type=\"widget\" data-widget_type=\"divider.default\">\n\t\t\t\t<div class=\"elementor-widget-container\">\n\t\t\t\t\t\t\t<div class=\"elementor-divider\">\n\t\t\t<span class=\"elementor-divider-separator\">\n\t\t\t\t\t\t<\/span>\n\t\t<\/div>\n\t\t\t\t\t\t<\/div>\n\t\t\t\t<\/div>\n\t\t\t\t\t<\/div>\n\t\t<\/div>\n\t\t\t\t\t<\/div>\n\t\t<\/section>\n\t\t\t\t<section class=\"elementor-section elementor-top-section elementor-element elementor-element-4126044 elementor-section-boxed elementor-section-height-default elementor-section-height-default wpr-particle-no wpr-jarallax-no wpr-parallax-no wpr-sticky-section-no\" data-id=\"4126044\" data-element_type=\"section\">\n\t\t\t\t\t\t<div class=\"elementor-container elementor-column-gap-default\">\n\t\t\t\t\t<div class=\"elementor-column elementor-col-100 elementor-top-column elementor-element elementor-element-182895c\" data-id=\"182895c\" data-element_type=\"column\">\n\t\t\t<div class=\"elementor-widget-wrap elementor-element-populated\">\n\t\t\t\t\t\t<div class=\"elementor-element elementor-element-b1aba25 elementor-widget elementor-widget-bdt-accordion\" data-id=\"b1aba25\" data-element_type=\"widget\" data-widget_type=\"bdt-accordion.default\">\n\t\t\t\t<div class=\"elementor-widget-container\">\n\t\t\t\t\t        <div class=\"bdt-ep-accordion-container\">\r\n            <div id=\"bdt-ep-accordion-b1aba25\" class=\"bdt-ep-accordion bdt-accordion\" data-bdt-accordion=\"{&quot;collapsible&quot;:true,&quot;multiple&quot;:false,&quot;transition&quot;:&quot;ease-in-out&quot;}\" data-settings=\"{&quot;id&quot;:&quot;bdt-ep-accordion-b1aba25&quot;,&quot;activeHash&quot;:&quot;no&quot;,&quot;activeScrollspy&quot;:null,&quot;hashTopOffset&quot;:false,&quot;hashScrollspyTime&quot;:false}\">\r\n                                    <div class=\"bdt-ep-accordion-item\">\r\n                        <div class=\"bdt-ep-accordion-title bdt-accordion-title bdt-flex bdt-flex-middle bdt-flex-between\" id=\"bdt-ep-accordion-ao-2026-actualizacin-10042026\" data-accordion-index=\"0\" data-title=\"a-o-2026-actualizaci-n-10-04-2026\" role=\"heading\">\r\n\r\n                                                            <span class=\"bdt-ep-accordion-icon bdt-flex-align-right\" aria-hidden=\"true\">\r\n\r\n                                                                            <span class=\"bdt-ep-accordion-icon-closed\">\r\n                                            <i aria-hidden=\"true\" class=\"fa-fw fas fa-plus\"><\/i>                                        <\/span>\r\n                                    \r\n                                                                            <span class=\"bdt-ep-accordion-icon-opened\">\r\n                                            <i aria-hidden=\"true\" class=\"fa-fw fas fa-minus\"><\/i>                                        <\/span>\r\n                                    \r\n                                <\/span>\r\n                            \r\n                            <span class=\"bdt-ep-title-text bdt-flex bdt-flex-middle\">\r\n\r\n                                                                A\u00f1o 2026 - Actualizaci\u00f3n 10\/04\/2026                            <\/span>\r\n\r\n                        <\/div>\r\n                        <div class=\"bdt-ep-accordion-content bdt-accordion-content\">\r\n                            <ul><li><a href=\"https:\/\/www.maga.gob.gt\/sitios\/uip\/shared-files\/45017\/?1025fonagro-ene26.pdf\">Enero<\/a><\/li><li><a href=\"https:\/\/www.maga.gob.gt\/sitios\/uip\/shared-files\/47062\/?1025fonagro-feb26.pdf\">Febrero<\/a><\/li><li><a href=\"https:\/\/www.maga.gob.gt\/sitios\/uip\/shared-files\/47795\/?1025fonagro-mar26.pdf\">Marzo<\/a><\/li><\/ul>                        <\/div>\r\n                    <\/div>\r\n                                    <div class=\"bdt-ep-accordion-item\">\r\n                        <div class=\"bdt-ep-accordion-title bdt-accordion-title bdt-flex bdt-flex-middle bdt-flex-between\" id=\"bdt-ep-accordion-ao-2025-actualizacin-19012026\" data-accordion-index=\"1\" data-title=\"a-o-2025-actualizaci-n-19-01-2026\" role=\"heading\">\r\n\r\n                                                            <span class=\"bdt-ep-accordion-icon bdt-flex-align-right\" aria-hidden=\"true\">\r\n\r\n                                                                            <span class=\"bdt-ep-accordion-icon-closed\">\r\n                                            <i aria-hidden=\"true\" class=\"fa-fw fas fa-plus\"><\/i>                                        <\/span>\r\n                                    \r\n                                                                            <span class=\"bdt-ep-accordion-icon-opened\">\r\n                                            <i aria-hidden=\"true\" class=\"fa-fw fas fa-minus\"><\/i>                                        <\/span>\r\n                                    \r\n                                <\/span>\r\n                            \r\n                            <span class=\"bdt-ep-title-text bdt-flex bdt-flex-middle\">\r\n\r\n                                                                A\u00f1o 2025 - Actualizaci\u00f3n 19\/01\/2026                            <\/span>\r\n\r\n                        <\/div>\r\n                        <div class=\"bdt-ep-accordion-content bdt-accordion-content\">\r\n                            <ul><li><a href=\"https:\/\/www.maga.gob.gt\/sitios\/uip\/shared-files\/26306\/?25gubfo-ene25.pdf\">Enero<\/a><\/li><li><a href=\"https:\/\/www.maga.gob.gt\/sitios\/uip\/shared-files\/28033\/?25gubfo-feb25.pdf\">Febrero<\/a><\/li><li><a href=\"https:\/\/www.maga.gob.gt\/sitios\/uip\/shared-files\/30329\/?25gubfo-mar25.pdf\">Marzo<\/a><\/li><li><a href=\"https:\/\/www.maga.gob.gt\/sitios\/uip\/shared-files\/31559\/?25gubfo-abr25.pdf\">Abril<\/a><\/li><li><a href=\"https:\/\/www.maga.gob.gt\/sitios\/uip\/shared-files\/33111\/?25gubfo-may25.pdf\">Mayo<\/a><\/li><li><a href=\"https:\/\/www.maga.gob.gt\/sitios\/uip\/shared-files\/34247\/?1025fonagro-jun25.pdf\">Junio<\/a><\/li><li><a href=\"https:\/\/www.maga.gob.gt\/sitios\/uip\/shared-files\/35453\/?1025fonagro-jul25.pdf\">Julio<\/a><\/li><li><a href=\"https:\/\/www.maga.gob.gt\/sitios\/uip\/shared-files\/37006\/?1025fonagro-ago25.pdf\">Agosto<\/a><\/li><li><a href=\"https:\/\/www.maga.gob.gt\/sitios\/uip\/shared-files\/38644\/?1025fonagro-sep25.pdf\">Septiembre<\/a><\/li><li><a href=\"https:\/\/www.maga.gob.gt\/sitios\/uip\/shared-files\/40719\/?1025fonagro-oct25.pdf\">Octubre<\/a><\/li><li><a href=\"https:\/\/www.maga.gob.gt\/sitios\/uip\/shared-files\/42226\/?1025fonagro-nov25.pdf\">Noviembre<\/a><\/li><li><a href=\"https:\/\/www.maga.gob.gt\/sitios\/uip\/shared-files\/43700\/?1025fonagro-dic25.pdf\">Diciembre<\/a><\/li><\/ul>                        <\/div>\r\n                    <\/div>\r\n                                    <div class=\"bdt-ep-accordion-item\">\r\n                        <div class=\"bdt-ep-accordion-title bdt-accordion-title bdt-flex bdt-flex-middle bdt-flex-between\" id=\"bdt-ep-accordion-ao-2024-actualizacin-23012025\" data-accordion-index=\"2\" data-title=\"a-o-2024-actualizaci-n-23-01-2025\" role=\"heading\">\r\n\r\n                                                            <span class=\"bdt-ep-accordion-icon bdt-flex-align-right\" aria-hidden=\"true\">\r\n\r\n                                                                            <span class=\"bdt-ep-accordion-icon-closed\">\r\n                                            <i aria-hidden=\"true\" class=\"fa-fw fas fa-plus\"><\/i>                                        <\/span>\r\n                                    \r\n                                                                            <span class=\"bdt-ep-accordion-icon-opened\">\r\n                                            <i aria-hidden=\"true\" class=\"fa-fw fas fa-minus\"><\/i>                                        <\/span>\r\n                                    \r\n                                <\/span>\r\n                            \r\n                            <span class=\"bdt-ep-title-text bdt-flex bdt-flex-middle\">\r\n\r\n                                                                A\u00f1o 2024 - Actualizaci\u00f3n 23\/01\/2025                            <\/span>\r\n\r\n                        <\/div>\r\n                        <div class=\"bdt-ep-accordion-content bdt-accordion-content\">\r\n                            <ul><li><a href=\"https:\/\/www.maga.gob.gt\/sitios\/uip\/shared-files\/21655\/?25gubfo-ene24.pdf\">Enero<\/a><\/li><li><a href=\"https:\/\/www.maga.gob.gt\/sitios\/uip\/shared-files\/21656\/?25gubfo-feb24.pdf\">Febrero<\/a><\/li><li><a href=\"https:\/\/www.maga.gob.gt\/sitios\/uip\/shared-files\/21657\/?25gubfo-mar24.pdf\">Marzo<\/a><\/li><li><a href=\"https:\/\/www.maga.gob.gt\/sitios\/uip\/wp-content\/uploads\/2024\/05\/25gubfo-abr24.pdf\">Abril<\/a><\/li><li><a href=\"https:\/\/www.maga.gob.gt\/sitios\/uip\/wp-content\/uploads\/2024\/06\/25gubfo-may24.pdf\">Mayo<\/a><\/li><li><a href=\"https:\/\/www.maga.gob.gt\/sitios\/uip\/shared-files\/16180\/?25gubfo-jun24.pdf\">Junio<\/a><\/li><li><a href=\"https:\/\/www.maga.gob.gt\/sitios\/uip\/shared-files\/17396\/?25gubfo-jul24.pdf\">Julio<\/a><\/li><li><a href=\"https:\/\/www.maga.gob.gt\/sitios\/uip\/shared-files\/18643\/?25gubfo-ago24.pdf\">Agosto<\/a><\/li><li><a href=\"https:\/\/www.maga.gob.gt\/sitios\/uip\/shared-files\/19984\/?25gubfo-sep24.pdf\">Septiembre<\/a><\/li><li><a href=\"https:\/\/www.maga.gob.gt\/sitios\/uip\/shared-files\/21546\/?25gubfo-oct24.pdf\">Octubre<\/a><\/li><li><a href=\"https:\/\/www.maga.gob.gt\/sitios\/uip\/shared-files\/22623\/?25gubfo-nov24.pdf\">Noviembre<\/a><\/li><li><a href=\"https:\/\/www.maga.gob.gt\/sitios\/uip\/shared-files\/24646\/?25gubfo-dic24.pdf\">Diciembre<\/a><\/li><\/ul>                        <\/div>\r\n                    <\/div>\r\n                                    <div class=\"bdt-ep-accordion-item\">\r\n                        <div class=\"bdt-ep-accordion-title bdt-accordion-title bdt-flex bdt-flex-middle bdt-flex-between\" id=\"bdt-ep-accordion-ao-2023-actualizacin-23012024\" data-accordion-index=\"3\" data-title=\"a-o-2023-actualizaci-n-23-01-2024\" role=\"heading\">\r\n\r\n                                                            <span class=\"bdt-ep-accordion-icon bdt-flex-align-right\" aria-hidden=\"true\">\r\n\r\n                                                                            <span class=\"bdt-ep-accordion-icon-closed\">\r\n                                            <i aria-hidden=\"true\" class=\"fa-fw fas fa-plus\"><\/i>                                        <\/span>\r\n                                    \r\n                                                                            <span class=\"bdt-ep-accordion-icon-opened\">\r\n                                            <i aria-hidden=\"true\" class=\"fa-fw fas fa-minus\"><\/i>                                        <\/span>\r\n                                    \r\n                                <\/span>\r\n                            \r\n                            <span class=\"bdt-ep-title-text bdt-flex bdt-flex-middle\">\r\n\r\n                                                                A\u00f1o 2023 - Actualizaci\u00f3n 23\/01\/2024                            <\/span>\r\n\r\n                        <\/div>\r\n                        <div class=\"bdt-ep-accordion-content bdt-accordion-content\">\r\n                            <ul><li>No aplica (<a href=\"https:\/\/www.maga.gob.gt\/sitios\/uip\/wp-content\/uploads\/2024\/01\/25gubfo-dic23.pdf\">Ver justificaci\u00f3n<\/a>)<\/li><\/ul>                        <\/div>\r\n                    <\/div>\r\n                                    <div class=\"bdt-ep-accordion-item\">\r\n                        <div class=\"bdt-ep-accordion-title bdt-accordion-title bdt-flex bdt-flex-middle bdt-flex-between\" id=\"bdt-ep-accordion-ao-2022-actualizacin-14022023\" data-accordion-index=\"4\" data-title=\"a-o-2022-actualizaci-n-14-02-2023\" role=\"heading\">\r\n\r\n                                                            <span class=\"bdt-ep-accordion-icon bdt-flex-align-right\" aria-hidden=\"true\">\r\n\r\n                                                                            <span class=\"bdt-ep-accordion-icon-closed\">\r\n                                            <i aria-hidden=\"true\" class=\"fa-fw fas fa-plus\"><\/i>                                        <\/span>\r\n                                    \r\n                                                                            <span class=\"bdt-ep-accordion-icon-opened\">\r\n                                            <i aria-hidden=\"true\" class=\"fa-fw fas fa-minus\"><\/i>                                        <\/span>\r\n                                    \r\n                                <\/span>\r\n                            \r\n                            <span class=\"bdt-ep-title-text bdt-flex bdt-flex-middle\">\r\n\r\n                                                                A\u00f1o 2022 - Actualizaci\u00f3n 14\/02\/2023                            <\/span>\r\n\r\n                        <\/div>\r\n                        <div class=\"bdt-ep-accordion-content bdt-accordion-content\">\r\n                            <ul><li>No aplica (<a href=\"https:\/\/www.maga.gob.gt\/download\/25gubfo-dic22.pdf\">Ver justificaci\u00f3n<\/a>)<\/li><\/ul>                        <\/div>\r\n                    <\/div>\r\n                                    <div class=\"bdt-ep-accordion-item\">\r\n                        <div class=\"bdt-ep-accordion-title bdt-accordion-title bdt-flex bdt-flex-middle bdt-flex-between\" id=\"bdt-ep-accordion-ao-2021-actualizacin-260122\" data-accordion-index=\"5\" data-title=\"a-o-2021-actualizaci-n-26-01-22\" role=\"heading\">\r\n\r\n                                                            <span class=\"bdt-ep-accordion-icon bdt-flex-align-right\" aria-hidden=\"true\">\r\n\r\n                                                                            <span class=\"bdt-ep-accordion-icon-closed\">\r\n                                            <i aria-hidden=\"true\" class=\"fa-fw fas fa-plus\"><\/i>                                        <\/span>\r\n                                    \r\n                                                                            <span class=\"bdt-ep-accordion-icon-opened\">\r\n                                            <i aria-hidden=\"true\" class=\"fa-fw fas fa-minus\"><\/i>                                        <\/span>\r\n                                    \r\n                                <\/span>\r\n                            \r\n                            <span class=\"bdt-ep-title-text bdt-flex bdt-flex-middle\">\r\n\r\n                                                                A\u00f1o 2021 - Actualizaci\u00f3n 26\/01\/22                            <\/span>\r\n\r\n                        <\/div>\r\n                        <div class=\"bdt-ep-accordion-content bdt-accordion-content\">\r\n                            <ul><li>No aplica (<a href=\"https:\/\/www.maga.gob.gt\/download\/25gubfo-dic21.zip\">Ver justificaci\u00f3n<\/a>)<\/li><\/ul>                        <\/div>\r\n                    <\/div>\r\n                                    <div class=\"bdt-ep-accordion-item\">\r\n                        <div class=\"bdt-ep-accordion-title bdt-accordion-title bdt-flex bdt-flex-middle bdt-flex-between\" id=\"bdt-ep-accordion-ao-2020-actualizacin-200121\" data-accordion-index=\"6\" data-title=\"a-o-2020-actualizaci-n-20-01-21\" role=\"heading\">\r\n\r\n                                                            <span class=\"bdt-ep-accordion-icon bdt-flex-align-right\" aria-hidden=\"true\">\r\n\r\n                                                                            <span class=\"bdt-ep-accordion-icon-closed\">\r\n                                            <i aria-hidden=\"true\" class=\"fa-fw fas fa-plus\"><\/i>                                        <\/span>\r\n                                    \r\n                                                                            <span class=\"bdt-ep-accordion-icon-opened\">\r\n                                            <i aria-hidden=\"true\" class=\"fa-fw fas fa-minus\"><\/i>                                        <\/span>\r\n                                    \r\n                                <\/span>\r\n                            \r\n                            <span class=\"bdt-ep-title-text bdt-flex bdt-flex-middle\">\r\n\r\n                                                                A\u00f1o 2020 - Actualizaci\u00f3n 20\/01\/21                            <\/span>\r\n\r\n                        <\/div>\r\n                        <div class=\"bdt-ep-accordion-content bdt-accordion-content\">\r\n                            <ul><li>No aplica (<a href=\"https:\/\/www.maga.gob.gt\/download\/25infoaug-dic20.pdf\">Ver justificaci\u00f3n<\/a>)<\/li><\/ul>                        <\/div>\r\n                    <\/div>\r\n                                    <div class=\"bdt-ep-accordion-item\">\r\n                        <div class=\"bdt-ep-accordion-title bdt-accordion-title bdt-flex bdt-flex-middle bdt-flex-between\" id=\"bdt-ep-accordion-ao-2019-actualizacin-170120\" data-accordion-index=\"7\" data-title=\"a-o-2019-actualizaci-n-17-01-20\" role=\"heading\">\r\n\r\n                                                            <span class=\"bdt-ep-accordion-icon bdt-flex-align-right\" aria-hidden=\"true\">\r\n\r\n                                                                            <span class=\"bdt-ep-accordion-icon-closed\">\r\n                                            <i aria-hidden=\"true\" class=\"fa-fw fas fa-plus\"><\/i>                                        <\/span>\r\n                                    \r\n                                                                            <span class=\"bdt-ep-accordion-icon-opened\">\r\n                                            <i aria-hidden=\"true\" class=\"fa-fw fas fa-minus\"><\/i>                                        <\/span>\r\n                                    \r\n                                <\/span>\r\n                            \r\n                            <span class=\"bdt-ep-title-text bdt-flex bdt-flex-middle\">\r\n\r\n                                                                A\u00f1o 2019 - Actualizaci\u00f3n 17\/01\/20                            <\/span>\r\n\r\n                        <\/div>\r\n                        <div class=\"bdt-ep-accordion-content bdt-accordion-content\">\r\n                            <ul><li>No aplica (<a href=\"https:\/\/www.maga.gob.gt\/download\/25infag-dic19.pdf\">Ver justificaci\u00f3n<\/a>)<\/li><\/ul>                        <\/div>\r\n                    <\/div>\r\n                            <\/div>\r\n        <\/div>\r\n    \t\t\t\t<\/div>\n\t\t\t\t<\/div>\n\t\t\t\t\t<\/div>\n\t\t<\/div>\n\t\t\t\t\t<\/div>\n\t\t<\/section>\n\t\t\t\t<\/div>\n\t\t","protected":false},"excerpt":{"rendered":"<p>Articulo 10 FONAGRO\u00a0 \/ 10.25 Informaci\u00f3n de autoridades no gubernativas y privadas 10.25 Informaci\u00f3n de autoridades no gubernativas y privadas A\u00f1o 2026 &#8211; Actualizaci\u00f3n 10\/04\/2026 Enero Febrero Marzo A\u00f1o 2025 &#8211; Actualizaci\u00f3n 19\/01\/2026 Enero Febrero Marzo Abril Mayo Junio Julio Agosto Septiembre Octubre Noviembre Diciembre A\u00f1o 2024 &#8211; Actualizaci\u00f3n 23\/01\/2025 Enero Febrero Marzo Abril Mayo Junio Julio Agosto Septiembre Octubre Noviembre Diciembre A\u00f1o 2023 &#8211; Actualizaci\u00f3n 23\/01\/2024 No aplica (Ver justificaci\u00f3n) A\u00f1o 2022 &#8211; Actualizaci\u00f3n 14\/02\/2023 No aplica (Ver justificaci\u00f3n) A\u00f1o 2021 &#8211; Actualizaci\u00f3n 26\/01\/22 No aplica (Ver justificaci\u00f3n) A\u00f1o 2020 &#8211; Actualizaci\u00f3n 20\/01\/21 No aplica (Ver justificaci\u00f3n) A\u00f1o 2019 &#8211; Actualizaci\u00f3n 17\/01\/20 No aplica (Ver justificaci\u00f3n)<\/p>\n","protected":false},"author":2,"featured_media":0,"parent":0,"menu_order":0,"comment_status":"closed","ping_status":"closed","template":"","meta":{"_kad_post_transparent":"default","_kad_post_title":"hide","_kad_post_layout":"fullwidth","_kad_post_sidebar_id":"","_kad_post_content_style":"unboxed","_kad_post_vertical_padding":"hide","_kad_post_feature":"hide","_kad_post_feature_position":"","_kad_post_header":false,"_kad_post_footer":false,"footnotes":""},"class_list":["post-2343","page","type-page","status-publish","hentry"],"_links":{"self":[{"href":"https:\/\/www.maga.gob.gt\/sitios\/uip\/wp-json\/wp\/v2\/pages\/2343","targetHints":{"allow":["GET"]}}],"collection":[{"href":"https:\/\/www.maga.gob.gt\/sitios\/uip\/wp-json\/wp\/v2\/pages"}],"about":[{"href":"https:\/\/www.maga.gob.gt\/sitios\/uip\/wp-json\/wp\/v2\/types\/page"}],"author":[{"embeddable":true,"href":"https:\/\/www.maga.gob.gt\/sitios\/uip\/wp-json\/wp\/v2\/users\/2"}],"replies":[{"embeddable":true,"href":"https:\/\/www.maga.gob.gt\/sitios\/uip\/wp-json\/wp\/v2\/comments?post=2343"}],"version-history":[{"count":109,"href":"https:\/\/www.maga.gob.gt\/sitios\/uip\/wp-json\/wp\/v2\/pages\/2343\/revisions"}],"predecessor-version":[{"id":47798,"href":"https:\/\/www.maga.gob.gt\/sitios\/uip\/wp-json\/wp\/v2\/pages\/2343\/revisions\/47798"}],"wp:attachment":[{"href":"https:\/\/www.maga.gob.gt\/sitios\/uip\/wp-json\/wp\/v2\/media?parent=2343"}],"curies":[{"name":"wp","href":"https:\/\/api.w.org\/{rel}","templated":true}]}}