{"id":2298,"date":"2023-09-07T16:51:32","date_gmt":"2023-09-07T16:51:32","guid":{"rendered":"https:\/\/www.maga.gob.gt\/sitios\/uip\/?page_id=2298"},"modified":"2026-04-10T16:54:30","modified_gmt":"2026-04-10T16:54:30","slug":"fonagro-art10-num10","status":"publish","type":"page","link":"https:\/\/www.maga.gob.gt\/sitios\/uip\/fonagro-art10-num10\/","title":{"rendered":"fonagro-art10-num10"},"content":{"rendered":"\t\t<div data-elementor-type=\"wp-page\" data-elementor-id=\"2298\" class=\"elementor elementor-2298\">\n\t\t\t\t\t\t<section class=\"elementor-section elementor-top-section elementor-element elementor-element-d3d9181 elementor-section-boxed elementor-section-height-default elementor-section-height-default wpr-particle-no wpr-jarallax-no wpr-parallax-no wpr-sticky-section-no\" data-id=\"d3d9181\" data-element_type=\"section\">\n\t\t\t\t\t\t<div class=\"elementor-container elementor-column-gap-default\">\n\t\t\t\t\t<div class=\"elementor-column elementor-col-100 elementor-top-column elementor-element elementor-element-25730fe\" data-id=\"25730fe\" data-element_type=\"column\">\n\t\t\t<div class=\"elementor-widget-wrap elementor-element-populated\">\n\t\t\t\t\t\t<div class=\"elementor-element elementor-element-f1e2759 elementor-widget elementor-widget-text-editor\" data-id=\"f1e2759\" data-element_type=\"widget\" data-widget_type=\"text-editor.default\">\n\t\t\t\t<div class=\"elementor-widget-container\">\n\t\t\t\t\t\t\t\t\t<p><a href=\"https:\/\/www.maga.gob.gt\/sitios\/uip\/fonagro-articulo-10\/\">Articulo 10 FONAGRO<\/a> \/ 10.10 Procesos de cotizaci\u00f3n y licitaci\u00f3n<\/p>\t\t\t\t\t\t\t\t<\/div>\n\t\t\t\t<\/div>\n\t\t\t\t\t<\/div>\n\t\t<\/div>\n\t\t\t\t\t<\/div>\n\t\t<\/section>\n\t\t\t\t<section class=\"elementor-section elementor-top-section elementor-element elementor-element-e32d6a2 elementor-section-boxed elementor-section-height-default elementor-section-height-default wpr-particle-no wpr-jarallax-no wpr-parallax-no wpr-sticky-section-no\" data-id=\"e32d6a2\" data-element_type=\"section\">\n\t\t\t\t\t\t<div class=\"elementor-container elementor-column-gap-default\">\n\t\t\t\t\t<div class=\"elementor-column elementor-col-100 elementor-top-column elementor-element elementor-element-705218a\" data-id=\"705218a\" data-element_type=\"column\">\n\t\t\t<div class=\"elementor-widget-wrap elementor-element-populated\">\n\t\t\t\t\t\t<div class=\"elementor-element elementor-element-397bda9 elementor-widget elementor-widget-heading\" data-id=\"397bda9\" data-element_type=\"widget\" data-widget_type=\"heading.default\">\n\t\t\t\t<div class=\"elementor-widget-container\">\n\t\t\t\t\t<h1 class=\"elementor-heading-title elementor-size-default\">10.10 Procesos de cotizaci\u00f3n y licitaci\u00f3n<\/h1>\t\t\t\t<\/div>\n\t\t\t\t<\/div>\n\t\t\t\t\t<\/div>\n\t\t<\/div>\n\t\t\t\t\t<\/div>\n\t\t<\/section>\n\t\t\t\t<section class=\"elementor-section elementor-top-section elementor-element elementor-element-fb7ee0d elementor-section-boxed elementor-section-height-default elementor-section-height-default wpr-particle-no wpr-jarallax-no wpr-parallax-no wpr-sticky-section-no\" data-id=\"fb7ee0d\" data-element_type=\"section\">\n\t\t\t\t\t\t<div class=\"elementor-container elementor-column-gap-default\">\n\t\t\t\t\t<div class=\"elementor-column elementor-col-100 elementor-top-column elementor-element elementor-element-116bfaf\" data-id=\"116bfaf\" data-element_type=\"column\">\n\t\t\t<div class=\"elementor-widget-wrap elementor-element-populated\">\n\t\t\t\t\t\t<div class=\"elementor-element elementor-element-e3cddf0 elementor-widget-divider--view-line elementor-widget elementor-widget-divider\" data-id=\"e3cddf0\" data-element_type=\"widget\" data-widget_type=\"divider.default\">\n\t\t\t\t<div class=\"elementor-widget-container\">\n\t\t\t\t\t\t\t<div class=\"elementor-divider\">\n\t\t\t<span class=\"elementor-divider-separator\">\n\t\t\t\t\t\t<\/span>\n\t\t<\/div>\n\t\t\t\t\t\t<\/div>\n\t\t\t\t<\/div>\n\t\t\t\t\t<\/div>\n\t\t<\/div>\n\t\t\t\t\t<\/div>\n\t\t<\/section>\n\t\t\t\t<section class=\"elementor-section elementor-top-section elementor-element elementor-element-857e10c elementor-section-boxed elementor-section-height-default elementor-section-height-default wpr-particle-no wpr-jarallax-no wpr-parallax-no wpr-sticky-section-no\" data-id=\"857e10c\" data-element_type=\"section\">\n\t\t\t\t\t\t<div class=\"elementor-container elementor-column-gap-default\">\n\t\t\t\t\t<div class=\"elementor-column elementor-col-100 elementor-top-column elementor-element elementor-element-e0fb931\" data-id=\"e0fb931\" data-element_type=\"column\">\n\t\t\t<div class=\"elementor-widget-wrap elementor-element-populated\">\n\t\t\t\t\t\t<div class=\"elementor-element elementor-element-b2c6b0b elementor-widget elementor-widget-bdt-accordion\" data-id=\"b2c6b0b\" data-element_type=\"widget\" data-widget_type=\"bdt-accordion.default\">\n\t\t\t\t<div class=\"elementor-widget-container\">\n\t\t\t\t\t        <div class=\"bdt-ep-accordion-container\">\r\n            <div id=\"bdt-ep-accordion-b2c6b0b\" class=\"bdt-ep-accordion bdt-accordion\" data-bdt-accordion=\"{&quot;collapsible&quot;:true,&quot;multiple&quot;:false,&quot;transition&quot;:&quot;ease-in-out&quot;}\" data-settings=\"{&quot;id&quot;:&quot;bdt-ep-accordion-b2c6b0b&quot;,&quot;activeHash&quot;:&quot;no&quot;,&quot;activeScrollspy&quot;:null,&quot;hashTopOffset&quot;:false,&quot;hashScrollspyTime&quot;:false}\">\r\n                                    <div class=\"bdt-ep-accordion-item\">\r\n                        <div class=\"bdt-ep-accordion-title bdt-accordion-title bdt-flex bdt-flex-middle bdt-flex-between\" id=\"bdt-ep-accordion-ao-2026-actualizacin-09042026\" data-accordion-index=\"0\" data-title=\"a-o-2026-actualizaci-n-09-04-2026\" role=\"heading\">\r\n\r\n                                                            <span class=\"bdt-ep-accordion-icon bdt-flex-align-right\" aria-hidden=\"true\">\r\n\r\n                                                                            <span class=\"bdt-ep-accordion-icon-closed\">\r\n                                            <i aria-hidden=\"true\" class=\"fa-fw fas fa-plus\"><\/i>                                        <\/span>\r\n                                    \r\n                                                                            <span class=\"bdt-ep-accordion-icon-opened\">\r\n                                            <i aria-hidden=\"true\" class=\"fa-fw fas fa-minus\"><\/i>                                        <\/span>\r\n                                    \r\n                                <\/span>\r\n                            \r\n                            <span class=\"bdt-ep-title-text bdt-flex bdt-flex-middle\">\r\n\r\n                                                                A\u00f1o 2026 - Actualizaci\u00f3n 09\/04\/2026                            <\/span>\r\n\r\n                        <\/div>\r\n                        <div class=\"bdt-ep-accordion-content bdt-accordion-content\">\r\n                            <ul><li><a href=\"https:\/\/www.maga.gob.gt\/sitios\/uip\/shared-files\/44921\/?1010fonagro-ene26.pdf\">Enero<\/a><\/li><li><a href=\"https:\/\/www.maga.gob.gt\/sitios\/uip\/shared-files\/46978\/?1010fonagro-feb26.pdf\">Febrero<\/a><\/li><li><a href=\"https:\/\/www.maga.gob.gt\/sitios\/uip\/shared-files\/47664\/?1010fonagro-mar26.pdf\">Marzo<\/a><\/li><\/ul>                        <\/div>\r\n                    <\/div>\r\n                                    <div class=\"bdt-ep-accordion-item\">\r\n                        <div class=\"bdt-ep-accordion-title bdt-accordion-title bdt-flex bdt-flex-middle bdt-flex-between\" id=\"bdt-ep-accordion-ao-2025-actualizacin-19012026\" data-accordion-index=\"1\" data-title=\"a-o-2025-actualizaci-n-19-01-2026\" role=\"heading\">\r\n\r\n                                                            <span class=\"bdt-ep-accordion-icon bdt-flex-align-right\" aria-hidden=\"true\">\r\n\r\n                                                                            <span class=\"bdt-ep-accordion-icon-closed\">\r\n                                            <i aria-hidden=\"true\" class=\"fa-fw fas fa-plus\"><\/i>                                        <\/span>\r\n                                    \r\n                                                                            <span class=\"bdt-ep-accordion-icon-opened\">\r\n                                            <i aria-hidden=\"true\" class=\"fa-fw fas fa-minus\"><\/i>                                        <\/span>\r\n                                    \r\n                                <\/span>\r\n                            \r\n                            <span class=\"bdt-ep-title-text bdt-flex bdt-flex-middle\">\r\n\r\n                                                                A\u00f1o 2025 - Actualizaci\u00f3n 19\/01\/2026                            <\/span>\r\n\r\n                        <\/div>\r\n                        <div class=\"bdt-ep-accordion-content bdt-accordion-content\">\r\n                            <ul><li><a href=\"https:\/\/www.maga.gob.gt\/sitios\/uip\/shared-files\/26226\/?10procfo-ene25.pdf\">Enero<\/a><\/li><li><a href=\"https:\/\/www.maga.gob.gt\/sitios\/uip\/shared-files\/27945\/?10procfo-feb25.pdf\">Febrero<\/a><\/li><li><a href=\"https:\/\/www.maga.gob.gt\/sitios\/uip\/shared-files\/30255\/?10procfo-mar25.pdf\">Marzo<\/a><\/li><li><a href=\"https:\/\/www.maga.gob.gt\/sitios\/uip\/shared-files\/31475\/?10procfo-abr25.pdf\">Abril<\/a><\/li><li><a href=\"https:\/\/www.maga.gob.gt\/sitios\/uip\/shared-files\/33041\/?10procfo-may25.pdf\">Mayo<\/a><\/li><li><a href=\"https:\/\/www.maga.gob.gt\/sitios\/uip\/shared-files\/34172\/?1010fonagro-jun25.pdf\">Junio<\/a><\/li><li><a href=\"https:\/\/www.maga.gob.gt\/sitios\/uip\/shared-files\/35366\/?1010fonagro-jul25.pdf\">Julio<\/a><\/li><li><a href=\"https:\/\/www.maga.gob.gt\/sitios\/uip\/shared-files\/36923\/?1010fonagro-ago25.pdf\">Agosto<\/a><\/li><li><a href=\"https:\/\/www.maga.gob.gt\/sitios\/uip\/shared-files\/38546\/?1010fonagro-sep25.pdf\">Septiembre<\/a><\/li><li><a href=\"https:\/\/www.maga.gob.gt\/sitios\/uip\/shared-files\/40642\/?1010fonagro-oct25.pdf\">Octubre<\/a><\/li><li><a href=\"https:\/\/www.maga.gob.gt\/sitios\/uip\/shared-files\/42132\/?1010fonagro-nov25.pdf\">Noviembre<\/a><\/li><li><a href=\"https:\/\/www.maga.gob.gt\/sitios\/uip\/shared-files\/43617\/?1010fonagro-dic25.pdf\">Diciembre<\/a><\/li><\/ul>                        <\/div>\r\n                    <\/div>\r\n                                    <div class=\"bdt-ep-accordion-item\">\r\n                        <div class=\"bdt-ep-accordion-title bdt-accordion-title bdt-flex bdt-flex-middle bdt-flex-between\" id=\"bdt-ep-accordion-ao-2024-actualizacin-22012025\" data-accordion-index=\"2\" data-title=\"a-o-2024-actualizaci-n-22-01-2025\" role=\"heading\">\r\n\r\n                                                            <span class=\"bdt-ep-accordion-icon bdt-flex-align-right\" aria-hidden=\"true\">\r\n\r\n                                                                            <span class=\"bdt-ep-accordion-icon-closed\">\r\n                                            <i aria-hidden=\"true\" class=\"fa-fw fas fa-plus\"><\/i>                                        <\/span>\r\n                                    \r\n                                                                            <span class=\"bdt-ep-accordion-icon-opened\">\r\n                                            <i aria-hidden=\"true\" class=\"fa-fw fas fa-minus\"><\/i>                                        <\/span>\r\n                                    \r\n                                <\/span>\r\n                            \r\n                            <span class=\"bdt-ep-title-text bdt-flex bdt-flex-middle\">\r\n\r\n                                                                A\u00f1o 2024 - Actualizaci\u00f3n 22\/01\/2025                            <\/span>\r\n\r\n                        <\/div>\r\n                        <div class=\"bdt-ep-accordion-content bdt-accordion-content\">\r\n                            <ul><li><a href=\"https:\/\/www.maga.gob.gt\/sitios\/uip\/shared-files\/25321\/?10procfo-ene24.pdf\">Enero<\/a><\/li><li><a href=\"https:\/\/www.maga.gob.gt\/sitios\/uip\/shared-files\/25322\/?10procfo-feb24.pdf\">Febrero<\/a><\/li><li><a href=\"https:\/\/www.maga.gob.gt\/sitios\/uip\/shared-files\/25323\/?10procfo-mar24.pdf\">Marzo<\/a><\/li><li><a href=\"https:\/\/www.maga.gob.gt\/sitios\/uip\/wp-content\/uploads\/2024\/05\/10procfo-abr24.pdf\">Abril<\/a><\/li><li><a href=\"https:\/\/www.maga.gob.gt\/sitios\/uip\/wp-content\/uploads\/2024\/06\/10procfo-may24.pdf\">Mayo<\/a><\/li><li><a href=\"https:\/\/www.maga.gob.gt\/sitios\/uip\/shared-files\/16096\/?10procfo-jun24.pdf\">Junio<\/a><\/li><li><a href=\"https:\/\/www.maga.gob.gt\/sitios\/uip\/shared-files\/17318\/?10procfo-jul24.pdf\">Julio<\/a><\/li><li><a href=\"https:\/\/www.maga.gob.gt\/sitios\/uip\/shared-files\/18560\/?10procfo-ago24.pdf\">Agosto<\/a><\/li><li><a href=\"https:\/\/www.maga.gob.gt\/sitios\/uip\/shared-files\/19895\/?10procfo-sep24.pdf\">Septiembre<\/a><\/li><li><a href=\"https:\/\/www.maga.gob.gt\/sitios\/uip\/shared-files\/21467\/?10procfo-oct24.pdf\">Octubre<\/a><\/li><li><a href=\"https:\/\/www.maga.gob.gt\/sitios\/uip\/shared-files\/22544\/?10procfo-nov24.pdf\">Noviembre<\/a><\/li><li><a href=\"https:\/\/www.maga.gob.gt\/sitios\/uip\/shared-files\/24572\/?10procfo-dic24.pdf\">Diciembre<\/a><\/li><\/ul>                        <\/div>\r\n                    <\/div>\r\n                                    <div class=\"bdt-ep-accordion-item\">\r\n                        <div class=\"bdt-ep-accordion-title bdt-accordion-title bdt-flex bdt-flex-middle bdt-flex-between\" id=\"bdt-ep-accordion-ao-2023-actualizacin-23012024\" data-accordion-index=\"3\" data-title=\"a-o-2023-actualizaci-n-23-01-2024\" role=\"heading\">\r\n\r\n                                                            <span class=\"bdt-ep-accordion-icon bdt-flex-align-right\" aria-hidden=\"true\">\r\n\r\n                                                                            <span class=\"bdt-ep-accordion-icon-closed\">\r\n                                            <i aria-hidden=\"true\" class=\"fa-fw fas fa-plus\"><\/i>                                        <\/span>\r\n                                    \r\n                                                                            <span class=\"bdt-ep-accordion-icon-opened\">\r\n                                            <i aria-hidden=\"true\" class=\"fa-fw fas fa-minus\"><\/i>                                        <\/span>\r\n                                    \r\n                                <\/span>\r\n                            \r\n                            <span class=\"bdt-ep-title-text bdt-flex bdt-flex-middle\">\r\n\r\n                                                                A\u00f1o 2023 - Actualizaci\u00f3n 23\/01\/2024                            <\/span>\r\n\r\n                        <\/div>\r\n                        <div class=\"bdt-ep-accordion-content bdt-accordion-content\">\r\n                            <ul><li>No aplica (<a href=\"https:\/\/www.maga.gob.gt\/sitios\/uip\/wp-content\/uploads\/2024\/01\/10procfo-dic23.pdf\">Ver justificaci\u00f3n<\/a>)<\/li><\/ul>                        <\/div>\r\n                    <\/div>\r\n                                    <div class=\"bdt-ep-accordion-item\">\r\n                        <div class=\"bdt-ep-accordion-title bdt-accordion-title bdt-flex bdt-flex-middle bdt-flex-between\" id=\"bdt-ep-accordion-ao-2022-actualizacin-14022023\" data-accordion-index=\"4\" data-title=\"a-o-2022-actualizaci-n-14-02-2023\" role=\"heading\">\r\n\r\n                                                            <span class=\"bdt-ep-accordion-icon bdt-flex-align-right\" aria-hidden=\"true\">\r\n\r\n                                                                            <span class=\"bdt-ep-accordion-icon-closed\">\r\n                                            <i aria-hidden=\"true\" class=\"fa-fw fas fa-plus\"><\/i>                                        <\/span>\r\n                                    \r\n                                                                            <span class=\"bdt-ep-accordion-icon-opened\">\r\n                                            <i aria-hidden=\"true\" class=\"fa-fw fas fa-minus\"><\/i>                                        <\/span>\r\n                                    \r\n                                <\/span>\r\n                            \r\n                            <span class=\"bdt-ep-title-text bdt-flex bdt-flex-middle\">\r\n\r\n                                                                A\u00f1o 2022 - Actualizaci\u00f3n 14\/02\/2023                            <\/span>\r\n\r\n                        <\/div>\r\n                        <div class=\"bdt-ep-accordion-content bdt-accordion-content\">\r\n                            <ul><li>No aplica (<a href=\"https:\/\/www.maga.gob.gt\/download\/10procfo-nov22.pdf\">Ver justificaci\u00f3n<\/a>)<\/li><\/ul>                        <\/div>\r\n                    <\/div>\r\n                                    <div class=\"bdt-ep-accordion-item\">\r\n                        <div class=\"bdt-ep-accordion-title bdt-accordion-title bdt-flex bdt-flex-middle bdt-flex-between\" id=\"bdt-ep-accordion-ao-2021-actualizacin-260122\" data-accordion-index=\"5\" data-title=\"a-o-2021-actualizaci-n-26-01-22\" role=\"heading\">\r\n\r\n                                                            <span class=\"bdt-ep-accordion-icon bdt-flex-align-right\" aria-hidden=\"true\">\r\n\r\n                                                                            <span class=\"bdt-ep-accordion-icon-closed\">\r\n                                            <i aria-hidden=\"true\" class=\"fa-fw fas fa-plus\"><\/i>                                        <\/span>\r\n                                    \r\n                                                                            <span class=\"bdt-ep-accordion-icon-opened\">\r\n                                            <i aria-hidden=\"true\" class=\"fa-fw fas fa-minus\"><\/i>                                        <\/span>\r\n                                    \r\n                                <\/span>\r\n                            \r\n                            <span class=\"bdt-ep-title-text bdt-flex bdt-flex-middle\">\r\n\r\n                                                                A\u00f1o 2021 - Actualizaci\u00f3n 26\/01\/22                            <\/span>\r\n\r\n                        <\/div>\r\n                        <div class=\"bdt-ep-accordion-content bdt-accordion-content\">\r\n                            <ul><li>No aplica (<a href=\"https:\/\/www.maga.gob.gt\/download\/10procfo-dic21.zip\">Ver justificaci\u00f3n<\/a>)<\/li><\/ul>                        <\/div>\r\n                    <\/div>\r\n                                    <div class=\"bdt-ep-accordion-item\">\r\n                        <div class=\"bdt-ep-accordion-title bdt-accordion-title bdt-flex bdt-flex-middle bdt-flex-between\" id=\"bdt-ep-accordion-ao-2020-actualizacin-200121\" data-accordion-index=\"6\" data-title=\"a-o-2020-actualizaci-n-20-01-21\" role=\"heading\">\r\n\r\n                                                            <span class=\"bdt-ep-accordion-icon bdt-flex-align-right\" aria-hidden=\"true\">\r\n\r\n                                                                            <span class=\"bdt-ep-accordion-icon-closed\">\r\n                                            <i aria-hidden=\"true\" class=\"fa-fw fas fa-plus\"><\/i>                                        <\/span>\r\n                                    \r\n                                                                            <span class=\"bdt-ep-accordion-icon-opened\">\r\n                                            <i aria-hidden=\"true\" class=\"fa-fw fas fa-minus\"><\/i>                                        <\/span>\r\n                                    \r\n                                <\/span>\r\n                            \r\n                            <span class=\"bdt-ep-title-text bdt-flex bdt-flex-middle\">\r\n\r\n                                                                A\u00f1o 2020 - Actualizaci\u00f3n 20\/01\/21                            <\/span>\r\n\r\n                        <\/div>\r\n                        <div class=\"bdt-ep-accordion-content bdt-accordion-content\">\r\n                            <ul><li>No aplica (<a href=\"https:\/\/www.maga.gob.gt\/download\/10procl-dic20.pdf\">Ver justificaci\u00f3n<\/a>)<\/li><\/ul>                        <\/div>\r\n                    <\/div>\r\n                                    <div class=\"bdt-ep-accordion-item\">\r\n                        <div class=\"bdt-ep-accordion-title bdt-accordion-title bdt-flex bdt-flex-middle bdt-flex-between\" id=\"bdt-ep-accordion-ao-2019-actualizacin-170120\" data-accordion-index=\"7\" data-title=\"a-o-2019-actualizaci-n-17-01-20\" role=\"heading\">\r\n\r\n                                                            <span class=\"bdt-ep-accordion-icon bdt-flex-align-right\" aria-hidden=\"true\">\r\n\r\n                                                                            <span class=\"bdt-ep-accordion-icon-closed\">\r\n                                            <i aria-hidden=\"true\" class=\"fa-fw fas fa-plus\"><\/i>                                        <\/span>\r\n                                    \r\n                                                                            <span class=\"bdt-ep-accordion-icon-opened\">\r\n                                            <i aria-hidden=\"true\" class=\"fa-fw fas fa-minus\"><\/i>                                        <\/span>\r\n                                    \r\n                                <\/span>\r\n                            \r\n                            <span class=\"bdt-ep-title-text bdt-flex bdt-flex-middle\">\r\n\r\n                                                                A\u00f1o 2019 - Actualizaci\u00f3n 17\/01\/20                            <\/span>\r\n\r\n                        <\/div>\r\n                        <div class=\"bdt-ep-accordion-content bdt-accordion-content\">\r\n                            <ul><li>No aplica (<a href=\"https:\/\/www.maga.gob.gt\/download\/10prcl-dic19.pdf\">Ver justificaci\u00f3n<\/a>)<\/li><\/ul>                        <\/div>\r\n                    <\/div>\r\n                            <\/div>\r\n        <\/div>\r\n    \t\t\t\t<\/div>\n\t\t\t\t<\/div>\n\t\t\t\t\t<\/div>\n\t\t<\/div>\n\t\t\t\t\t<\/div>\n\t\t<\/section>\n\t\t\t\t<\/div>\n\t\t","protected":false},"excerpt":{"rendered":"<p>Articulo 10 FONAGRO \/ 10.10 Procesos de cotizaci\u00f3n y licitaci\u00f3n 10.10 Procesos de cotizaci\u00f3n y licitaci\u00f3n A\u00f1o 2026 &#8211; Actualizaci\u00f3n 09\/04\/2026 Enero Febrero Marzo A\u00f1o 2025 &#8211; Actualizaci\u00f3n 19\/01\/2026 Enero Febrero Marzo Abril Mayo Junio Julio Agosto Septiembre Octubre Noviembre Diciembre A\u00f1o 2024 &#8211; Actualizaci\u00f3n 22\/01\/2025 Enero Febrero Marzo Abril Mayo Junio Julio Agosto Septiembre Octubre Noviembre Diciembre A\u00f1o 2023 &#8211; Actualizaci\u00f3n 23\/01\/2024 No aplica (Ver justificaci\u00f3n) A\u00f1o 2022 &#8211; Actualizaci\u00f3n 14\/02\/2023 No aplica (Ver justificaci\u00f3n) A\u00f1o 2021 &#8211; Actualizaci\u00f3n 26\/01\/22 No aplica (Ver justificaci\u00f3n) A\u00f1o 2020 &#8211; Actualizaci\u00f3n 20\/01\/21 No aplica (Ver justificaci\u00f3n) A\u00f1o 2019 &#8211; Actualizaci\u00f3n 17\/01\/20 No aplica (Ver justificaci\u00f3n)<\/p>\n","protected":false},"author":2,"featured_media":0,"parent":0,"menu_order":0,"comment_status":"closed","ping_status":"closed","template":"","meta":{"_kad_post_transparent":"default","_kad_post_title":"hide","_kad_post_layout":"fullwidth","_kad_post_sidebar_id":"","_kad_post_content_style":"unboxed","_kad_post_vertical_padding":"hide","_kad_post_feature":"hide","_kad_post_feature_position":"","_kad_post_header":false,"_kad_post_footer":false,"footnotes":""},"class_list":["post-2298","page","type-page","status-publish","hentry"],"_links":{"self":[{"href":"https:\/\/www.maga.gob.gt\/sitios\/uip\/wp-json\/wp\/v2\/pages\/2298","targetHints":{"allow":["GET"]}}],"collection":[{"href":"https:\/\/www.maga.gob.gt\/sitios\/uip\/wp-json\/wp\/v2\/pages"}],"about":[{"href":"https:\/\/www.maga.gob.gt\/sitios\/uip\/wp-json\/wp\/v2\/types\/page"}],"author":[{"embeddable":true,"href":"https:\/\/www.maga.gob.gt\/sitios\/uip\/wp-json\/wp\/v2\/users\/2"}],"replies":[{"embeddable":true,"href":"https:\/\/www.maga.gob.gt\/sitios\/uip\/wp-json\/wp\/v2\/comments?post=2298"}],"version-history":[{"count":121,"href":"https:\/\/www.maga.gob.gt\/sitios\/uip\/wp-json\/wp\/v2\/pages\/2298\/revisions"}],"predecessor-version":[{"id":47668,"href":"https:\/\/www.maga.gob.gt\/sitios\/uip\/wp-json\/wp\/v2\/pages\/2298\/revisions\/47668"}],"wp:attachment":[{"href":"https:\/\/www.maga.gob.gt\/sitios\/uip\/wp-json\/wp\/v2\/media?parent=2298"}],"curies":[{"name":"wp","href":"https:\/\/api.w.org\/{rel}","templated":true}]}}