{"id":291,"date":"2015-04-15T08:40:18","date_gmt":"2015-04-15T14:40:18","guid":{"rendered":"http:\/\/web.maga.gob.gt\/diplan\/?page_id=291"},"modified":"2018-12-08T20:21:54","modified_gmt":"2018-12-09T02:21:54","slug":"datos-abiertos","status":"publish","type":"page","link":"https:\/\/www.maga.gob.gt\/sitios\/diplan\/datos-abiertos\/","title":{"rendered":"Datos abiertos"},"content":{"rendered":"<blockquote><p><em>Los datos abiertos son datos que pueden ser utilizados, reutilizados y redistribuidos libremente por cualquier persona, y que se encuentran sujetos, cuando m\u00e1s, al requerimiento de atribuci\u00f3n y de compartirse de la misma manera en que aparecen.<sup><a href=\"http:\/\/opendatahandbook.org\/guide\/es\/what-is-open-data\/\" target=\"_blank\">1<\/a><\/sup><\/em><\/p><\/blockquote>\n<p>A continuaci\u00f3n encontrar\u00e1 los conjuntos de datos liberados por Planeamiento en formato CSV y JSON. Tambi\u00e9n se encuentran disponibles los datos de monitoreo de cultivos v\u00eda <a href=\"http:\/\/smc.siinsan.gob.gt\/maga\/menu_publico.jsp\" target=\"_blank\">formularios interactivos<\/a>. Adem\u00e1s puede <a title=\"B\u00fasqueda de documentos\" href=\"https:\/\/www.maga.gob.gt\/sitios\/diplan\/datos-abiertos\/busqueda-de-documentos\/\" target=\"_blank\">buscar en el archivo<\/a> de este sitio los documentos publicados. Por \u00faltimo, puede <a href=\"http:\/\/precios.maga.gob.gt\/\" target=\"_blank\">generar gr\u00e1ficos y comparar series<\/a> de precios de productos que le servir\u00e1 para hacer an\u00e1lisis.<\/p>\n<div class=\"wpfilebase-attachment\">\r\n <div class=\"wpfilebase-fileicon\"><a href=\"https:\/\/www.maga.gob.gt\/sitios\/diplan\/download\/datos-abiertos\/Precios%20mensuales%20de%20diversos%20productos%20agr\u00edcolas%20en%20Guatemala%20a%20Julio%202018%20CSV.zip\" title=\"Download Precios Mensuales De Diversos Productos Agr\u00edcolas En Guatemala - Actualizado a Julio 2018 CSV\"><img align=\"middle\" src=\"https:\/\/www.maga.gob.gt\/sitios\/diplan\/?wpfilebase_thumbnail=1&amp;fid=189&amp;name=thumb_csv-128x128.png\" alt=\"Precios Mensuales De Diversos Productos Agr\u00edcolas En Guatemala - Actualizado a Julio 2018 CSV\" \/><\/a><\/div>\r\n <div class=\"wpfilebase-rightcol\">\r\n  <div class=\"wpfilebase-filetitle\">\r\n   <a href=\"https:\/\/www.maga.gob.gt\/sitios\/diplan\/download\/datos-abiertos\/Precios%20mensuales%20de%20diversos%20productos%20agr\u00edcolas%20en%20Guatemala%20a%20Julio%202018%20CSV.zip\" title=\"Download Precios Mensuales De Diversos Productos Agr\u00edcolas En Guatemala - Actualizado a Julio 2018 CSV\">Precios Mensuales De Diversos Productos Agr\u00edcolas En Guatemala - Actualizado a Julio 2018 CSV<\/a><br \/>\r\n   Precios mensuales de diversos productos agr\u00edcolas en Guatemala a Julio 2018 CSV.zip<br \/>\r\n   \r\n   \r\n  <\/div>\r\n  <div class=\"wpfilebase-filedetails\" id=\"wpfilebase-filedetails1\" style=\"display: none;\">\r\n  <p><\/p>\r\n  <table border=\"0\">\r\n   \r\n   \r\n   \r\n   \r\n   <tr><td><strong>Category:<\/strong><\/td><td>Datos abiertos<\/td><\/tr>\r\n   \r\n   <tr><td><strong>Fecha:<\/strong><\/td><td>agosto 3, 2018<\/td><\/tr>\r\n   \n  <\/table>\r\n  <\/div>\r\n <\/div>\r\n <div class=\"wpfilebase-fileinfo\">\r\n  0.1 MiB<br \/>\r\n  214 Downloads<br \/>\r\n  <a href=\"#\" onclick=\"return wpfilebase_filedetails(1);\">Details...<\/a>\r\n <\/div>\r\n <div style=\"clear: both;\"><\/div>\r\n<\/div><div class=\"wpfilebase-attachment\">\r\n <div class=\"wpfilebase-fileicon\"><a href=\"https:\/\/www.maga.gob.gt\/sitios\/diplan\/download\/datos-abiertos\/Precios%20mensuales%20de%20diversos%20productos%20agr\u00edcolas%20en%20Guatemala%20a%20Julio%202018%20JSON.zip\" title=\"Download Precios Mensuales De Diversos Productos Agr\u00edcolas En Guatemala - Actualizado a Julio 2018 JSON\"><img align=\"middle\" src=\"https:\/\/www.maga.gob.gt\/sitios\/diplan\/?wpfilebase_thumbnail=1&amp;fid=188&amp;name=thumb_json-128x128.png\" alt=\"Precios Mensuales De Diversos Productos Agr\u00edcolas En Guatemala - Actualizado a Julio 2018 JSON\" \/><\/a><\/div>\r\n <div class=\"wpfilebase-rightcol\">\r\n  <div class=\"wpfilebase-filetitle\">\r\n   <a href=\"https:\/\/www.maga.gob.gt\/sitios\/diplan\/download\/datos-abiertos\/Precios%20mensuales%20de%20diversos%20productos%20agr\u00edcolas%20en%20Guatemala%20a%20Julio%202018%20JSON.zip\" title=\"Download Precios Mensuales De Diversos Productos Agr\u00edcolas En Guatemala - Actualizado a Julio 2018 JSON\">Precios Mensuales De Diversos Productos Agr\u00edcolas En Guatemala - Actualizado a Julio 2018 JSON<\/a><br \/>\r\n   Precios mensuales de diversos productos agr\u00edcolas en Guatemala a Julio 2018 JSON.zip<br \/>\r\n   \r\n   \r\n  <\/div>\r\n  <div class=\"wpfilebase-filedetails\" id=\"wpfilebase-filedetails2\" style=\"display: none;\">\r\n  <p><\/p>\r\n  <table border=\"0\">\r\n   \r\n   \r\n   \r\n   \r\n   <tr><td><strong>Category:<\/strong><\/td><td>Datos abiertos<\/td><\/tr>\r\n   \r\n   <tr><td><strong>Fecha:<\/strong><\/td><td>agosto 3, 2018<\/td><\/tr>\r\n   \n  <\/table>\r\n  <\/div>\r\n <\/div>\r\n <div class=\"wpfilebase-fileinfo\">\r\n  0.2 MiB<br \/>\r\n  119 Downloads<br \/>\r\n  <a href=\"#\" onclick=\"return wpfilebase_filedetails(2);\">Details...<\/a>\r\n <\/div>\r\n <div style=\"clear: both;\"><\/div>\r\n<\/div>\n","protected":false},"excerpt":{"rendered":"<p>Los datos abiertos son datos que pueden ser utilizados, reutilizados y redistribuidos libremente por cualquier persona, y que se encuentran sujetos, cuando m\u00e1s, al requerimiento de atribuci\u00f3n y de compartirse de la misma manera en que aparecen.1 A continuaci\u00f3n encontrar\u00e1 los conjuntos de datos liberados por Planeamiento en formato CSV y JSON. Tambi\u00e9n se encuentran [&hellip;]<\/p>\n","protected":false},"author":10,"featured_media":0,"parent":0,"menu_order":0,"comment_status":"closed","ping_status":"closed","template":"","meta":[],"_links":{"self":[{"href":"https:\/\/www.maga.gob.gt\/sitios\/diplan\/wp-json\/wp\/v2\/pages\/291"}],"collection":[{"href":"https:\/\/www.maga.gob.gt\/sitios\/diplan\/wp-json\/wp\/v2\/pages"}],"about":[{"href":"https:\/\/www.maga.gob.gt\/sitios\/diplan\/wp-json\/wp\/v2\/types\/page"}],"author":[{"embeddable":true,"href":"https:\/\/www.maga.gob.gt\/sitios\/diplan\/wp-json\/wp\/v2\/users\/10"}],"replies":[{"embeddable":true,"href":"https:\/\/www.maga.gob.gt\/sitios\/diplan\/wp-json\/wp\/v2\/comments?post=291"}],"version-history":[{"count":3,"href":"https:\/\/www.maga.gob.gt\/sitios\/diplan\/wp-json\/wp\/v2\/pages\/291\/revisions"}],"predecessor-version":[{"id":9577,"href":"https:\/\/www.maga.gob.gt\/sitios\/diplan\/wp-json\/wp\/v2\/pages\/291\/revisions\/9577"}],"wp:attachment":[{"href":"https:\/\/www.maga.gob.gt\/sitios\/diplan\/wp-json\/wp\/v2\/media?parent=291"}],"curies":[{"name":"wp","href":"https:\/\/api.w.org\/{rel}","templated":true}]}}