{"id":1000,"date":"2017-07-14T11:05:54","date_gmt":"2017-07-14T17:05:54","guid":{"rendered":"http:\/\/web.maga.gob.gt\/diplan\/?page_id=1000"},"modified":"2017-07-14T11:05:54","modified_gmt":"2017-07-14T17:05:54","slug":"metodologia","status":"publish","type":"page","link":"https:\/\/www.maga.gob.gt\/sitios\/diplan\/metodologia\/","title":{"rendered":"Metodolog\u00eda de recolecci\u00f3n de precios"},"content":{"rendered":"<p>El Ministerio de Agricultura, Ganader\u00eda y Alimentaci\u00f3n \u2013MAGA- cuenta con el Sistema de Informaci\u00f3n de Mercados \u2013SIM\u2013, que es administrado y operado por Planeamiento.<\/p>\n<p>Este Sistema es un conjunto de subsistemas y bases de datos, dirigidos a registrar, procesar y analizar la informaci\u00f3n de precios y mercados de productos agropecuarios. Es el mecanismo que utiliza el MAGA para obtener informaci\u00f3n precisa y oportuna, con el fin de alcanzar sus objetivos en forma eficiente y eficaz, al disponer de datos confiables.<\/p>\n<p>El proceso de alimentaci\u00f3n del SIM se inicia con la captura informaci\u00f3n sobre los precios diarios. Para ello, los t\u00e9cnicos de Diplan responsables de la investigaci\u00f3n de mercados utilizan la encuesta como m\u00e9todo de recolecci\u00f3n de informaci\u00f3n, mediante las visitas que hacen a diferentes mercados capitalinos los d\u00edas de abastecimiento.<\/p>\n<p>Los t\u00e9cnicos de la Direcci\u00f3n de Coordinaci\u00f3n Regional y Extensi\u00f3n Rural \u2013Dicorer\u2013, del MAGA, son los encargados de capturar y procesar la informaci\u00f3n de precios pagados por el consumidor, en su jurisdicci\u00f3n departamental, la cual deben reportarla a Diplan para la consolidaci\u00f3n, procesamiento y an\u00e1lisis de datos. Luego, es remitida nuevamente a las sedes departamentales para su divulgaci\u00f3n. Los t\u00e9cnicos departamentales participan constantemente en programas de capacitaci\u00f3n y actualizaci\u00f3n a fin de garantizar el eficiente funcionamiento del SIM.<\/p>\n<p>El trabajo que realizan los t\u00e9cnicos investigadores de mercado, se efect\u00faa durante los d\u00edas de formaci\u00f3n de precios (cuando ocurre la mayor concentraci\u00f3n de productos), a nivel de actores de la cadena comercial, previamente seleccionados de acuerdo con su influencia en el mercado. Los precios son expresados en t\u00e9rminos reales, o sea los precios en el momento del levantamiento de la informaci\u00f3n. En la Ciudad de Guatemala, se visitan los principales mercados de referencia: La Terminal, zona 4 (granos b\u00e1sicos, frutas, hortalizas e hidrobiol\u00f3gicos); Central de Mayoreo, zona 12 (frutas y hortalizas), y dep\u00f3sitos de la 21 calle, zona 1 (granos b\u00e1sicos). Los d\u00edas lunes, mi\u00e9rcoles y viernes se monitorean granos b\u00e1sicos, hortalizas y frutas; los d\u00edas martes y jueves, pecuarios e hidrobiol\u00f3gicos; los martes, las especias, condimentos y otros. Para el MAGA es prioridad los precios en que venden los mayoristas.<\/p>\n<p>En el caso de los precios pagados por el consumidor a nivel departamental, estos son recopilados en los principales mercados de las cabeceras departamentales, por los t\u00e9cnicos de Dicorer.<\/p>\n<p>Cabe se\u00f1alar, que el Instituto Nacional de Estad\u00edstica \u2013INE\u2013 ha revisado la metodolog\u00eda aplicada, manifestando que no interfiere en el procedimiento para el c\u00e1lculo del \u00cdndice de Precios al Consumidor. Es as\u00ed como a trav\u00e9s del SIM se generan informes semanales de precios promedio, cuyos datos se van integrando para generar los precios promedio.<\/p>\n","protected":false},"excerpt":{"rendered":"<p>El Ministerio de Agricultura, Ganader\u00eda y Alimentaci\u00f3n \u2013MAGA- cuenta con el Sistema de Informaci\u00f3n de Mercados \u2013SIM\u2013, que es administrado y operado por Planeamiento. Este Sistema es un conjunto de subsistemas y bases de datos, dirigidos a registrar, procesar y analizar la informaci\u00f3n de precios y mercados de productos agropecuarios. Es el mecanismo que utiliza [&hellip;]<\/p>\n","protected":false},"author":10,"featured_media":0,"parent":0,"menu_order":0,"comment_status":"closed","ping_status":"closed","template":"page-full.php","meta":[],"_links":{"self":[{"href":"https:\/\/www.maga.gob.gt\/sitios\/diplan\/wp-json\/wp\/v2\/pages\/1000"}],"collection":[{"href":"https:\/\/www.maga.gob.gt\/sitios\/diplan\/wp-json\/wp\/v2\/pages"}],"about":[{"href":"https:\/\/www.maga.gob.gt\/sitios\/diplan\/wp-json\/wp\/v2\/types\/page"}],"author":[{"embeddable":true,"href":"https:\/\/www.maga.gob.gt\/sitios\/diplan\/wp-json\/wp\/v2\/users\/10"}],"replies":[{"embeddable":true,"href":"https:\/\/www.maga.gob.gt\/sitios\/diplan\/wp-json\/wp\/v2\/comments?post=1000"}],"version-history":[{"count":0,"href":"https:\/\/www.maga.gob.gt\/sitios\/diplan\/wp-json\/wp\/v2\/pages\/1000\/revisions"}],"wp:attachment":[{"href":"https:\/\/www.maga.gob.gt\/sitios\/diplan\/wp-json\/wp\/v2\/media?parent=1000"}],"curies":[{"name":"wp","href":"https:\/\/api.w.org\/{rel}","templated":true}]}}